{"id":46351,"date":"2022-09-06T18:03:14","date_gmt":"2022-10-05T00:01:49","guid":{"rendered":"https:\/\/diamant-strass-dmc.com\/perles-broderie\/3-gorgo-ragasztohenger\/"},"modified":"2023-01-18T02:36:08","modified_gmt":"2023-01-18T01:36:08","slug":"roulette-broderie-diamond-festes","status":"publish","type":"product","link":"https:\/\/diamant-strass-dmc.com\/hu\/perles-broderie\/roulette-broderie-diamond-festes\/","title":{"rendered":"3 g\u00f6rg\u0151 + ragaszt\u00f3henger"},"content":{"rendered":"<p>1\/ <strong>R\u00f6gz\u00edtsen egy darab ragaszt\u00f3szalagot<\/strong> a ker\u00e9k k\u00f6r\u00e9;<br \/>\n2\/ Gur\u00edtsd a kereket a t\u00e1lc\u00e1n, hogy <strong>megragadd a gy\u00e9m\u00e1ntokat<\/strong>;<br \/>\n3\/ Tekerje a hengert a v\u00e1szonra a <strong>gy\u00e9m\u00e1ntok felragaszt\u00e1s\u00e1hoz<\/strong>.<\/p>\n<p>Helyezzen el t\u00f6bb gy\u00e9m\u00e1ntot a k\u00e9szletben tal\u00e1lhat\u00f3, 3 k\u00fcl\u00f6nb\u00f6z\u0151 \u00e1tm\u00e9r\u0151j\u0171 g\u00f6rg\u0151vel, az \u00d6n ig\u00e9nyeinek megfelel\u0151en (min\u00e9l nagyobb a g\u00f6rg\u0151, ann\u00e1l t\u00f6bb gy\u00e9m\u00e1ntot helyezhet el).<\/p>\n<p>A g\u00f6rg\u0151k csavarmenettel vannak szil\u00e1rdan r\u00f6gz\u00edtve az ors\u00f3juk v\u00e9g\u00e9hez, \u00e9s 3 ors\u00f3t sz\u00e1ll\u00edtunk, \u00edgy a k\u00fcl\u00f6nb\u00f6z\u0151 m\u00e9ret\u0171 g\u00f6rg\u0151ket an\u00e9lk\u00fcl \u00e9lvezheti, hogy minden alkalommal sz\u00e9t kellene szerelnie \u0151ket.<\/p>\n<p>A g\u00f6rg\u0151k sz\u00e9less\u00e9g\u00e9nek megfelel\u0151 tekercs ragaszt\u00f3szalagot is mell\u00e9kelnek.<\/p>\n<p><strong>A rulettker\u00e9k gyakorl\u00e1st ig\u00e9nyel, de ha egyszer elsaj\u00e1t\u00edtottad, nem fogsz tudni meglenni n\u00e9lk\u00fcle!<\/strong><\/p>\n","protected":false},"excerpt":{"rendered":"<p><strong>Ez a k\u00e9szlet a k\u00f6vetkez\u0151ket tartalmazza:<\/strong><\/p>\n<ul>\n<li><strong>3 g\u00f6rg\u0151<\/strong> (3 cm, 4 cm \u00e9s 5 cm \u00e1tm\u00e9r\u0151j\u0171) ;<\/li>\n<li><strong>3 r\u00fad<\/strong> a jav\u00edt\u00e1sukhoz;<\/li>\n<li><strong>1 tekercs ragaszt\u00f3szalag<\/strong>.<\/li>\n<\/ul>\n","protected":false},"featured_media":44340,"template":"","meta":{"footnotes":""},"product_brand":[],"product_cat":[7183],"class_list":{"0":"post-46351","1":"product","2":"type-product","3":"status-publish","4":"has-post-thumbnail","6":"product_cat-kiegeszitok","8":"first","9":"instock","10":"sale","11":"taxable","12":"shipping-taxable","13":"purchasable","14":"product-type-simple"},"aioseo_notices":[],"_links":{"self":[{"href":"https:\/\/diamant-strass-dmc.com\/hu\/wp-json\/wp\/v2\/product\/46351","targetHints":{"allow":["GET"]}}],"collection":[{"href":"https:\/\/diamant-strass-dmc.com\/hu\/wp-json\/wp\/v2\/product"}],"about":[{"href":"https:\/\/diamant-strass-dmc.com\/hu\/wp-json\/wp\/v2\/types\/product"}],"version-history":[{"count":0,"href":"https:\/\/diamant-strass-dmc.com\/hu\/wp-json\/wp\/v2\/product\/46351\/revisions"}],"wp:featuredmedia":[{"embeddable":true,"href":"https:\/\/diamant-strass-dmc.com\/hu\/wp-json\/wp\/v2\/media\/44340"}],"wp:attachment":[{"href":"https:\/\/diamant-strass-dmc.com\/hu\/wp-json\/wp\/v2\/media?parent=46351"}],"wp:term":[{"taxonomy":"product_brand","embeddable":true,"href":"https:\/\/diamant-strass-dmc.com\/hu\/wp-json\/wp\/v2\/product_brand?post=46351"},{"taxonomy":"product_cat","embeddable":true,"href":"https:\/\/diamant-strass-dmc.com\/hu\/wp-json\/wp\/v2\/product_cat?post=46351"}],"curies":[{"name":"wp","href":"https:\/\/api.w.org\/{rel}","templated":true}]}}