{"id":46315,"date":"2022-09-22T02:40:14","date_gmt":"2022-10-05T00:01:42","guid":{"rendered":"https:\/\/diamant-strass-dmc.com\/perles-broderie\/10-tapadasmentes-vaszonfedel-lap\/"},"modified":"2024-09-16T15:33:53","modified_gmt":"2024-09-16T13:33:53","slug":"antiadhesive-sheets-cover-toile","status":"publish","type":"product","link":"https:\/\/diamant-strass-dmc.com\/hu\/perles-broderie\/antiadhesive-sheets-cover-toile\/","title":{"rendered":"Tapad\u00e1smentes lapok v\u00e1szonbor\u00edt\u00f3khoz"},"content":{"rendered":"<p>\u00dajra \u00e9s <strong>\u00fajra<\/strong> leh\u00fazhat\u00f3 \u00e9s felragaszthat\u00f3.<br \/>\nSokkal hat\u00e9konyabb \u00e9s kellemesebb, mert kisebb ter\u00fcleteken dolgozhat<strong> an\u00e9lk\u00fcl, hogy akad\u00e1lyozn\u00e1<\/strong> az eredeti nagy lap, amely v\u00e9g\u00fcl gyakran nem ragad. <\/p>\n","protected":false},"excerpt":{"rendered":"<p style=\"display:none;\">ok<\/p>\n","protected":false},"featured_media":45362,"template":"","meta":{"footnotes":""},"product_brand":[],"product_cat":[7183,7286],"class_list":{"0":"post-46315","1":"product","2":"type-product","3":"status-publish","4":"has-post-thumbnail","6":"product_cat-kiegeszitok","7":"product_cat-promo-hu","9":"first","10":"instock","11":"sale","12":"taxable","13":"shipping-taxable","14":"purchasable","15":"product-type-variable","16":"has-default-attributes"},"aioseo_notices":[],"_links":{"self":[{"href":"https:\/\/diamant-strass-dmc.com\/hu\/wp-json\/wp\/v2\/product\/46315","targetHints":{"allow":["GET"]}}],"collection":[{"href":"https:\/\/diamant-strass-dmc.com\/hu\/wp-json\/wp\/v2\/product"}],"about":[{"href":"https:\/\/diamant-strass-dmc.com\/hu\/wp-json\/wp\/v2\/types\/product"}],"version-history":[{"count":1,"href":"https:\/\/diamant-strass-dmc.com\/hu\/wp-json\/wp\/v2\/product\/46315\/revisions"}],"predecessor-version":[{"id":76933,"href":"https:\/\/diamant-strass-dmc.com\/hu\/wp-json\/wp\/v2\/product\/46315\/revisions\/76933"}],"wp:featuredmedia":[{"embeddable":true,"href":"https:\/\/diamant-strass-dmc.com\/hu\/wp-json\/wp\/v2\/media\/45362"}],"wp:attachment":[{"href":"https:\/\/diamant-strass-dmc.com\/hu\/wp-json\/wp\/v2\/media?parent=46315"}],"wp:term":[{"taxonomy":"product_brand","embeddable":true,"href":"https:\/\/diamant-strass-dmc.com\/hu\/wp-json\/wp\/v2\/product_brand?post=46315"},{"taxonomy":"product_cat","embeddable":true,"href":"https:\/\/diamant-strass-dmc.com\/hu\/wp-json\/wp\/v2\/product_cat?post=46315"}],"curies":[{"name":"wp","href":"https:\/\/api.w.org\/{rel}","templated":true}]}}