{"id":46291,"date":"2022-09-06T20:04:44","date_gmt":"2022-10-05T00:01:39","guid":{"rendered":"https:\/\/diamant-strass-dmc.com\/perles-broderie\/korrekcios-spatula-gyemant-himzeshez\/"},"modified":"2023-01-18T02:36:10","modified_gmt":"2023-01-18T01:36:10","slug":"spatula-korrektor-diamond-himzeshez","status":"publish","type":"product","link":"https:\/\/diamant-strass-dmc.com\/hu\/perles-broderie\/spatula-korrektor-diamond-himzeshez\/","title":{"rendered":"Jav\u00edt\u00f3 spatula gy\u00e9m\u00e1nt h\u00edmz\u00e9shez"},"content":{"rendered":"","protected":false},"excerpt":{"rendered":"<p>Az <strong>egyes gy\u00e9m\u00e1ntsorok k\u00f6z\u00e9<\/strong> helyezve ez a spatula lehet\u0151v\u00e9 teszi, hogy <strong>t\u00f6k\u00e9letesen igaz\u00edtsa<\/strong> \u0151ket.<\/p>\n<p>Magass\u00e1g: 14 cm<br \/>\nSz\u00e9less\u00e9g: 10 cm<\/p>\n","protected":false},"featured_media":44489,"template":"","meta":{"footnotes":""},"product_brand":[],"product_cat":[7183],"class_list":{"0":"post-46291","1":"product","2":"type-product","3":"status-publish","4":"has-post-thumbnail","6":"product_cat-kiegeszitok","8":"first","9":"instock","10":"sale","11":"taxable","12":"shipping-taxable","13":"purchasable","14":"product-type-simple"},"aioseo_notices":[],"_links":{"self":[{"href":"https:\/\/diamant-strass-dmc.com\/hu\/wp-json\/wp\/v2\/product\/46291","targetHints":{"allow":["GET"]}}],"collection":[{"href":"https:\/\/diamant-strass-dmc.com\/hu\/wp-json\/wp\/v2\/product"}],"about":[{"href":"https:\/\/diamant-strass-dmc.com\/hu\/wp-json\/wp\/v2\/types\/product"}],"version-history":[{"count":0,"href":"https:\/\/diamant-strass-dmc.com\/hu\/wp-json\/wp\/v2\/product\/46291\/revisions"}],"wp:featuredmedia":[{"embeddable":true,"href":"https:\/\/diamant-strass-dmc.com\/hu\/wp-json\/wp\/v2\/media\/44489"}],"wp:attachment":[{"href":"https:\/\/diamant-strass-dmc.com\/hu\/wp-json\/wp\/v2\/media?parent=46291"}],"wp:term":[{"taxonomy":"product_brand","embeddable":true,"href":"https:\/\/diamant-strass-dmc.com\/hu\/wp-json\/wp\/v2\/product_brand?post=46291"},{"taxonomy":"product_cat","embeddable":true,"href":"https:\/\/diamant-strass-dmc.com\/hu\/wp-json\/wp\/v2\/product_cat?post=46291"}],"curies":[{"name":"wp","href":"https:\/\/api.w.org\/{rel}","templated":true}]}}