{"id":46263,"date":"2022-09-21T22:23:48","date_gmt":"2022-09-21T20:23:48","guid":{"rendered":"https:\/\/diamant-strass-dmc.com\/perles-broderie\/kerek-szincimkek-dmc-szam\/"},"modified":"2024-09-17T11:43:18","modified_gmt":"2024-09-17T09:43:18","slug":"kerek-cimkek-ontapados-ontapados-color-dmc","status":"publish","type":"product","link":"https:\/\/diamant-strass-dmc.com\/hu\/perles-broderie\/kerek-cimkek-ontapados-ontapados-color-dmc\/","title":{"rendered":"Kerek sz\u00ednc\u00edmk\u00e9k + DMC sz\u00e1m"},"content":{"rendered":"<p>Kifejezetten gy\u00f6ngy\u00f6s \u00fcvegekhez igaz\u00edtva <span style=\"text-decoration: underline;\"><strong><a href=\"\/perles-broderie\/bocaux-perles-broderie-diamant\/\">itt kaphat\u00f3<\/a><\/strong><\/span>. A c\u00edmke \u00e1tm\u00e9r\u0151je: 11 mm.<\/p>\n","protected":false},"excerpt":{"rendered":"<p>Csomag <strong>447<\/strong> darab kerek \u00f6ntapad\u00f3s <strong>c\u00edmke<\/strong> a DMC sz\u00ednsk\u00e1la<strong> \u00f6sszes sz\u00edn\u00e9ben<\/strong> <strong>,<\/strong> hivatkoz\u00e1si <strong>sz\u00e1mmal<\/strong> (bele\u00e9rtve a feh\u00e9r, az ekr\u00fc \u00e9s az 5200 sz\u00ednt). + 99 sz\u00e1mozott <strong>c\u00edmke<\/strong> 1-t\u0151l 99-ig \u00e9s <strong>26 bet\u0171c\u00edmke<\/strong> A-t\u00f3l Z-ig.<\/p>\n","protected":false},"featured_media":45296,"template":"","meta":{"footnotes":""},"product_brand":[],"product_cat":[7183],"class_list":{"0":"post-46263","1":"product","2":"type-product","3":"status-publish","4":"has-post-thumbnail","6":"product_cat-kiegeszitok","8":"first","9":"instock","10":"sale","11":"taxable","12":"shipping-taxable","13":"purchasable","14":"product-type-simple"},"aioseo_notices":[],"_links":{"self":[{"href":"https:\/\/diamant-strass-dmc.com\/hu\/wp-json\/wp\/v2\/product\/46263","targetHints":{"allow":["GET"]}}],"collection":[{"href":"https:\/\/diamant-strass-dmc.com\/hu\/wp-json\/wp\/v2\/product"}],"about":[{"href":"https:\/\/diamant-strass-dmc.com\/hu\/wp-json\/wp\/v2\/types\/product"}],"version-history":[{"count":1,"href":"https:\/\/diamant-strass-dmc.com\/hu\/wp-json\/wp\/v2\/product\/46263\/revisions"}],"predecessor-version":[{"id":77385,"href":"https:\/\/diamant-strass-dmc.com\/hu\/wp-json\/wp\/v2\/product\/46263\/revisions\/77385"}],"wp:featuredmedia":[{"embeddable":true,"href":"https:\/\/diamant-strass-dmc.com\/hu\/wp-json\/wp\/v2\/media\/45296"}],"wp:attachment":[{"href":"https:\/\/diamant-strass-dmc.com\/hu\/wp-json\/wp\/v2\/media?parent=46263"}],"wp:term":[{"taxonomy":"product_brand","embeddable":true,"href":"https:\/\/diamant-strass-dmc.com\/hu\/wp-json\/wp\/v2\/product_brand?post=46263"},{"taxonomy":"product_cat","embeddable":true,"href":"https:\/\/diamant-strass-dmc.com\/hu\/wp-json\/wp\/v2\/product_cat?post=46263"}],"curies":[{"name":"wp","href":"https:\/\/api.w.org\/{rel}","templated":true}]}}