{"id":46223,"date":"2022-07-27T02:28:38","date_gmt":"2022-07-27T00:28:38","guid":{"rendered":"https:\/\/diamant-strass-dmc.com\/perles-broderie\/160-cimke-gyemant-himzeshez\/"},"modified":"2024-09-17T13:00:10","modified_gmt":"2024-09-17T11:00:10","slug":"himzes-cimkek-gyemant","status":"publish","type":"product","link":"https:\/\/diamant-strass-dmc.com\/hu\/perles-broderie\/himzes-cimkek-gyemant\/","title":{"rendered":"480 c\u00edmke gy\u00e9m\u00e1ntfest\u00e9shez"},"content":{"rendered":"<ul>\n<li>\n480 darab kerek vagy t\u00e9glalap alak\u00fa c\u00edmk\u00e9t tartalmaz\u00f3 csomag;\n<\/li>\n<li>\nKerek c\u00edmk\u00e9k: 1,5 cm \u00e1tm\u00e9r\u0151j\u0171ek;\n<\/li>\n<li>\nT\u00e9glalap alak\u00fa c\u00edmk\u00e9k: 2 x 1 cm.<\/li>\n<\/ul>\n<style><!-- .woocommerce-variation-price { display: none !important; } --><\/style>\n","protected":false},"excerpt":{"rendered":"<p style=\"display:none;\">ok2<\/p>\n","protected":false},"featured_media":34613,"template":"","meta":{"footnotes":""},"product_brand":[],"product_cat":[7183,7286],"class_list":{"0":"post-46223","1":"product","2":"type-product","3":"status-publish","4":"has-post-thumbnail","6":"product_cat-kiegeszitok","7":"product_cat-promo-hu","9":"first","10":"instock","11":"sale","12":"taxable","13":"shipping-taxable","14":"purchasable","15":"product-type-variable"},"aioseo_notices":[],"_links":{"self":[{"href":"https:\/\/diamant-strass-dmc.com\/hu\/wp-json\/wp\/v2\/product\/46223","targetHints":{"allow":["GET"]}}],"collection":[{"href":"https:\/\/diamant-strass-dmc.com\/hu\/wp-json\/wp\/v2\/product"}],"about":[{"href":"https:\/\/diamant-strass-dmc.com\/hu\/wp-json\/wp\/v2\/types\/product"}],"version-history":[{"count":7,"href":"https:\/\/diamant-strass-dmc.com\/hu\/wp-json\/wp\/v2\/product\/46223\/revisions"}],"predecessor-version":[{"id":77463,"href":"https:\/\/diamant-strass-dmc.com\/hu\/wp-json\/wp\/v2\/product\/46223\/revisions\/77463"}],"wp:featuredmedia":[{"embeddable":true,"href":"https:\/\/diamant-strass-dmc.com\/hu\/wp-json\/wp\/v2\/media\/34613"}],"wp:attachment":[{"href":"https:\/\/diamant-strass-dmc.com\/hu\/wp-json\/wp\/v2\/media?parent=46223"}],"wp:term":[{"taxonomy":"product_brand","embeddable":true,"href":"https:\/\/diamant-strass-dmc.com\/hu\/wp-json\/wp\/v2\/product_brand?post=46223"},{"taxonomy":"product_cat","embeddable":true,"href":"https:\/\/diamant-strass-dmc.com\/hu\/wp-json\/wp\/v2\/product_cat?post=46223"}],"curies":[{"name":"wp","href":"https:\/\/api.w.org\/{rel}","templated":true}]}}