{"id":46204,"date":"2022-08-30T22:19:36","date_gmt":"2022-08-30T20:19:36","guid":{"rendered":"https:\/\/diamant-strass-dmc.com\/perles-broderie\/igazitasi-vonalzo-gyemant-himzeshez\/"},"modified":"2024-09-17T17:41:12","modified_gmt":"2024-09-17T15:41:12","slug":"vonalzo-kiigazito-embroidery-diamant","status":"publish","type":"product","link":"https:\/\/diamant-strass-dmc.com\/hu\/perles-broderie\/vonalzo-kiigazito-embroidery-diamant\/","title":{"rendered":"Igaz\u00edt\u00e1si szab\u00e1ly a gy\u00e9m\u00e1ntfest\u00e9shez"},"content":{"rendered":"<p>Ez a szab\u00e1ly lehet\u0151v\u00e9 teszi, hogy t\u00f6k\u00e9letesen igaz\u00edtsa a gy\u00e9m\u00e1ntokat.<\/p>\n<p>Az &#8222;egy-egy vonalz\u00f3&#8221; v\u00e1laszt\u00e1s\u00e1val k\u00e9t vonalz\u00f3t kap: egyet a kerek gy\u00e9m\u00e1ntokhoz, egyet pedig a sz\u00f6gletes gy\u00e9m\u00e1ntokhoz.<\/p>\n<p>A vonalz\u00f3 er\u0151s, de <strong>sz\u00e1nd\u00e9kosan nagyon v\u00e9kony<\/strong>, hogy ne akadjon bele a gy\u00e9m\u00e1ntokba, amikor leemelik a v\u00e1szonr\u00f3l.<\/p>\n<p>1\/ Helyezze a vonalz\u00f3t a v\u00e1szon f\u00f6l\u00e9, majd ragasszon minden egyes gy\u00e9m\u00e1ntot a megadott helyre.<\/p>\n<p>2\/ Ezut\u00e1n \u00f3vatosan h\u00fazzuk le a vonalz\u00f3t, enyh\u00e9n meghajl\u00edtva (rugalmass\u00e1ga ezt lehet\u0151v\u00e9 teszi).<\/p>\n<div style=\"order: 6; border: 1px solid grey; padding: 10px 10px 0 10px; display: block; font-size: 14px; margin-bottom: 20px;\">\n<p>A kerek gy\u00e9m\u00e1nt vonalz\u00f3ban minden gy\u00e9m\u00e1ntnak van helye azon a ter\u00fcleten, ahov\u00e1 az elhelyez\u00e9sre ker\u00fcl, m\u00edg a n\u00e9gyzet alak\u00fa gy\u00e9m\u00e1nt vonalz\u00f3ban nem l\u00e1that\u00f3 az \u00f6sszes gy\u00e9m\u00e1nt.<\/p>\n<p>A <strong>t\u00f6k\u00e9letes igaz\u00edt\u00e1s eredm\u00e9nye azonban ugyanaz lesz<\/strong>, hiszen miut\u00e1n a n\u00e9gyzet alak\u00fa gy\u00e9m\u00e1ntokat elhelyezt\u00fck, \u00e9s a vonalz\u00f3t elt\u00e1vol\u00edtottuk a v\u00e1szonr\u00f3l, m\u00e1r csak a gy\u00e9m\u00e1ntokat kell beragasztani azokon a helyeken, amelyeket a vonalz\u00f3 nem mutatott ki.<\/p>\n<p>\u00c9s ezek sz\u00fcks\u00e9gszer\u0171en t\u00f6k\u00e9letesen lesznek elhelyezve, mert a m\u00e1r beragasztott \u00e9s j\u00f3l igaz\u00edtott gy\u00e9m\u00e1ntokhoz lesznek illesztve.<\/p>\n<p>&nbsp;&nbsp;<\/p>\n<\/div>\n","protected":false},"excerpt":{"rendered":"<ul>\n<li>Vonalz\u00f3 kerek gy\u00e9m\u00e1ntokhoz: 11,5 x 3 cm ;<\/li>\n<li>Vonalz\u00f3 a n\u00e9gyzet alak\u00fa gy\u00e9m\u00e1ntokhoz: 15,5 x 4,5 cm.<\/p>\n<\/li>\n<\/ul>\n","protected":false},"featured_media":70898,"template":"","meta":{"footnotes":""},"product_brand":[],"product_cat":[7183,7286],"class_list":{"0":"post-46204","1":"product","2":"type-product","3":"status-publish","4":"has-post-thumbnail","6":"product_cat-kiegeszitok","7":"product_cat-promo-hu","9":"first","10":"instock","11":"sale","12":"taxable","13":"shipping-taxable","14":"purchasable","15":"product-type-variable","16":"has-default-attributes"},"aioseo_notices":[],"_links":{"self":[{"href":"https:\/\/diamant-strass-dmc.com\/hu\/wp-json\/wp\/v2\/product\/46204","targetHints":{"allow":["GET"]}}],"collection":[{"href":"https:\/\/diamant-strass-dmc.com\/hu\/wp-json\/wp\/v2\/product"}],"about":[{"href":"https:\/\/diamant-strass-dmc.com\/hu\/wp-json\/wp\/v2\/types\/product"}],"version-history":[{"count":8,"href":"https:\/\/diamant-strass-dmc.com\/hu\/wp-json\/wp\/v2\/product\/46204\/revisions"}],"predecessor-version":[{"id":77559,"href":"https:\/\/diamant-strass-dmc.com\/hu\/wp-json\/wp\/v2\/product\/46204\/revisions\/77559"}],"wp:featuredmedia":[{"embeddable":true,"href":"https:\/\/diamant-strass-dmc.com\/hu\/wp-json\/wp\/v2\/media\/70898"}],"wp:attachment":[{"href":"https:\/\/diamant-strass-dmc.com\/hu\/wp-json\/wp\/v2\/media?parent=46204"}],"wp:term":[{"taxonomy":"product_brand","embeddable":true,"href":"https:\/\/diamant-strass-dmc.com\/hu\/wp-json\/wp\/v2\/product_brand?post=46204"},{"taxonomy":"product_cat","embeddable":true,"href":"https:\/\/diamant-strass-dmc.com\/hu\/wp-json\/wp\/v2\/product_cat?post=46204"}],"curies":[{"name":"wp","href":"https:\/\/api.w.org\/{rel}","templated":true}]}}