{"id":46196,"date":"2022-07-27T01:22:29","date_gmt":"2022-07-26T23:22:29","guid":{"rendered":"https:\/\/diamant-strass-dmc.com\/perles-broderie\/10-negyzet-ragaszto-gyemant-himzeshez\/"},"modified":"2024-09-16T15:10:09","modified_gmt":"2024-09-16T13:10:09","slug":"carres-colle-broderie-diamant","status":"publish","type":"product","link":"https:\/\/diamant-strass-dmc.com\/hu\/perles-broderie\/carres-colle-broderie-diamant\/","title":{"rendered":"Ragaszt\u00f3 n\u00e9gyzetek gy\u00e9m\u00e1nt fest\u00e9shez"},"content":{"rendered":"<p>Anyagok: agyag \u00e9s szilikon.<\/p>\n<p>N\u00e9lk\u00fcl\u00f6zhetetlen a gy\u00e9m\u00e1ntok fog\u00e1s\u00e1hoz.<\/p>\n<p>Nyomja a speci\u00e1lis toll hegy\u00e9t a ragaszt\u00f3 n\u00e9gyzet\u00e9re, majd a r\u00f6gz\u00edtend\u0151 gy\u00e9m\u00e1ntra. Ezut\u00e1n nyomja a gy\u00e9m\u00e1ntot a ragaszt\u00f3ruh\u00e1hoz, nyomja le, \u00e9s vegye ki a tollat.<\/p>\n","protected":false},"excerpt":{"rendered":"<p style=\"display:none;\">ok<\/p>\n","protected":false},"featured_media":76589,"template":"","meta":{"footnotes":""},"product_brand":[],"product_cat":[7183,7286],"class_list":{"0":"post-46196","1":"product","2":"type-product","3":"status-publish","4":"has-post-thumbnail","6":"product_cat-kiegeszitok","7":"product_cat-promo-hu","9":"first","10":"instock","11":"sale","12":"taxable","13":"shipping-taxable","14":"purchasable","15":"product-type-variable","16":"has-default-attributes"},"aioseo_notices":[],"_links":{"self":[{"href":"https:\/\/diamant-strass-dmc.com\/hu\/wp-json\/wp\/v2\/product\/46196","targetHints":{"allow":["GET"]}}],"collection":[{"href":"https:\/\/diamant-strass-dmc.com\/hu\/wp-json\/wp\/v2\/product"}],"about":[{"href":"https:\/\/diamant-strass-dmc.com\/hu\/wp-json\/wp\/v2\/types\/product"}],"version-history":[{"count":2,"href":"https:\/\/diamant-strass-dmc.com\/hu\/wp-json\/wp\/v2\/product\/46196\/revisions"}],"predecessor-version":[{"id":76851,"href":"https:\/\/diamant-strass-dmc.com\/hu\/wp-json\/wp\/v2\/product\/46196\/revisions\/76851"}],"wp:featuredmedia":[{"embeddable":true,"href":"https:\/\/diamant-strass-dmc.com\/hu\/wp-json\/wp\/v2\/media\/76589"}],"wp:attachment":[{"href":"https:\/\/diamant-strass-dmc.com\/hu\/wp-json\/wp\/v2\/media?parent=46196"}],"wp:term":[{"taxonomy":"product_brand","embeddable":true,"href":"https:\/\/diamant-strass-dmc.com\/hu\/wp-json\/wp\/v2\/product_brand?post=46196"},{"taxonomy":"product_cat","embeddable":true,"href":"https:\/\/diamant-strass-dmc.com\/hu\/wp-json\/wp\/v2\/product_cat?post=46196"}],"curies":[{"name":"wp","href":"https:\/\/api.w.org\/{rel}","templated":true}]}}