{"id":24961,"date":"2020-12-29T02:28:31","date_gmt":"2021-04-08T07:03:38","guid":{"rendered":"https:\/\/diamant-strass-dmc.com\/perles-broderie\/gyemant-dmc-no-3835-lila-lila\/"},"modified":"2021-04-08T09:03:38","modified_gmt":"2021-04-08T07:03:38","slug":"taska-gyemant-dmc-3835","status":"publish","type":"product","link":"https:\/\/diamant-strass-dmc.com\/hu\/perles-broderie\/taska-gyemant-dmc-3835\/","title":{"rendered":"Gy\u00e9m\u00e1nt DMC No.3835 (Lila Lila)"},"content":{"rendered":"<p>Zs\u00e1k 200 <strong>gy\u00e9m\u00e1nt No. 3835<\/strong> (DMC k\u00f3d) <strong>kerek vagy n\u00e9gyzet.<\/strong><br \/>Sz\u00edn: Lila <strong>ibolya<\/strong><br \/>Sz\u00edncsal\u00e1d: <strong>Ibolyasz\u00fcrke<\/strong><br \/>Kiv\u00e1l\u00f3 min\u0151s\u00e9g\u0171 akril strass.<br \/><strong>Norm\u00e1l m\u00e9ret<\/strong> (n\u00e9gyzetek: 2,5 mm, kerek: 2,8 mm).<\/p>\n","protected":false},"excerpt":{"rendered":"[widget id=\"advanced_text-2\"]\n","protected":false},"featured_media":90436,"template":"","meta":{"footnotes":""},"product_brand":[],"product_cat":[971],"class_list":{"0":"post-24961","1":"product","2":"type-product","3":"status-publish","4":"has-post-thumbnail","6":"product_cat-ibolya-es-malyva","8":"first","9":"instock","10":"sale","11":"taxable","12":"shipping-taxable","13":"purchasable","14":"product-type-variable","15":"has-default-attributes"},"aioseo_notices":[],"_links":{"self":[{"href":"https:\/\/diamant-strass-dmc.com\/hu\/wp-json\/wp\/v2\/product\/24961","targetHints":{"allow":["GET"]}}],"collection":[{"href":"https:\/\/diamant-strass-dmc.com\/hu\/wp-json\/wp\/v2\/product"}],"about":[{"href":"https:\/\/diamant-strass-dmc.com\/hu\/wp-json\/wp\/v2\/types\/product"}],"version-history":[{"count":0,"href":"https:\/\/diamant-strass-dmc.com\/hu\/wp-json\/wp\/v2\/product\/24961\/revisions"}],"wp:featuredmedia":[{"embeddable":true,"href":"https:\/\/diamant-strass-dmc.com\/hu\/wp-json\/wp\/v2\/media\/90436"}],"wp:attachment":[{"href":"https:\/\/diamant-strass-dmc.com\/hu\/wp-json\/wp\/v2\/media?parent=24961"}],"wp:term":[{"taxonomy":"product_brand","embeddable":true,"href":"https:\/\/diamant-strass-dmc.com\/hu\/wp-json\/wp\/v2\/product_brand?post=24961"},{"taxonomy":"product_cat","embeddable":true,"href":"https:\/\/diamant-strass-dmc.com\/hu\/wp-json\/wp\/v2\/product_cat?post=24961"}],"curies":[{"name":"wp","href":"https:\/\/api.w.org\/{rel}","templated":true}]}}