{"id":22733,"date":"2020-12-29T02:28:26","date_gmt":"2021-04-08T06:57:49","guid":{"rendered":"https:\/\/diamant-strass-dmc.com\/perles-broderie\/dmc-gyemant-3760-fjord-blue\/"},"modified":"2021-04-08T08:57:49","modified_gmt":"2021-04-08T06:57:49","slug":"taska-gyemant-dmc-3760","status":"publish","type":"product","link":"https:\/\/diamant-strass-dmc.com\/hu\/perles-broderie\/taska-gyemant-dmc-3760\/","title":{"rendered":"DMC Gy\u00e9m\u00e1nt 3760 (Fjord Blue)"},"content":{"rendered":"<p>Zs\u00e1k 200 <strong>gy\u00e9m\u00e1nt No. 3760<\/strong> (DMC k\u00f3d) <strong>kerek vagy n\u00e9gyzet.<\/strong><br \/>Sz\u00edn: <strong>Fjord Blue<\/strong><br \/>Sz\u00edncsal\u00e1d: <strong>K\u00e9k k\u00e9k pala<\/strong><br \/>Kiv\u00e1l\u00f3 min\u0151s\u00e9g\u0171 akril strass.<br \/><strong>Norm\u00e1l m\u00e9ret<\/strong> (n\u00e9gyzetek: 2,5 mm, kerek: 2,8 mm).<\/p>\n","protected":false},"excerpt":{"rendered":"[widget id=\"advanced_text-2\"]\n","protected":false},"featured_media":93156,"template":"","meta":{"footnotes":""},"product_brand":[],"product_cat":[606],"class_list":{"0":"post-22733","1":"product","2":"type-product","3":"status-publish","4":"has-post-thumbnail","6":"product_cat-kek","8":"first","9":"instock","10":"sale","11":"taxable","12":"shipping-taxable","13":"purchasable","14":"product-type-variable","15":"has-default-attributes"},"aioseo_notices":[],"_links":{"self":[{"href":"https:\/\/diamant-strass-dmc.com\/hu\/wp-json\/wp\/v2\/product\/22733","targetHints":{"allow":["GET"]}}],"collection":[{"href":"https:\/\/diamant-strass-dmc.com\/hu\/wp-json\/wp\/v2\/product"}],"about":[{"href":"https:\/\/diamant-strass-dmc.com\/hu\/wp-json\/wp\/v2\/types\/product"}],"version-history":[{"count":0,"href":"https:\/\/diamant-strass-dmc.com\/hu\/wp-json\/wp\/v2\/product\/22733\/revisions"}],"wp:featuredmedia":[{"embeddable":true,"href":"https:\/\/diamant-strass-dmc.com\/hu\/wp-json\/wp\/v2\/media\/93156"}],"wp:attachment":[{"href":"https:\/\/diamant-strass-dmc.com\/hu\/wp-json\/wp\/v2\/media?parent=22733"}],"wp:term":[{"taxonomy":"product_brand","embeddable":true,"href":"https:\/\/diamant-strass-dmc.com\/hu\/wp-json\/wp\/v2\/product_brand?post=22733"},{"taxonomy":"product_cat","embeddable":true,"href":"https:\/\/diamant-strass-dmc.com\/hu\/wp-json\/wp\/v2\/product_cat?post=22733"}],"curies":[{"name":"wp","href":"https:\/\/api.w.org\/{rel}","templated":true}]}}