{"id":20257,"date":"2020-12-29T02:28:18","date_gmt":"2021-04-08T06:49:44","guid":{"rendered":"https:\/\/diamant-strass-dmc.com\/perles-broderie\/gyemant-dmc-no-3023-szurke-feny\/"},"modified":"2021-04-08T08:49:44","modified_gmt":"2021-04-08T06:49:44","slug":"taska-gyemant-dmc-3023","status":"publish","type":"product","link":"https:\/\/diamant-strass-dmc.com\/hu\/perles-broderie\/taska-gyemant-dmc-3023\/","title":{"rendered":"Gy\u00e9m\u00e1nt DMC No.3023 (Sz\u00fcrke f\u00e9ny)"},"content":{"rendered":"<p>Zs\u00e1k 200 <strong>gy\u00e9m\u00e1nt No. 3023<\/strong> (DMC k\u00f3d) <strong>kerek vagy n\u00e9gyzet.<\/strong><br \/>\nSz\u00edn: <strong>Sz\u00fcrke filc<\/strong><br \/>\nSz\u00edncsal\u00e1d: <strong>Feh\u00e9r<\/strong><br \/>\nKiv\u00e1l\u00f3 min\u0151s\u00e9g\u0171 akril strass.<br \/>\n<strong>Norm\u00e1l m\u00e9ret<\/strong> (n\u00e9gyzetek: 2,5 mm, kerek: 2,8 mm).<\/p>\n","protected":false},"excerpt":{"rendered":"[widget id=\"advanced_text-2\"]\n","protected":false},"featured_media":93706,"template":"","meta":{"footnotes":""},"product_brand":[],"product_cat":[1250,761],"class_list":{"0":"post-20257","1":"product","2":"type-product","3":"status-publish","4":"has-post-thumbnail","6":"product_cat-fekete-es-szurke","7":"product_cat-gesztenye","9":"first","10":"instock","11":"sale","12":"taxable","13":"shipping-taxable","14":"purchasable","15":"product-type-variable","16":"has-default-attributes"},"aioseo_notices":[],"_links":{"self":[{"href":"https:\/\/diamant-strass-dmc.com\/hu\/wp-json\/wp\/v2\/product\/20257","targetHints":{"allow":["GET"]}}],"collection":[{"href":"https:\/\/diamant-strass-dmc.com\/hu\/wp-json\/wp\/v2\/product"}],"about":[{"href":"https:\/\/diamant-strass-dmc.com\/hu\/wp-json\/wp\/v2\/types\/product"}],"version-history":[{"count":0,"href":"https:\/\/diamant-strass-dmc.com\/hu\/wp-json\/wp\/v2\/product\/20257\/revisions"}],"wp:featuredmedia":[{"embeddable":true,"href":"https:\/\/diamant-strass-dmc.com\/hu\/wp-json\/wp\/v2\/media\/93706"}],"wp:attachment":[{"href":"https:\/\/diamant-strass-dmc.com\/hu\/wp-json\/wp\/v2\/media?parent=20257"}],"wp:term":[{"taxonomy":"product_brand","embeddable":true,"href":"https:\/\/diamant-strass-dmc.com\/hu\/wp-json\/wp\/v2\/product_brand?post=20257"},{"taxonomy":"product_cat","embeddable":true,"href":"https:\/\/diamant-strass-dmc.com\/hu\/wp-json\/wp\/v2\/product_cat?post=20257"}],"curies":[{"name":"wp","href":"https:\/\/api.w.org\/{rel}","templated":true}]}}