{"id":19067,"date":"2020-12-29T02:28:14","date_gmt":"2021-04-08T06:46:53","guid":{"rendered":"https:\/\/diamant-strass-dmc.com\/perles-broderie\/gyemant-dmc-no-959-veronese-light\/"},"modified":"2021-04-08T08:46:53","modified_gmt":"2021-04-08T06:46:53","slug":"taska-gyemant-dmc-959","status":"publish","type":"product","link":"https:\/\/diamant-strass-dmc.com\/hu\/perles-broderie\/taska-gyemant-dmc-959\/","title":{"rendered":"Gy\u00e9m\u00e1nt DMC No.959 (Veronese Light)"},"content":{"rendered":"<p>Zs\u00e1k 200 <strong>gy\u00e9m\u00e1nt No. 959<\/strong> (DMC k\u00f3d) <strong>kerek vagy n\u00e9gyzet.<\/strong><br \/>Sz\u00edn: <strong>Veronese Light<\/strong><br \/>Sz\u00edncsal\u00e1d: <strong>T\u00fcrkizk\u00e9k<\/strong><br \/>Kiv\u00e1l\u00f3 min\u0151s\u00e9g\u0171 akril strass.<br \/><strong>Norm\u00e1l m\u00e9ret<\/strong> (n\u00e9gyzetek: 2,5 mm, kerek: 2,8 mm).<\/p>\n","protected":false},"excerpt":{"rendered":"[widget id=\"advanced_text-2\"]\n","protected":false},"featured_media":92131,"template":"","meta":{"footnotes":""},"product_brand":[],"product_cat":[656,740],"class_list":{"0":"post-19067","1":"product","2":"type-product","3":"status-publish","4":"has-post-thumbnail","6":"product_cat-turkiz","7":"product_cat-zold","9":"first","10":"instock","11":"sale","12":"taxable","13":"shipping-taxable","14":"purchasable","15":"product-type-variable","16":"has-default-attributes"},"aioseo_notices":[],"_links":{"self":[{"href":"https:\/\/diamant-strass-dmc.com\/hu\/wp-json\/wp\/v2\/product\/19067","targetHints":{"allow":["GET"]}}],"collection":[{"href":"https:\/\/diamant-strass-dmc.com\/hu\/wp-json\/wp\/v2\/product"}],"about":[{"href":"https:\/\/diamant-strass-dmc.com\/hu\/wp-json\/wp\/v2\/types\/product"}],"version-history":[{"count":0,"href":"https:\/\/diamant-strass-dmc.com\/hu\/wp-json\/wp\/v2\/product\/19067\/revisions"}],"wp:featuredmedia":[{"embeddable":true,"href":"https:\/\/diamant-strass-dmc.com\/hu\/wp-json\/wp\/v2\/media\/92131"}],"wp:attachment":[{"href":"https:\/\/diamant-strass-dmc.com\/hu\/wp-json\/wp\/v2\/media?parent=19067"}],"wp:term":[{"taxonomy":"product_brand","embeddable":true,"href":"https:\/\/diamant-strass-dmc.com\/hu\/wp-json\/wp\/v2\/product_brand?post=19067"},{"taxonomy":"product_cat","embeddable":true,"href":"https:\/\/diamant-strass-dmc.com\/hu\/wp-json\/wp\/v2\/product_cat?post=19067"}],"curies":[{"name":"wp","href":"https:\/\/api.w.org\/{rel}","templated":true}]}}