{"id":150660,"date":"2026-05-12T18:02:32","date_gmt":"2026-05-12T16:02:32","guid":{"rendered":"https:\/\/diamant-strass-dmc.com\/perles-broderie\/tolcser-gyongyok-diamant-festes-2\/"},"modified":"2026-05-13T02:24:41","modified_gmt":"2026-05-13T00:24:41","slug":"tolcser-gyongyok-diamant-festes-2","status":"publish","type":"product","link":"https:\/\/diamant-strass-dmc.com\/hu\/perles-broderie\/tolcser-gyongyok-diamant-festes-2\/","title":{"rendered":"T\u00f6lcs\u00e9r gy\u00e9m\u00e1nt fest\u0151gy\u00f6ngy\u00f6kh\u00f6z"},"content":{"rendered":"","protected":false},"excerpt":{"rendered":"<p>T\u00f6lcs\u00e9r gy\u00e9m\u00e1nt fest\u0151gy\u00f6ngy\u00f6kh\u00f6z :<\/p>\n<ul>\n<li><strong>Beh\u00fazhat\u00f3<\/strong>, \u00f6sszehajtva kis helyet foglal;<\/li>\n<li>Kompatibilis a szabv\u00e1nyos<strong> gy\u00f6ngy\u00f6s t\u00e9gelyekkel<\/strong> (a weboldalunkon kaphat\u00f3k);<\/li>\n<li>Szilikonb\u00f3l k\u00e9sz\u00fclt;<\/li>\n<li>Sz\u00edn: k\u00e9k ;<\/li>\n<li>M\u00e9retek: <strong>7 x 5,7 cm<\/strong>.<\/li>\n<\/ul>\n","protected":false},"featured_media":150662,"template":"","meta":{"footnotes":""},"product_brand":[],"product_cat":[7183],"class_list":{"0":"post-150660","1":"product","2":"type-product","3":"status-publish","4":"has-post-thumbnail","6":"product_cat-kiegeszitok","8":"first","9":"instock","10":"sale","11":"taxable","12":"shipping-taxable","13":"purchasable","14":"product-type-simple"},"aioseo_notices":[],"_links":{"self":[{"href":"https:\/\/diamant-strass-dmc.com\/hu\/wp-json\/wp\/v2\/product\/150660","targetHints":{"allow":["GET"]}}],"collection":[{"href":"https:\/\/diamant-strass-dmc.com\/hu\/wp-json\/wp\/v2\/product"}],"about":[{"href":"https:\/\/diamant-strass-dmc.com\/hu\/wp-json\/wp\/v2\/types\/product"}],"version-history":[{"count":0,"href":"https:\/\/diamant-strass-dmc.com\/hu\/wp-json\/wp\/v2\/product\/150660\/revisions"}],"wp:featuredmedia":[{"embeddable":true,"href":"https:\/\/diamant-strass-dmc.com\/hu\/wp-json\/wp\/v2\/media\/150662"}],"wp:attachment":[{"href":"https:\/\/diamant-strass-dmc.com\/hu\/wp-json\/wp\/v2\/media?parent=150660"}],"wp:term":[{"taxonomy":"product_brand","embeddable":true,"href":"https:\/\/diamant-strass-dmc.com\/hu\/wp-json\/wp\/v2\/product_brand?post=150660"},{"taxonomy":"product_cat","embeddable":true,"href":"https:\/\/diamant-strass-dmc.com\/hu\/wp-json\/wp\/v2\/product_cat?post=150660"}],"curies":[{"name":"wp","href":"https:\/\/api.w.org\/{rel}","templated":true}]}}