{"id":14091,"date":"2020-12-29T02:27:58","date_gmt":"2021-04-08T06:29:32","guid":{"rendered":"https:\/\/diamant-strass-dmc.com\/perles-broderie\/dmc-diamonds-no-733-aranyzold\/"},"modified":"2021-04-08T08:29:32","modified_gmt":"2021-04-08T06:29:32","slug":"taska-gyemant-dmc-733","status":"publish","type":"product","link":"https:\/\/diamant-strass-dmc.com\/hu\/perles-broderie\/taska-gyemant-dmc-733\/","title":{"rendered":"Drills DMC n\u00b0733 (Aranyz\u00f6ld)"},"content":{"rendered":"<p>Zs\u00e1k 200 <strong>gy\u00e9m\u00e1nt No.733<\/strong> (DMC k\u00f3d) <strong>kerek vagy n\u00e9gyzet.<\/strong><br \/>\nSz\u00edn: <strong>Aranyz\u00f6ld<\/strong><br \/>\nSz\u00ednes csal\u00e1d: <strong>Barna z\u00f6ld<\/strong><br \/>\nKiv\u00e1l\u00f3 min\u0151s\u00e9g\u0171 akril strass.<br \/>\n<strong>Norm\u00e1l m\u00e9ret<\/strong> (n\u00e9gyzetek: 2,5 mm, kerek: 2,8 mm).<\/p>\n","protected":false},"excerpt":{"rendered":"[widget id=\"advanced_text-2\"]\n","protected":false},"featured_media":95087,"template":"","meta":{"footnotes":""},"product_brand":[],"product_cat":[740],"class_list":{"0":"post-14091","1":"product","2":"type-product","3":"status-publish","4":"has-post-thumbnail","6":"product_cat-zold","8":"first","9":"instock","10":"sale","11":"taxable","12":"shipping-taxable","13":"purchasable","14":"product-type-variable","15":"has-default-attributes"},"aioseo_notices":[],"_links":{"self":[{"href":"https:\/\/diamant-strass-dmc.com\/hu\/wp-json\/wp\/v2\/product\/14091","targetHints":{"allow":["GET"]}}],"collection":[{"href":"https:\/\/diamant-strass-dmc.com\/hu\/wp-json\/wp\/v2\/product"}],"about":[{"href":"https:\/\/diamant-strass-dmc.com\/hu\/wp-json\/wp\/v2\/types\/product"}],"version-history":[{"count":0,"href":"https:\/\/diamant-strass-dmc.com\/hu\/wp-json\/wp\/v2\/product\/14091\/revisions"}],"wp:featuredmedia":[{"embeddable":true,"href":"https:\/\/diamant-strass-dmc.com\/hu\/wp-json\/wp\/v2\/media\/95087"}],"wp:attachment":[{"href":"https:\/\/diamant-strass-dmc.com\/hu\/wp-json\/wp\/v2\/media?parent=14091"}],"wp:term":[{"taxonomy":"product_brand","embeddable":true,"href":"https:\/\/diamant-strass-dmc.com\/hu\/wp-json\/wp\/v2\/product_brand?post=14091"},{"taxonomy":"product_cat","embeddable":true,"href":"https:\/\/diamant-strass-dmc.com\/hu\/wp-json\/wp\/v2\/product_cat?post=14091"}],"curies":[{"name":"wp","href":"https:\/\/api.w.org\/{rel}","templated":true}]}}