{"id":122886,"date":"2025-10-20T18:20:31","date_gmt":"2025-10-20T16:20:31","guid":{"rendered":"https:\/\/diamant-strass-dmc.com\/perles-broderie\/sachet-de-perles-pour-diamond-painting-200-diamants\/"},"modified":"2025-12-27T01:44:29","modified_gmt":"2025-12-27T00:44:29","slug":"sachet-de-perles-pour-diamond-painting-200-diamants","status":"publish","type":"product","link":"https:\/\/diamant-strass-dmc.com\/hu\/perles-broderie\/sachet-de-perles-pour-diamond-painting-200-diamants\/","title":{"rendered":"Gy\u00f6ngy\u00f6k gy\u00e9m\u00e1nt fest\u00e9shez"},"content":{"rendered":"","protected":false},"excerpt":{"rendered":"","protected":false},"featured_media":99188,"template":"","meta":{"footnotes":""},"product_brand":[],"product_cat":[7313],"class_list":{"0":"post-122886","1":"product","2":"type-product","3":"status-publish","4":"has-post-thumbnail","6":"product_cat--integralt-csomag","8":"first","9":"instock","10":"sale","11":"taxable","12":"shipping-taxable","13":"purchasable","14":"product-type-variable"},"aioseo_notices":[],"_links":{"self":[{"href":"https:\/\/diamant-strass-dmc.com\/hu\/wp-json\/wp\/v2\/product\/122886","targetHints":{"allow":["GET"]}}],"collection":[{"href":"https:\/\/diamant-strass-dmc.com\/hu\/wp-json\/wp\/v2\/product"}],"about":[{"href":"https:\/\/diamant-strass-dmc.com\/hu\/wp-json\/wp\/v2\/types\/product"}],"version-history":[{"count":1,"href":"https:\/\/diamant-strass-dmc.com\/hu\/wp-json\/wp\/v2\/product\/122886\/revisions"}],"predecessor-version":[{"id":122895,"href":"https:\/\/diamant-strass-dmc.com\/hu\/wp-json\/wp\/v2\/product\/122886\/revisions\/122895"}],"wp:featuredmedia":[{"embeddable":true,"href":"https:\/\/diamant-strass-dmc.com\/hu\/wp-json\/wp\/v2\/media\/99188"}],"wp:attachment":[{"href":"https:\/\/diamant-strass-dmc.com\/hu\/wp-json\/wp\/v2\/media?parent=122886"}],"wp:term":[{"taxonomy":"product_brand","embeddable":true,"href":"https:\/\/diamant-strass-dmc.com\/hu\/wp-json\/wp\/v2\/product_brand?post=122886"},{"taxonomy":"product_cat","embeddable":true,"href":"https:\/\/diamant-strass-dmc.com\/hu\/wp-json\/wp\/v2\/product_cat?post=122886"}],"curies":[{"name":"wp","href":"https:\/\/api.w.org\/{rel}","templated":true}]}}