{"id":64932,"date":"2023-11-14T22:43:01","date_gmt":"2023-11-14T21:43:01","guid":{"rendered":"https:\/\/diamant-strass-dmc.com\/gyemantfestes-szinek-dmc-kozeli-helyettesites\/"},"modified":"2023-11-14T22:43:01","modified_gmt":"2023-11-14T21:43:01","slug":"gyemantfestes-szinek-dmc-kozeli-helyettesites","status":"publish","type":"page","link":"https:\/\/diamant-strass-dmc.com\/hu\/gyemantfestes-szinek-dmc-kozeli-helyettesites\/","title":{"rendered":"Gy\u00e9m\u00e1nt fest\u00e9s: a legk\u00f6zelebbi DMC sz\u00ednek a cser\u00e9hez"},"content":{"rendered":"<p>\ud83d\udc41\ufe0f A legk\u00f6zelebbi <strong>helyettes\u00edt\u0151 sz\u00ednek megtekint\u00e9s\u00e9hez<\/strong> <span style=\"font-weight:bold;color:green;\">kattintson a sz\u00edn nev\u00e9re<\/span>.<\/p>\n<p>\u2b07\ufe0f A <strong>sz\u00ednek list\u00e1j\u00e1nak sz\u00e1m szerinti rendez\u00e9s\u00e9hez<\/strong> kattintson a &#8222;Floss&#8221; (a DMC sz\u00e1m oszlop neve) gombra.<\/p>\n<p>\ud83d\udd0e E <strong>gy adott sz\u00edn megtal\u00e1l\u00e1s\u00e1hoz<\/strong> \u00edrja be a DMC sz\u00e1m\u00e1t a lista feletti mez\u0151be.<\/p>\n<p>\ud83d\udd19 A <strong>kezdeti list\u00e1hoz val\u00f3 visszat\u00e9r\u00e9shez<\/strong> kattintson a &#8222;T\u00f6rl\u00e9s&#8221; gombra a bez\u00e1rt sz\u00ednek list\u00e1j\u00e1nak alj\u00e1n.<\/p>\n<p><iframe style=\"width:100%;height:500px;border:1px solid #01578B;\" id=\"dmc\" src=\"https:\/\/threadcolors.com\/\"><\/iframe><\/p>\n","protected":false},"excerpt":{"rendered":"<p>\ud83d\udc41\ufe0f A legk\u00f6zelebbi helyettes\u00edt\u0151 sz\u00ednek megtekint\u00e9s\u00e9hez kattintson a sz\u00edn nev\u00e9re. \u2b07\ufe0f A sz\u00ednek list\u00e1j\u00e1nak sz\u00e1m szerinti rendez\u00e9s\u00e9hez kattintson a &#8222;Floss&#8221; (a DMC sz\u00e1m oszlop neve) gombra. \ud83d\udd0e E gy adott sz\u00edn megtal\u00e1l\u00e1s\u00e1hoz \u00edrja be a DMC sz\u00e1m\u00e1t a lista feletti mez\u0151be. \ud83d\udd19 A kezdeti list\u00e1hoz val\u00f3 visszat\u00e9r\u00e9shez kattintson a &#8222;T\u00f6rl\u00e9s&#8221; gombra a bez\u00e1rt sz\u00ednek list\u00e1j\u00e1nak [&hellip;]<\/p>\n","protected":false},"author":1,"featured_media":0,"parent":0,"menu_order":0,"comment_status":"closed","ping_status":"closed","template":"","meta":{"footnotes":""},"class_list":["post-64932","page","type-page","status-publish","hentry"],"blocksy_meta":[],"aioseo_notices":[],"_links":{"self":[{"href":"https:\/\/diamant-strass-dmc.com\/hu\/wp-json\/wp\/v2\/pages\/64932","targetHints":{"allow":["GET"]}}],"collection":[{"href":"https:\/\/diamant-strass-dmc.com\/hu\/wp-json\/wp\/v2\/pages"}],"about":[{"href":"https:\/\/diamant-strass-dmc.com\/hu\/wp-json\/wp\/v2\/types\/page"}],"author":[{"embeddable":true,"href":"https:\/\/diamant-strass-dmc.com\/hu\/wp-json\/wp\/v2\/users\/1"}],"replies":[{"embeddable":true,"href":"https:\/\/diamant-strass-dmc.com\/hu\/wp-json\/wp\/v2\/comments?post=64932"}],"version-history":[{"count":0,"href":"https:\/\/diamant-strass-dmc.com\/hu\/wp-json\/wp\/v2\/pages\/64932\/revisions"}],"wp:attachment":[{"href":"https:\/\/diamant-strass-dmc.com\/hu\/wp-json\/wp\/v2\/media?parent=64932"}],"curies":[{"name":"wp","href":"https:\/\/api.w.org\/{rel}","templated":true}]}}