{"id":63113,"date":"2023-10-27T23:25:45","date_gmt":"2023-10-27T21:25:45","guid":{"rendered":"https:\/\/diamant-strass-dmc.com\/delivery-return-exchange\/"},"modified":"2026-01-04T02:43:12","modified_gmt":"2026-01-04T01:43:12","slug":"delivery-return-exchange","status":"publish","type":"page","link":"https:\/\/diamant-strass-dmc.com\/hu\/delivery-return-exchange\/","title":{"rendered":"Sz\u00e1ll\u00edt\u00e1s, visszak\u00fcld\u00e9s \u00e9s csere"},"content":{"rendered":"<p>A Diamant-Strass-DMC.com weboldalon k\u00edn\u00e1lt term\u00e9keket a franciaorsz\u00e1gi rakt\u00e1rban t\u00e1rolj\u00e1k.<\/p>\n<h2 style=\"margin-top: 50px;\">Sz\u00e1ll\u00edt\u00e1s \u00e9s k\u00e9zbes\u00edt\u00e9s<\/h2>\n<p>A megrendel\u00e9seket a megrendel\u00e9st\u0151l sz\u00e1m\u00edtott 24 \u00f3r\u00e1n bel\u00fcl feladjuk.<\/p>\n<p>A k\u00fcldem\u00e9nyeket egyszer\u0171 lev\u00e9lk\u00e9nt, k\u00f6vetett lev\u00e9lk\u00e9nt vagy Colissimo (La Poste szolg\u00e1ltat\u00e1s Franciaorsz\u00e1gban) vagy Mondial Relay-vel k\u00fcldik, a k\u00fcldem\u00e9nyek sz\u00e1m\u00e1t\u00f3l \u00e9s s\u00faly\u00e1t\u00f3l f\u00fcgg\u0151en.<\/p>\n<p>A sz\u00e1ll\u00edt\u00e1si id\u0151 3 munkanap Franciaorsz\u00e1gban \u00e9s 4-10 munkanap m\u00e1s orsz\u00e1gokban, kiv\u00e9ve a La Poste vagy a Mondial Relay \u00e1ltal okozott, a Diamant-Strass-DMC.com \u00e1ltal nem befoly\u00e1solhat\u00f3 k\u00e9sedelmeket. Ez a sz\u00e1ll\u00edt\u00e1si id\u0151 minden egyes term\u00e9klapon a v\u00e1s\u00e1rl\u00f3 csatlakoz\u00e1si orsz\u00e1ga szerint ker\u00fcl kisz\u00e1m\u00edt\u00e1sra, majd a rendel\u00e9s visszaigazol\u00e1s\u00e1nak oldal\u00e1n a sz\u00e1ll\u00edt\u00e1si c\u00edmk\u00e9nt megadott orsz\u00e1gnak megfelel\u0151en ker\u00fcl felt\u00fcntet\u00e9sre.<\/p>\n<p>Csak a minim\u00e1lis \u00e9rt\u00e9k\u0171 megrendel\u00e9seket k\u00fcldj\u00fck nyomon k\u00f6vet\u00e9ssel. Ez az \u00f6sszeg Franciaorsz\u00e1gba t\u00f6rt\u00e9n\u0151 sz\u00e1ll\u00edt\u00e1s eset\u00e9n 15 \u20ac, m\u00e1s orsz\u00e1gba t\u00f6rt\u00e9n\u0151 sz\u00e1ll\u00edt\u00e1s eset\u00e9n 20 \u20ac. A nyomon k\u00f6vet\u00e9si sz\u00e1mot a vev\u0151 a k\u00fcld\u00e9st visszaigazol\u00f3 e-mailben kapja meg. Ha a megrendel\u00e9st nem eur\u00f3ban fizett\u00e9k ki, a 15\u20ac vagy 20\u20ac \u00f6sszegre t\u00f6rt\u00e9n\u0151 \u00e1tv\u00e1lt\u00e1sn\u00e1l a megrendel\u00e9s napj\u00e1n \u00e9rv\u00e9nyes \u00e1rfolyamot veszik figyelembe.<\/p>\n<h2 style=\"margin-top: 50px;\">K\u00e9sedelem \u00e9s k\u00e1r<\/h2>\n<p>Ha a postai szolg\u00e1ltat\u00e1sok k\u00e9sedelme meghaladja a 3 munkanapot Franciaorsz\u00e1g eset\u00e9ben, illetve az 5 munkanapot a t\u00f6bbi orsz\u00e1g eset\u00e9ben, a Diamant-Strass-DMC.com v\u00e1llalja, hogy a megrendel\u00e9st a v\u00e1s\u00e1rl\u00f3val k\u00f6z\u00f6lt nyomon k\u00f6vet\u00e9si sz\u00e1mmal \u00fajra elk\u00fcldi.<\/p>\n<p>Ha a sz\u00e1ll\u00edt\u00e1si hat\u00e1rid\u0151 meghaladja a megrendel\u00e9st\u0151l sz\u00e1m\u00edtott 20 napot, az ad\u00e1sv\u00e9teli szerz\u0151d\u00e9s felbonthat\u00f3, \u00e9s a v\u00e1s\u00e1rl\u00f3nak teljes \u00f6sszeg visszat\u00e9r\u00edthet\u0151. Lehet\u0151s\u00e9g van arra is, hogy a Diamant-Strass-DMC.com-t\u00f3l a k\u00e9sedelmes vagy elveszett megrendel\u00e9s azonnali \u00fajrak\u00fcld\u00e9s\u00e9t k\u00e9rje.<\/p>\n<p>Sz\u00e1ll\u00edt\u00e1s k\u00f6zbeni s\u00e9r\u00fcl\u00e9s eset\u00e9n a Diamant-Strass-DMC.com c\u00edmre a sz\u00e1ll\u00edt\u00e1st\u00f3l sz\u00e1m\u00edtott 3 napon bel\u00fcl indokolt reklam\u00e1ci\u00f3t kell beny\u00fajtani f\u00e9nyk\u00e9pes form\u00e1ban a contact@diamant-strass-dmc.com c\u00edmen.<\/p>\n<h2 style=\"margin-top: 50px;\">Sz\u00e1ll\u00edt\u00e1si z\u00f3na<\/h2>\n<p>A Diamant-Strass-DMC.com vil\u00e1gszerte sz\u00e1ll\u00edt (nincs orsz\u00e1gos korl\u00e1toz\u00e1s), de bizonyos terjedelmes tartoz\u00e9kok csak az Eur\u00f3pai Uni\u00f3 orsz\u00e1gaiba sz\u00e1ll\u00edthat\u00f3k. Ha egy terjedelmes tartoz\u00e9k az Eur\u00f3pai Uni\u00f3n k\u00edv\u00fcli orsz\u00e1g kosar\u00e1ba ker\u00fcl, a rendel\u00e9s technikailag lehetetlen (ezt egy hiba\u00fczenet jelzi a v\u00e1s\u00e1rl\u00f3nak).<\/p>\n<h2 style=\"margin-top: 50px;\">Sz\u00e1ll\u00edt\u00e1si d\u00edjak<\/h2>\n<p>A sz\u00e1ll\u00edt\u00e1si d\u00edjakat a kos\u00e1r oldal\u00e1n \u00e9s a rendel\u00e9s visszaigazol\u00e1s\u00e1nak oldal\u00e1n kifejezetten felt\u00fcntetj\u00fck. Ezek sz\u00e1mos t\u00e9nyez\u0151t\u0151l f\u00fcggnek, p\u00e9ld\u00e1ul az \u00f6sszes t\u00e9tel s\u00faly\u00e1t\u00f3l.<\/p>\n<h2 style=\"margin-top: 50px;\">Visszajelz\u00e9s \u00e9s vita<\/h2>\n<p>A Diamant-Strass-DMC.com weboldalon v\u00e1s\u00e1rolt term\u00e9kek a v\u00e1s\u00e1rl\u00e1s napj\u00e1t\u00f3l sz\u00e1m\u00edtott 30 napon bel\u00fcl visszak\u00fcldhet\u0151k teljes visszat\u00e9r\u00edt\u00e9s vagy hasonl\u00f3 \u00e9rt\u00e9k\u0171 term\u00e9kre val\u00f3 csere ellen\u00e9ben. A Diamant-Strass-DMC.com-hoz visszak\u00fcld\u00f6tt term\u00e9kek sz\u00e1ll\u00edt\u00e1si k\u00f6lts\u00e9gei a v\u00e1s\u00e1rl\u00f3t terhelik.<\/p>\n<p>A k\u00e9relmeket a contact@diamant-strass-dmc.com c\u00edmre kell k\u00fcldeni, a rendel\u00e9si sz\u00e1m felt\u00fcntet\u00e9s\u00e9vel.<\/p>\n<p>A visszak\u00fcld\u00e9si c\u00edm a k\u00f6vetkez\u0151<\/p>\n<p>DIAMANT STRASS DMC<br \/>\n570 RUE DE SOLESMES<br \/>\n59213 VENDEGIES SUR ECAILLON<br \/>\nFRANCE<\/p>\n<p>A 30 napos id\u0151szak ut\u00e1n visszak\u00fcld\u00f6tt term\u00e9kek nem ker\u00fclnek visszat\u00e9r\u00edt\u00e9sre vagy cser\u00e9re.<\/p>\n<p>A term\u00e9keket tiszt\u00e1n \u00e9s s\u00e9rtetlen\u00fcl kell visszak\u00fcldeni. A lez\u00e1rt gy\u00e9m\u00e1ntzacsk\u00f3k eset\u00e9ben p\u00e9ld\u00e1ul nem szabad felbontani \u0151ket.<\/p>\n","protected":false},"excerpt":{"rendered":"<p>A Diamant-Strass-DMC.com weboldalon k\u00edn\u00e1lt term\u00e9keket a franciaorsz\u00e1gi rakt\u00e1rban t\u00e1rolj\u00e1k. Sz\u00e1ll\u00edt\u00e1s \u00e9s k\u00e9zbes\u00edt\u00e9s A megrendel\u00e9seket a megrendel\u00e9st\u0151l sz\u00e1m\u00edtott 24 \u00f3r\u00e1n bel\u00fcl feladjuk. A k\u00fcldem\u00e9nyeket egyszer\u0171 lev\u00e9lk\u00e9nt, k\u00f6vetett lev\u00e9lk\u00e9nt vagy Colissimo (La Poste szolg\u00e1ltat\u00e1s Franciaorsz\u00e1gban) vagy Mondial Relay-vel k\u00fcldik, a k\u00fcldem\u00e9nyek sz\u00e1m\u00e1t\u00f3l \u00e9s s\u00faly\u00e1t\u00f3l f\u00fcgg\u0151en. A sz\u00e1ll\u00edt\u00e1si id\u0151 3 munkanap Franciaorsz\u00e1gban \u00e9s 4-10 munkanap m\u00e1s orsz\u00e1gokban, kiv\u00e9ve [&hellip;]<\/p>\n","protected":false},"author":1,"featured_media":0,"parent":0,"menu_order":0,"comment_status":"closed","ping_status":"closed","template":"","meta":{"footnotes":""},"class_list":["post-63113","page","type-page","status-publish","hentry"],"blocksy_meta":[],"aioseo_notices":[],"_links":{"self":[{"href":"https:\/\/diamant-strass-dmc.com\/hu\/wp-json\/wp\/v2\/pages\/63113","targetHints":{"allow":["GET"]}}],"collection":[{"href":"https:\/\/diamant-strass-dmc.com\/hu\/wp-json\/wp\/v2\/pages"}],"about":[{"href":"https:\/\/diamant-strass-dmc.com\/hu\/wp-json\/wp\/v2\/types\/page"}],"author":[{"embeddable":true,"href":"https:\/\/diamant-strass-dmc.com\/hu\/wp-json\/wp\/v2\/users\/1"}],"replies":[{"embeddable":true,"href":"https:\/\/diamant-strass-dmc.com\/hu\/wp-json\/wp\/v2\/comments?post=63113"}],"version-history":[{"count":6,"href":"https:\/\/diamant-strass-dmc.com\/hu\/wp-json\/wp\/v2\/pages\/63113\/revisions"}],"predecessor-version":[{"id":125170,"href":"https:\/\/diamant-strass-dmc.com\/hu\/wp-json\/wp\/v2\/pages\/63113\/revisions\/125170"}],"wp:attachment":[{"href":"https:\/\/diamant-strass-dmc.com\/hu\/wp-json\/wp\/v2\/media?parent=63113"}],"curies":[{"name":"wp","href":"https:\/\/api.w.org\/{rel}","templated":true}]}}