{"id":26611,"date":"2021-04-18T16:00:39","date_gmt":"2021-04-18T14:00:39","guid":{"rendered":"https:\/\/diamant-strass-dmc.com\/gyemantok-szin-szerint\/"},"modified":"2025-07-30T02:58:22","modified_gmt":"2025-07-30T00:58:22","slug":"gyemantok-szin-szerint","status":"publish","type":"page","link":"https:\/\/diamant-strass-dmc.com\/hu\/gyemantok-szin-szerint\/","title":{"rendered":"Gy\u00e9m\u00e1ntok sz\u00edn szerint"},"content":{"rendered":"<div class=\"categories-sans-puces\" style=\"margin: 0; padding: 0;\"><div style='margin-bottom: 20px;'><a href='https:\/\/diamant-strass-dmc.com\/hu\/couleur\/feher-es-bezs\/' style='text-decoration: none; display: inline-block;'>\u26aa Feh\u00e9r \u00e9s ekr\u00fc<\/a><\/div><div style='margin-bottom: 20px;'><a href='https:\/\/diamant-strass-dmc.com\/hu\/couleur\/fekete-es-szurke\/' style='text-decoration: none; display: inline-block;'>\u26ab Fekete \u00e9s sz\u00fcrke<\/a><\/div><div style='margin-bottom: 20px;'><a href='https:\/\/diamant-strass-dmc.com\/hu\/couleur\/gesztenye\/' style='text-decoration: none; display: inline-block;'>\ud83d\udfe4 Barna \u00e9s b\u00e9zs<\/a><\/div><div style='margin-bottom: 20px;'><a href='https:\/\/diamant-strass-dmc.com\/hu\/couleur\/ibolya-es-malyva\/' style='text-decoration: none; display: inline-block;'>\ud83d\udfe3 Ibolya \u00e9s m\u00e1lyva<\/a><\/div><div style='margin-bottom: 20px;'><a href='https:\/\/diamant-strass-dmc.com\/hu\/couleur\/kek\/' style='text-decoration: none; display: inline-block;'>\ud83d\udd35 K\u00e9k<\/a><\/div><div style='margin-bottom: 20px;'><a href='https:\/\/diamant-strass-dmc.com\/hu\/couleur\/narancs\/' style='text-decoration: none; display: inline-block;'>\ud83d\udfe0 Narancs<\/a><\/div><div style='margin-bottom: 20px;'><a href='https:\/\/diamant-strass-dmc.com\/hu\/couleur\/piros\/' style='text-decoration: none; display: inline-block;'>\ud83d\udd34 Piros<\/a><\/div><div style='margin-bottom: 20px;'><a href='https:\/\/diamant-strass-dmc.com\/hu\/couleur\/rose-hu\/' style='text-decoration: none; display: inline-block;'>\ud83d\udd34 Rose<\/a><\/div><div style='margin-bottom: 20px;'><a href='https:\/\/diamant-strass-dmc.com\/hu\/couleur\/sarga\/' style='text-decoration: none; display: inline-block;'>\ud83d\udfe1 S\u00e1rga<\/a><\/div><div style='margin-bottom: 20px;'><a href='https:\/\/diamant-strass-dmc.com\/hu\/couleur\/turkiz\/' style='text-decoration: none; display: inline-block;'>\ud83d\udd35 T\u00fcrkiz<\/a><\/div><div style='margin-bottom: 20px;'><a href='https:\/\/diamant-strass-dmc.com\/hu\/couleur\/zold\/' style='text-decoration: none; display: inline-block;'>\ud83d\udfe2 Z\u00f6ld<\/a><\/div><\/div>\n","protected":false},"excerpt":{"rendered":"","protected":false},"author":1,"featured_media":0,"parent":0,"menu_order":0,"comment_status":"closed","ping_status":"closed","template":"","meta":{"footnotes":""},"class_list":["post-26611","page","type-page","status-publish","hentry"],"blocksy_meta":[],"aioseo_notices":[],"_links":{"self":[{"href":"https:\/\/diamant-strass-dmc.com\/hu\/wp-json\/wp\/v2\/pages\/26611","targetHints":{"allow":["GET"]}}],"collection":[{"href":"https:\/\/diamant-strass-dmc.com\/hu\/wp-json\/wp\/v2\/pages"}],"about":[{"href":"https:\/\/diamant-strass-dmc.com\/hu\/wp-json\/wp\/v2\/types\/page"}],"author":[{"embeddable":true,"href":"https:\/\/diamant-strass-dmc.com\/hu\/wp-json\/wp\/v2\/users\/1"}],"replies":[{"embeddable":true,"href":"https:\/\/diamant-strass-dmc.com\/hu\/wp-json\/wp\/v2\/comments?post=26611"}],"version-history":[{"count":1,"href":"https:\/\/diamant-strass-dmc.com\/hu\/wp-json\/wp\/v2\/pages\/26611\/revisions"}],"predecessor-version":[{"id":97620,"href":"https:\/\/diamant-strass-dmc.com\/hu\/wp-json\/wp\/v2\/pages\/26611\/revisions\/97620"}],"wp:attachment":[{"href":"https:\/\/diamant-strass-dmc.com\/hu\/wp-json\/wp\/v2\/media?parent=26611"}],"curies":[{"name":"wp","href":"https:\/\/api.w.org\/{rel}","templated":true}]}}