{"id":26473,"date":"2021-04-09T09:53:12","date_gmt":"2021-04-09T07:53:12","guid":{"rendered":"https:\/\/diamant-strass-dmc.com\/adatvedelem-2\/"},"modified":"2024-09-08T03:40:14","modified_gmt":"2024-09-08T01:40:14","slug":"adatvedelmi-politika","status":"publish","type":"page","link":"https:\/\/diamant-strass-dmc.com\/hu\/adatvedelmi-politika\/","title":{"rendered":"Adatv\u00e9delmi ir\u00e1nyelvek"},"content":{"rendered":"<p>A Diamant-Strass-DMC.com k\u00fcl\u00f6n\u00f6s jelent\u0151s\u00e9get tulajdon\u00edt a felhaszn\u00e1l\u00f3k szem\u00e9lyes \u00e9s banki adatainak v\u00e9delm\u00e9nek \u00e9s biztons\u00e1g\u00e1nak.  <\/p>\n<h2 style=\"margin-top:50px;\">Banki adatkezel\u00e9s<\/h2>\n<p>  A Diamant-Strass-DMC.com nem t\u00e1rolja vagy gy\u0171jti a felhaszn\u00e1l\u00f3 \u00e1ltal megadott hitelk\u00e1rtyasz\u00e1mot, \u00e9s nem f\u00e9r hozz\u00e1 ezekhez az inform\u00e1ci\u00f3khoz.<br \/>\nEzeket az adatokat a Diamant-Strass-DMC.com \u00e1ltal kijel\u00f6lt fizet\u00e9si szolg\u00e1ltat\u00f3k biztons\u00e1gosan \u00e9s titkos\u00edtva tov\u00e1bb\u00edtj\u00e1k: a <em>Stripe<\/em>, ha a v\u00e1s\u00e1rl\u00f3 a &#8222;Fizet\u00e9s hitelk\u00e1rty\u00e1val&#8221; opci\u00f3t v\u00e1lasztotta, illetve a <em>PayPal <\/em>, ha a v\u00e1s\u00e1rl\u00f3 a &#8222;Fizet\u00e9s PayPal-on kereszt\u00fcl&#8221; opci\u00f3t v\u00e1lasztotta.<br \/>\nAz egy\u00e9b fizet\u00e9si platformokat a megrendel\u00e9s visszaigazol\u00f3 oldal\u00e1n kifejezetten felt\u00fcntetj\u00fck.   A tranzakci\u00f3 befejez\u00e9s\u00e9t k\u00f6vet\u0151en ezek a fizet\u00e9si szolg\u00e1ltat\u00f3k t\u00e1j\u00e9koztatj\u00e1k a Diamant-Strass-DMC.com-ot a fizet\u00e9s siker\u00e9r\u0151l vagy sikertelens\u00e9g\u00e9r\u0151l, \u00e9s nem adnak ki semmilyen m\u00e1s inform\u00e1ci\u00f3t. Ezek a platformok a keresked\u0151oldalak \u00e1ltal legink\u00e1bb haszn\u00e1ltak, \u00e9s garant\u00e1lj\u00e1k a biztons\u00e1gos tranzakci\u00f3kat, valamint azt, hogy senki sem f\u00e9rhet hozz\u00e1 a banki adatokhoz, ha a Diamant-Strass-DMC.com oldalt felt\u00f6rn\u00e9k, mivel nem t\u00e1rol banki adatokat.  <\/p>\n<h2 style=\"margin-top:50px;\">Egy\u00e9b szem\u00e9lyes adatok kezel\u00e9se<\/h2>\n<p>  A Diamant-Strass-DMC.com oldal felhaszn\u00e1l\u00f3j\u00e1nak szem\u00e9lyes adatait a felhaszn\u00e1l\u00f3 tudta n\u00e9lk\u00fcl nem teszik k\u00f6zz\u00e9, nem cser\u00e9lik, nem adj\u00e1k \u00e1t, nem engedm\u00e9nyezik \u00e9s nem adj\u00e1k el harmadik f\u00e9lnek semmilyen m\u00f3don. Kiz\u00e1r\u00f3lag a Diamant-Strass-DMC.com oldal megv\u00e1s\u00e1rl\u00e1s\u00e1nak v\u00e1llal\u00e1sa \u00e9s az ahhoz kapcsol\u00f3d\u00f3 jogok felhatalmazz\u00e1k a DLP Web-et, a Diamant-Strass-DMC.com oldal kiad\u00f3j\u00e1t, hogy az eml\u00edtett inform\u00e1ci\u00f3kat tov\u00e1bb\u00edtsa az esetleges v\u00e1s\u00e1rl\u00f3nak, akit viszont a Diamant-Strass-DMC.com oldal felhaszn\u00e1l\u00f3j\u00e1val szemben ugyanaz a k\u00f6telezetts\u00e9g k\u00f6t az adatok meg\u0151rz\u00e9s\u00e9re \u00e9s m\u00f3dos\u00edt\u00e1s\u00e1ra. Franciaorsz\u00e1gban a szem\u00e9lyes adatokat k\u00fcl\u00f6n\u00f6sen az 1978. janu\u00e1r 6-i 78-87. sz. francia t\u00f6rv\u00e9ny, a 2004. augusztus 6-i 2004-801. sz. francia t\u00f6rv\u00e9ny, a b\u00fcntet\u0151 t\u00f6rv\u00e9nyk\u00f6nyv L. 226-13. cikke \u00e9s az 1995. okt\u00f3ber 24-i eur\u00f3pai ir\u00e1nyelv v\u00e9di.<br \/>\nA Diamant-Strass-DMC.com weboldalon az 1978. janu\u00e1r 6-i 78-17. sz. francia t\u00f6rv\u00e9ny 4. cikke \u00e9rtelm\u00e9ben a felhaszn\u00e1l\u00f3ra vonatkoz\u00f3 adatokat kiz\u00e1r\u00f3lag a weboldal \u00e1ltal k\u00edn\u00e1lt szolg\u00e1ltat\u00e1s, azaz a megrendel\u00e9sek feldolgoz\u00e1sa c\u00e9lj\u00e1b\u00f3l gy\u0171jtik.  A felhaszn\u00e1l\u00f3 ezeket az inform\u00e1ci\u00f3kat a t\u00e9nyek teljes ismeret\u00e9ben adja meg, k\u00fcl\u00f6n\u00f6sen akkor, ha azokat saj\u00e1t maga adja meg. A Diamant-Strass-DMC.com oldal felhaszn\u00e1l\u00f3ja ezut\u00e1n t\u00e1j\u00e9koztat\u00e1st kap arr\u00f3l, hogy k\u00f6teles-e megadni ezeket az inform\u00e1ci\u00f3kat. Az 1978. janu\u00e1r 6-i 78-17-es francia adatv\u00e9delmi t\u00f6rv\u00e9ny 38. \u00e9s azt k\u00f6vet\u0151 cikkeinek rendelkez\u00e9sei szerint minden felhaszn\u00e1l\u00f3nak joga van a r\u00e1 vonatkoz\u00f3 szem\u00e9lyes adatokhoz val\u00f3 hozz\u00e1f\u00e9r\u00e9shez, azok helyesb\u00edt\u00e9s\u00e9hez, t\u00f6rl\u00e9s\u00e9hez \u00e9s tiltakoz\u00e1shoz.<br \/>\nE jog\u00e1nak gyakorl\u00e1s\u00e1hoz k\u00fcldje el k\u00e9relm\u00e9t a Diamant-Strass-DMC.com r\u00e9sz\u00e9re a contact@diamant-strass-dmc.com e-mail c\u00edmre.<br \/>\nAz adatb\u00e1zisokat az adatb\u00e1zisok jogi v\u00e9delm\u00e9r\u0151l sz\u00f3l\u00f3, 1996. m\u00e1rcius 11-i 96\/9-es francia ir\u00e1nyelvet \u00e1t\u00fcltet\u0151 1998. j\u00falius 1-jei t\u00f6rv\u00e9ny rendelkez\u00e9sei v\u00e9dik.    <\/p>\n<style><!-- br { content: \" \";display: block;font-size: 100%;height: 2em; } --><\/style>\n","protected":false},"excerpt":{"rendered":"<p>A Diamant-Strass-DMC.com k\u00fcl\u00f6n\u00f6s jelent\u0151s\u00e9get tulajdon\u00edt a felhaszn\u00e1l\u00f3k szem\u00e9lyes \u00e9s banki adatainak v\u00e9delm\u00e9nek \u00e9s biztons\u00e1g\u00e1nak. Banki adatkezel\u00e9s A Diamant-Strass-DMC.com nem t\u00e1rolja vagy gy\u0171jti a felhaszn\u00e1l\u00f3 \u00e1ltal megadott hitelk\u00e1rtyasz\u00e1mot, \u00e9s nem f\u00e9r hozz\u00e1 ezekhez az inform\u00e1ci\u00f3khoz. Ezeket az adatokat a Diamant-Strass-DMC.com \u00e1ltal kijel\u00f6lt fizet\u00e9si szolg\u00e1ltat\u00f3k biztons\u00e1gosan \u00e9s titkos\u00edtva tov\u00e1bb\u00edtj\u00e1k: a Stripe, ha a v\u00e1s\u00e1rl\u00f3 a &#8222;Fizet\u00e9s hitelk\u00e1rty\u00e1val&#8221; [&hellip;]<\/p>\n","protected":false},"author":1,"featured_media":0,"parent":0,"menu_order":0,"comment_status":"closed","ping_status":"closed","template":"template-fullwidth.php","meta":{"footnotes":""},"class_list":["post-26473","page","type-page","status-publish","hentry"],"blocksy_meta":[],"aioseo_notices":[],"_links":{"self":[{"href":"https:\/\/diamant-strass-dmc.com\/hu\/wp-json\/wp\/v2\/pages\/26473","targetHints":{"allow":["GET"]}}],"collection":[{"href":"https:\/\/diamant-strass-dmc.com\/hu\/wp-json\/wp\/v2\/pages"}],"about":[{"href":"https:\/\/diamant-strass-dmc.com\/hu\/wp-json\/wp\/v2\/types\/page"}],"author":[{"embeddable":true,"href":"https:\/\/diamant-strass-dmc.com\/hu\/wp-json\/wp\/v2\/users\/1"}],"replies":[{"embeddable":true,"href":"https:\/\/diamant-strass-dmc.com\/hu\/wp-json\/wp\/v2\/comments?post=26473"}],"version-history":[{"count":2,"href":"https:\/\/diamant-strass-dmc.com\/hu\/wp-json\/wp\/v2\/pages\/26473\/revisions"}],"predecessor-version":[{"id":76169,"href":"https:\/\/diamant-strass-dmc.com\/hu\/wp-json\/wp\/v2\/pages\/26473\/revisions\/76169"}],"wp:attachment":[{"href":"https:\/\/diamant-strass-dmc.com\/hu\/wp-json\/wp\/v2\/media?parent=26473"}],"curies":[{"name":"wp","href":"https:\/\/api.w.org\/{rel}","templated":true}]}}