{"id":26401,"date":"2021-04-08T14:15:31","date_gmt":"2021-04-08T12:15:31","guid":{"rendered":"https:\/\/diamant-strass-dmc.com\/kapcsolat\/"},"modified":"2025-02-14T21:42:15","modified_gmt":"2025-02-14T20:42:15","slug":"kapcsolatfelvetel","status":"publish","type":"page","link":"https:\/\/diamant-strass-dmc.com\/hu\/kapcsolatfelvetel\/","title":{"rendered":"Kapcsolatfelv\u00e9tel"},"content":{"rendered":"<p style=\"background: #FFC1C1; color: black; padding: 20px; border: 1px solid black;\">Miel\u0151tt kapcsolatba l\u00e9pne vel\u00fcnk, <span style=\"text-decoration: underline;\"><strong><a style=\"color: #01578b;\" href=\"\/hu\/faq\/\">tekintse meg ezt az oldalt<\/a><\/strong><\/span> ahol a leggyakrabban feltett k\u00e9rd\u00e9sekre v\u00e1laszolunk.<\/p>\n<div class=\"wpforms-container wpforms-container-full\" id=\"wpforms-83534\"><form id=\"wpforms-form-83534\" class=\"wpforms-validate wpforms-form\" data-formid=\"83534\" method=\"post\" enctype=\"multipart\/form-data\" action=\"\/hu\/wp-json\/wp\/v2\/pages\/26401\" data-token=\"c659a05f8a0a496c8be684b41cc23d46\" data-token-time=\"1777434367\"><noscript class=\"wpforms-error-noscript\">Please enable JavaScript in your browser to complete this form.<\/noscript><div class=\"wpforms-field-container\"><div id=\"wpforms-83534-field_0-container\" class=\"wpforms-field wpforms-field-name\" data-field-id=\"0\"><label class=\"wpforms-field-label\" for=\"wpforms-83534-field_0\">N\u00e9v <span class=\"wpforms-required-label\">*<\/span><\/label><input type=\"text\" id=\"wpforms-83534-field_0\" class=\"wpforms-field-small wpforms-field-required\" name=\"wpforms[fields][0]\" required><\/div><div id=\"wpforms-83534-field_1-container\" class=\"wpforms-field wpforms-field-email\" data-field-id=\"1\"><label class=\"wpforms-field-label\" for=\"wpforms-83534-field_1\">E-mail <span class=\"wpforms-required-label\">*<\/span><\/label><input type=\"email\" id=\"wpforms-83534-field_1\" class=\"wpforms-field-small wpforms-field-required\" name=\"wpforms[fields][1]\" spellcheck=\"false\" required><\/div><div id=\"wpforms-83534-field_6-container\" class=\"wpforms-field wpforms-field-radio\" data-field-id=\"6\"><label class=\"wpforms-field-label\">K\u00e9r\u00e9sem a k\u00f6vetkez\u0151kre vonatkozik : <span class=\"wpforms-required-label\">*<\/span><\/label><ul id=\"wpforms-83534-field_6\" class=\"wpforms-field-required\"><li class=\"choice-1 depth-1\"><input type=\"radio\" id=\"wpforms-83534-field_6_1\" name=\"wpforms[fields][6]\" value=\"A megrendel\u00e9s nem \u00e9rkezett meg\" required ><label class=\"wpforms-field-label-inline\" for=\"wpforms-83534-field_6_1\">A megrendel\u00e9s nem \u00e9rkezett meg<\/label><\/li><li class=\"choice-3 depth-1\"><input type=\"radio\" id=\"wpforms-83534-field_6_3\" name=\"wpforms[fields][6]\" value=\"Partners\u00e9g\" required ><label class=\"wpforms-field-label-inline\" for=\"wpforms-83534-field_6_3\">Partners\u00e9g<\/label><\/li><li class=\"choice-2 depth-1\"><input type=\"radio\" id=\"wpforms-83534-field_6_2\" name=\"wpforms[fields][6]\" value=\"Egy\u00e9b\" required ><label class=\"wpforms-field-label-inline\" for=\"wpforms-83534-field_6_2\">Egy\u00e9b<\/label><\/li><\/ul><\/div><div id=\"wpforms-83534-field_7-container\" class=\"wpforms-field wpforms-field-number\" data-field-id=\"7\"><label class=\"wpforms-field-label\" for=\"wpforms-83534-field_7\">Megrendel\u00e9s sz\u00e1ma<\/label><input type=\"number\" id=\"wpforms-83534-field_7\" class=\"wpforms-field-small\" name=\"wpforms[fields][7]\" step=\"any\" ><\/div><div id=\"wpforms-83534-field_3-container\" class=\"wpforms-field wpforms-field-text\" data-field-id=\"3\"><label class=\"wpforms-field-label\" for=\"wpforms-83534-field_3\">\u00dczenet t\u00e1rgya <span class=\"wpforms-required-label\">*<\/span><\/label><input type=\"text\" id=\"wpforms-83534-field_3\" class=\"wpforms-field-medium wpforms-field-required\" name=\"wpforms[fields][3]\" required><\/div><div id=\"wpforms-83534-field_2-container\" class=\"wpforms-field wpforms-field-textarea\" data-field-id=\"2\"><label class=\"wpforms-field-label\" for=\"wpforms-83534-field_2\">\u00dczenet <span class=\"wpforms-required-label\">*<\/span><\/label><textarea id=\"wpforms-83534-field_2\" class=\"wpforms-field-medium wpforms-field-required\" name=\"wpforms[fields][2]\" required><\/textarea><\/div><\/div><!-- .wpforms-field-container --><div class=\"wpforms-recaptcha-container wpforms-is-recaptcha wpforms-is-recaptcha-type-invisible\" ><div class=\"g-recaptcha\" data-sitekey=\"6LfiZ_ckAAAAAE9VfN4q3CB4oUYnMzwDF9OFg1j0\" data-size=\"invisible\"><\/div><\/div><div class=\"wpforms-submit-container\" ><input type=\"hidden\" name=\"wpforms[id]\" value=\"83534\"><input type=\"hidden\" name=\"page_title\" value=\"\"><input type=\"hidden\" name=\"page_url\" value=\"https:\/\/diamant-strass-dmc.com\/hu\/wp-json\/wp\/v2\/pages\/26401\"><input type=\"hidden\" name=\"url_referer\" value=\"\"><button type=\"submit\" name=\"wpforms[submit]\" id=\"wpforms-submit-83534\" class=\"wpforms-submit\" data-alt-text=\"K\u00fcld\u00e9s folyamatban...\" data-submit-text=\"K\u00fcldje el\" aria-live=\"assertive\" value=\"wpforms-submit\">K\u00fcldje el<\/button><\/div><\/form><\/div>  <!-- .wpforms-container -->\n","protected":false},"excerpt":{"rendered":"<p>Miel\u0151tt kapcsolatba l\u00e9pne vel\u00fcnk, tekintse meg ezt az oldalt ahol a leggyakrabban feltett k\u00e9rd\u00e9sekre v\u00e1laszolunk.<\/p>\n","protected":false},"author":1,"featured_media":0,"parent":0,"menu_order":0,"comment_status":"closed","ping_status":"closed","template":"template-fullwidth.php","meta":{"footnotes":""},"class_list":["post-26401","page","type-page","status-publish","hentry"],"blocksy_meta":[],"aioseo_notices":[],"_links":{"self":[{"href":"https:\/\/diamant-strass-dmc.com\/hu\/wp-json\/wp\/v2\/pages\/26401","targetHints":{"allow":["GET"]}}],"collection":[{"href":"https:\/\/diamant-strass-dmc.com\/hu\/wp-json\/wp\/v2\/pages"}],"about":[{"href":"https:\/\/diamant-strass-dmc.com\/hu\/wp-json\/wp\/v2\/types\/page"}],"author":[{"embeddable":true,"href":"https:\/\/diamant-strass-dmc.com\/hu\/wp-json\/wp\/v2\/users\/1"}],"replies":[{"embeddable":true,"href":"https:\/\/diamant-strass-dmc.com\/hu\/wp-json\/wp\/v2\/comments?post=26401"}],"version-history":[{"count":3,"href":"https:\/\/diamant-strass-dmc.com\/hu\/wp-json\/wp\/v2\/pages\/26401\/revisions"}],"predecessor-version":[{"id":83540,"href":"https:\/\/diamant-strass-dmc.com\/hu\/wp-json\/wp\/v2\/pages\/26401\/revisions\/83540"}],"wp:attachment":[{"href":"https:\/\/diamant-strass-dmc.com\/hu\/wp-json\/wp\/v2\/media?parent=26401"}],"curies":[{"name":"wp","href":"https:\/\/api.w.org\/{rel}","templated":true}]}}