{"id":26342,"date":"2021-04-08T10:39:02","date_gmt":"2021-04-08T08:39:02","guid":{"rendered":"https:\/\/diamant-strass-dmc.com\/ertekesitesi-feltetelek\/"},"modified":"2025-03-02T02:54:58","modified_gmt":"2025-03-02T01:54:58","slug":"cgv","status":"publish","type":"page","link":"https:\/\/diamant-strass-dmc.com\/hu\/cgv\/","title":{"rendered":"\u00c1ltal\u00e1nos \u00e9rt\u00e9kes\u00edt\u00e9si felt\u00e9telek"},"content":{"rendered":"<p>A jelen felhaszn\u00e1l\u00e1si felt\u00e9teleket minden term\u00e9szetes vagy jogi szem\u00e9ly, aki vagy amely a Diamant-Strass-DMC.com weboldalon v\u00e1s\u00e1rolni k\u00edv\u00e1n, a tov\u00e1bbiakban &#8222;a v\u00e1s\u00e1rl\u00f3&#8221;, k\u00f6ti meg. M\u00e1sr\u00e9szt a Diamant-Strass-DMC.com, amelyet a DPL Web ad ki, amelynek sz\u00e9khelye a k\u00f6vetkez\u0151 c\u00edmen tal\u00e1lhat\u00f3: 570 rue de Solesmes 59213 Vendegies-sur-\u00c9caillon (Franciaorsz\u00e1g), \u00e9s amelyet a SIRET <strong>50778378500052<\/strong> \u00e9s az RCS <strong>Douai A 507 783 785<\/strong> sz\u00e1m alatt jegyeztek be a tov\u00e1bbiakban: Diamant-Strass-DMC.com.<\/p>\n<h2 style=\"margin-top: 50px;\">E felt\u00e9telek c\u00e9lja<\/h2>\n<p>A jelen \u00e9rt\u00e9kes\u00edt\u00e9si felt\u00e9telek c\u00e9lja, hogy meghat\u00e1rozza a v\u00e1s\u00e1rl\u00f3 \u00e9s a Diamant-Strass-DMC.com k\u00f6z\u00f6tti szerz\u0151d\u00e9ses kapcsolatokat, valamint a Diamant-Strass-DMC.com e-kereskedelmi weboldal\u00e1n kereszt\u00fcl t\u00f6rt\u00e9n\u0151 v\u00e1s\u00e1rl\u00e1sra vonatkoz\u00f3 felt\u00e9teleket, f\u00fcggetlen\u00fcl att\u00f3l, hogy a v\u00e1s\u00e1rl\u00f3 szakmai vagy mag\u00e1nszem\u00e9ly. A Diamant-Strass-DMC.com weboldalon kereszt\u00fcl t\u00f6rt\u00e9n\u0151 \u00e1ru vagy szolg\u00e1ltat\u00e1s beszerz\u00e9s\u00e9nek felt\u00e9tele, hogy a v\u00e1s\u00e1rl\u00f3 fenntart\u00e1s n\u00e9lk\u00fcl elfogadja ezeket az \u00e1ltal\u00e1nos \u00e9rt\u00e9kes\u00edt\u00e9si felt\u00e9teleket.<\/p>\n<p>Ezek az \u00e1ltal\u00e1nos \u00e9rt\u00e9kes\u00edt\u00e9si felt\u00e9telek els\u0151bbs\u00e9get \u00e9lveznek minden olyan \u00e1ltal\u00e1nos vagy k\u00fcl\u00f6n\u00f6s felt\u00e9tellel szemben, amelyet a Diamant-Strass-DMC.com nem fogadott el kifejezetten. Tov\u00e1bb\u00e1 a Diamant-Strass-DMC.com fenntartja a jogot, hogy b\u00e1rmikor m\u00f3dos\u00edtsa az \u00e9rt\u00e9kes\u00edt\u00e9si felt\u00e9teleket. Az alkalmazand\u00f3 felt\u00e9telek a vev\u0151 \u00e1ltal leadott megrendel\u00e9s id\u0151pontj\u00e1ban \u00e9rv\u00e9nyesek.<\/p>\n<h2 style=\"margin-top: 50px;\">A Diamant-Strass-DMC.com \u00e1ltal k\u00edn\u00e1lt term\u00e9kek jellemz\u0151i<\/h2>\n<p>A k\u00edn\u00e1lt term\u00e9kek a Diamant-Strass-DMC.com weboldalon szerepl\u0151 term\u00e9kek. Ezek a term\u00e9kek a k\u00e9szlet erej\u00e9ig kaphat\u00f3k. <\/p>\n<h2 style=\"margin-top: 50px;\">A felsz\u00e1m\u00edtott \u00e1rak<\/h2>\n<p>A Diamant-Strass-DMC.com weboldalon felt\u00fcntetett \u00e1rak minden ad\u00f3t tartalmaznak: figyelembe veszik a megrendel\u00e9s napj\u00e1n \u00e9rv\u00e9nyes hozz\u00e1adott\u00e9rt\u00e9k-ad\u00f3t (\u00c1FA). A H\u00c9A-kulcs b\u00e1rmilyen v\u00e1ltoz\u00e1sa t\u00fckr\u00f6z\u0151dhet az \u00e1rakban. A Diamant-Strass-DMC.com fenntartja mag\u00e1nak a jogot, hogy \u00e1rait b\u00e1rmikor m\u00f3dos\u00edtsa, azzal a felt\u00e9tellel, hogy a megrendel\u00e9s lead\u00e1sakor a term\u00e9klapon felt\u00fcntetett \u00e1r lesz az egyetlen, a v\u00e1s\u00e1rl\u00f3ra vonatkoz\u00f3 \u00e1r. A term\u00e9klapokon felt\u00fcntetett \u00e1rak nem tartalmazz\u00e1k a sz\u00e1ll\u00edt\u00e1si k\u00f6lts\u00e9geket. <\/p>\n<h2 style=\"margin-top: 50px;\">Rendel\u00e9s a Diamant-Strass-DMC.com oldalon<\/h2>\n<p>A megrendel\u00e9st leadni k\u00edv\u00e1n\u00f3 v\u00e1s\u00e1rl\u00f3knak :<\/p>\n<ul>\n<li>T\u00f6ltse ki az online kosarat, hozz\u00e1adva az \u00f6sszes kiv\u00e1lasztott term\u00e9kreferenci\u00e1t;<\/li>\n<li>T\u00f6ltse ki az azonos\u00edt\u00f3 \u0171rlapot a k\u00e9rt el\u00e9rhet\u0151s\u00e9gi adatokkal, vagy jelentkezzen be \u00fcgyf\u00e9lfi\u00f3kj\u00e1ba, ha rendelkezik ilyennel;<\/li>\n<li>A megrendel\u00e9s meger\u0151s\u00edt\u00e9se a kifizet\u00e9ssel, miut\u00e1n ellen\u0151rizte azt \u00e9s elfogadta ezeket az \u00e1ltal\u00e1nos \u00e9rt\u00e9kes\u00edt\u00e9si felt\u00e9teleket;<\/li>\n<\/ul>\n<p>A megrendel\u00e9s visszaigazol\u00e1sa ezen \u00e1ltal\u00e1nos \u00e9rt\u00e9kes\u00edt\u00e9si felt\u00e9telek elfogad\u00e1s\u00e1t, azok teljes k\u00f6r\u0171 ismeret\u00e9nek elismer\u00e9s\u00e9t \u00e9s a saj\u00e1t v\u00e1s\u00e1rl\u00e1si vagy egy\u00e9b felt\u00e9telekre val\u00f3 hivatkoz\u00e1s jog\u00e1r\u00f3l val\u00f3 lemond\u00e1st jelenti. Minden megadott adat \u00e9s a r\u00f6gz\u00edtett visszaigazol\u00e1s a tranzakci\u00f3 bizony\u00edt\u00e9k\u00e1nak min\u0151s\u00fcl. A visszaigazol\u00e1s az elv\u00e9gzett m\u0171veletek al\u00e1\u00edr\u00e1s\u00e1nak \u00e9s elfogad\u00e1s\u00e1nak min\u0151s\u00fcl. Az elad\u00f3 egy e-mailt k\u00fcld, amelyben meger\u0151s\u00edti, hogy a megrendel\u00e9st regisztr\u00e1lt\u00e1k, majd visszaigazolja, hogy a megrendel\u00e9st elk\u00fcldt\u00e9k, \u00e9s adott esetben megadja a nyomon k\u00f6vet\u00e9si sz\u00e1mot.<\/p>\n<h2 style=\"margin-top: 50px;\">Fizet\u00e9si felt\u00e9telek<\/h2>\n<p>Az \u00e1r a megrendel\u00e9skor fizetend\u0151. A vev\u0151 sz\u00e1ml\u00e1j\u00e1t megterhelik a megrendelt term\u00e9kek \u00f6sszeg\u00e9vel, valamint adott esetben a sz\u00e1ll\u00edt\u00e1si k\u00f6lts\u00e9gekkel. <\/p>\n<p>A megrendel\u00e9s visszaigazol\u00f3 oldal\u00e1n k\u00edn\u00e1lt fizet\u00e9si m\u00f3dok mindegyike SSL (Secure Socket Layer) protokollt haszn\u00e1l, ami azt jelenti, hogy az \u00e1tvitt inform\u00e1ci\u00f3kat egy szoftver titkos\u00edtja, \u00e9s harmadik f\u00e9l nem olvashatja ki \u0151ket a h\u00e1l\u00f3zaton kereszt\u00fcl t\u00f6rt\u00e9n\u0151 sz\u00e1ll\u00edt\u00e1s sor\u00e1n.<\/p>\n<p>A Diamant-Strass-DMC.com nem t\u00e1rolja \u00e9s nem gy\u0171jti a felhaszn\u00e1l\u00f3 \u00e1ltal megadott hitelk\u00e1rtyasz\u00e1mot, \u00e9s technikailag nem f\u00e9r hozz\u00e1 ezekhez az inform\u00e1ci\u00f3khoz.<\/p>\n<h2 style=\"margin-top: 50px;\">Sz\u00e1ll\u00edt\u00e1s \u00e9s sz\u00e1ll\u00edt\u00e1s<\/h2>\n<p>Minden term\u00e9ket Franciaorsz\u00e1gban, a Diamant-Strass-DMC.com rakt\u00e1r\u00e1ban t\u00e1rolnak.<\/p>\n<p>A megrendel\u00e9seket a megrendel\u00e9st\u0151l sz\u00e1m\u00edtott 24 \u00f3r\u00e1n bel\u00fcl feladjuk.<\/p>\n<p>A k\u00fcldem\u00e9nyeket egyszer\u0171 lev\u00e9lk\u00e9nt, k\u00f6vetett lev\u00e9lk\u00e9nt vagy Colissimo (La Poste szolg\u00e1ltat\u00e1s Franciaorsz\u00e1gban) vagy Mondial Relay-vel k\u00fcldik, a k\u00fcldem\u00e9nyek sz\u00e1m\u00e1t\u00f3l \u00e9s s\u00faly\u00e1t\u00f3l f\u00fcgg\u0151en.<\/p>\n<p>A sz\u00e1ll\u00edt\u00e1si id\u0151 3 munkanap Franciaorsz\u00e1gban \u00e9s 3-10 munkanap m\u00e1s orsz\u00e1gokban, kiv\u00e9ve a La Poste vagy a Mondial Relay \u00e1ltal okozott, a Diamant-Strass-DMC.com \u00e1ltal nem befoly\u00e1solhat\u00f3 k\u00e9sedelmeket. Ez a sz\u00e1ll\u00edt\u00e1si id\u0151 minden egyes term\u00e9klapon a v\u00e1s\u00e1rl\u00f3 csatlakoz\u00e1si orsz\u00e1ga szerint ker\u00fcl kisz\u00e1m\u00edt\u00e1sra, majd a rendel\u00e9s visszaigazol\u00e1s\u00e1nak oldal\u00e1n a sz\u00e1ll\u00edt\u00e1si c\u00edmk\u00e9nt megadott orsz\u00e1gnak megfelel\u0151en ker\u00fcl felt\u00fcntet\u00e9sre. <\/p>\n<p>Csak a minim\u00e1lis \u00e9rt\u00e9k\u0171 megrendel\u00e9seket k\u00fcldj\u00fck nyomon k\u00f6vet\u00e9ssel. Ez az \u00f6sszeg Franciaorsz\u00e1gba t\u00f6rt\u00e9n\u0151 sz\u00e1ll\u00edt\u00e1s eset\u00e9n 15 \u20ac, m\u00e1s orsz\u00e1gba t\u00f6rt\u00e9n\u0151 sz\u00e1ll\u00edt\u00e1s eset\u00e9n 20 \u20ac. A nyomon k\u00f6vet\u00e9si sz\u00e1mot a vev\u0151 a k\u00fcld\u00e9st visszaigazol\u00f3 e-mailben kapja meg. Ha a megrendel\u00e9st nem eur\u00f3ban fizett\u00e9k ki, a 15\u20ac vagy 20\u20ac \u00f6sszegre t\u00f6rt\u00e9n\u0151 \u00e1tv\u00e1lt\u00e1sn\u00e1l a megrendel\u00e9s napj\u00e1n \u00e9rv\u00e9nyes \u00e1rfolyamot veszik figyelembe.   <\/p>\n<p>Ha a postai szolg\u00e1ltat\u00e1sok k\u00e9sedelme meghaladja a 3 munkanapot Franciaorsz\u00e1g eset\u00e9ben, illetve az 5 munkanapot a t\u00f6bbi orsz\u00e1g eset\u00e9ben, a Diamant-Strass-DMC.com v\u00e1llalja, hogy a megrendel\u00e9st a v\u00e1s\u00e1rl\u00f3val k\u00f6z\u00f6lt nyomon k\u00f6vet\u00e9si sz\u00e1mmal \u00fajra elk\u00fcldi.<\/p>\n<p>Ha a sz\u00e1ll\u00edt\u00e1si hat\u00e1rid\u0151 a megrendel\u00e9st\u0151l sz\u00e1m\u00edtott 20 munkanapot meghaladja, az ad\u00e1sv\u00e9teli szerz\u0151d\u00e9s felbonthat\u00f3, \u00e9s a vev\u0151nek visszat\u00e9r\u00edtend\u0151.<\/p>\n<h2 style=\"margin-top: 50px;\">K\u00e1r<\/h2>\n<p>Sz\u00e1ll\u00edt\u00e1s k\u00f6zbeni s\u00e9r\u00fcl\u00e9s eset\u00e9n a Diamant-Strass-DMC.com c\u00edmre a sz\u00e1ll\u00edt\u00e1st\u00f3l sz\u00e1m\u00edtott 3 napon bel\u00fcl indokolt reklam\u00e1ci\u00f3t kell beny\u00fajtani f\u00e9nyk\u00e9pes form\u00e1ban a contact@diamant-strass-dmc.com c\u00edmen.<\/p>\n<h2 style=\"margin-top: 50px;\">Visszajelz\u00e9s \u00e9s vita<\/h2>\n<p>A Diamant-Strass-DMC.com weboldalon v\u00e1s\u00e1rolt term\u00e9kek a v\u00e1s\u00e1rl\u00e1s napj\u00e1t\u00f3l sz\u00e1m\u00edtott 30 napon bel\u00fcl visszak\u00fcldhet\u0151k teljes visszat\u00e9r\u00edt\u00e9s vagy hasonl\u00f3 \u00e9rt\u00e9k\u0171 term\u00e9kre val\u00f3 csere ellen\u00e9ben. A Diamant-Strass-DMC.com-hoz visszak\u00fcld\u00f6tt term\u00e9kek sz\u00e1ll\u00edt\u00e1si k\u00f6lts\u00e9gei a v\u00e1s\u00e1rl\u00f3t terhelik.<\/p>\n<p>A k\u00e9relmeket a diamant.strass@gmail.com c\u00edmre kell k\u00fcldeni, a rendel\u00e9si sz\u00e1m felt\u00fcntet\u00e9s\u00e9vel.<\/p>\n<p>A visszak\u00fcld\u00e9si c\u00edm a k\u00f6vetkez\u0151<\/p>\n<p>DIAMANT STRASS DMC<br \/>\n570 RUE DE SOLESMES<br \/>\n59213 VENDEGIES SUR ECAILLON<br \/>\nFRANCE<\/p>\n<p>A 30 napos id\u0151szak ut\u00e1n visszak\u00fcld\u00f6tt term\u00e9kek nem ker\u00fclnek visszat\u00e9r\u00edt\u00e9sre vagy cser\u00e9re.<\/p>\n<p>A term\u00e9keket tiszt\u00e1n \u00e9s s\u00e9rtetlen\u00fcl kell visszak\u00fcldeni. A lez\u00e1rt gy\u00e9m\u00e1ntcsomagokat nem szabad felbontani.<\/p>\n<h2 style=\"margin-top: 50px;\">Visszavon\u00e1s<\/h2>\n<p>A vev\u0151k, nem szakmai mag\u00e1nszem\u00e9lyek, az orsz\u00e1guk jogszab\u00e1lyai \u00e1ltal el\u0151\u00edrt el\u00e1ll\u00e1si id\u0151szakot \u00e9lvezik. Az el\u00e1ll\u00e1si jog\u00e1nak gyakorl\u00e1s\u00e1hoz k\u00e9rj\u00fck, \u00e9rtes\u00edtse a Diamant-Strass-DMC.com-ot a weboldal kapcsolatfelv\u00e9teli \u0171rlapj\u00e1n vagy a contact@diamant-strass-dmc.com e-mail c\u00edmen.<\/p>\n<p>Ezt k\u00f6vet\u0151en a term\u00e9ket 30 napon bel\u00fcl vissza kell k\u00fcldeni a Diamant-Strass-DMC.com c\u00edmre, b\u00fcntet\u00e9s n\u00e9lk\u00fcli cser\u00e9re vagy visszat\u00e9r\u00edt\u00e9sre, kiv\u00e9ve a visszak\u00fcld\u00e9s k\u00f6lts\u00e9geit, amelyek a v\u00e1s\u00e1rl\u00f3 felel\u0151ss\u00e9ge maradnak.<\/p>\n<p>Visszat\u00e9r\u00edt\u00e9s csak akkor t\u00f6rt\u00e9nik, ha a term\u00e9k \u00e9s a csomagol\u00e1s s\u00e9rtetlen (lez\u00e1rt gy\u00f6ngyh\u00e1zzacsk\u00f3 eset\u00e9n a csomagol\u00e1s nem lehet felbontva).<\/p>\n<h2 style=\"margin-top: 50px;\">Az elad\u00f3 felel\u0151ss\u00e9ge \u00e9s szellemi tulajdon<\/h2>\n<p>Az elad\u00f3t az online \u00e9rt\u00e9kes\u00edt\u00e9si folyamat sor\u00e1n csak az eszk\u00f6zk\u00f6telezetts\u00e9g k\u00f6ti, \u00e9s nem vonhat\u00f3 felel\u0151ss\u00e9gre az internetes h\u00e1l\u00f3zat haszn\u00e1lat\u00e1b\u00f3l ered\u0151 k\u00e1rok\u00e9rt, mint p\u00e9ld\u00e1ul adatveszt\u00e9s, behatol\u00e1s, v\u00edrus, a szolg\u00e1ltat\u00e1s meghib\u00e1sod\u00e1sa vagy egy\u00e9b nem sz\u00e1nd\u00e9kos probl\u00e9m\u00e1k.<\/p>\n<h2 style=\"margin-top: 50px;\">Szellemi tulajdon<\/h2>\n<p>A Diamant-Strass-DMC.com weboldal minden eleme. a Diamant-Strass-DMC.com kiz\u00e1r\u00f3lagos szellemi tulajdon\u00e1t k\u00e9pezik \u00e9s k\u00e9pezik.<\/p>\n<p>Senki sem jogosult a weboldal elemeinek &#8211; ak\u00e1r szoftveres, k\u00e9pi vagy hangi &#8211; reproduk\u00e1l\u00e1s\u00e1ra, hasznos\u00edt\u00e1s\u00e1ra, tov\u00e1bbk\u00f6zvet\u00edt\u00e9s\u00e9re vagy b\u00e1rmilyen m\u00f3don t\u00f6rt\u00e9n\u0151, ak\u00e1r r\u00e9szleges felhaszn\u00e1l\u00e1s\u00e1ra.<\/p>\n<h2 style=\"margin-top: 50px;\">\u00c9rt\u00e9kes\u00edt\u00e9s ut\u00e1ni szolg\u00e1ltat\u00e1s<\/h2>\n<p>A Diamant-Strass-DMC.com \u00e9rt\u00e9kes\u00edt\u00e9s ut\u00e1ni szolg\u00e1ltat\u00e1s a contact@diamant-strass-dmc.com e-mail c\u00edmen vagy a kapcsolatfelv\u00e9teli \u0171rlapon kereszt\u00fcl \u00e9rhet\u0151 el.<\/p>\n<h2 style=\"margin-top: 50px;\">Szem\u00e9lyes adatok<\/h2>\n<p>Az 1978. janu\u00e1r 6-i francia adatv\u00e9delmi t\u00f6rv\u00e9ny \u00e9rtelm\u00e9ben a v\u00e1s\u00e1rl\u00f3k szem\u00e9lyes adatai automatikusan feldolgozhat\u00f3k. A Diamant-Strass-DMC.com fenntartja mag\u00e1nak a jogot, hogy a v\u00e1s\u00e1rl\u00f3kr\u00f3l inform\u00e1ci\u00f3kat gy\u0171jts\u00f6n, t\u00f6bbek k\u00f6z\u00f6tt s\u00fctik seg\u00edts\u00e9g\u00e9vel, \u00e9s ha k\u00edv\u00e1nja, az \u00f6sszegy\u0171jt\u00f6tt inform\u00e1ci\u00f3kat tov\u00e1bb\u00edtsa kereskedelmi partnereknek. A Diamant-Strass-DMC.com b\u00f6ng\u00e9sz\u00e9se az eml\u00edtett s\u00fctik gy\u0171jt\u00e9s\u00e9nek \u00e9s haszn\u00e1lat\u00e1nak elfogad\u00e1s\u00e1t jelenti.<\/p>\n<p>A v\u00e1s\u00e1rl\u00f3k a Diamant-Strass-DMC.com \u00e9rtes\u00edt\u00e9se \u00fatj\u00e1n tiltakozhatnak adataik nyilv\u00e1noss\u00e1gra hozatala ellen. Hasonl\u00f3k\u00e9ppen, a felhaszn\u00e1l\u00f3knak joguk van a r\u00e1juk vonatkoz\u00f3 adatokhoz val\u00f3 hozz\u00e1f\u00e9r\u00e9shez \u00e9s azok helyesb\u00edt\u00e9s\u00e9hez, az 1978. janu\u00e1r 6-i francia t\u00f6rv\u00e9nynek megfelel\u0151en. Az inform\u00e1ci\u00f3k automatiz\u00e1lt feldolgoz\u00e1s\u00e1t, bele\u00e9rtve az oldal felhaszn\u00e1l\u00f3inak e-mail c\u00edmeinek kezel\u00e9s\u00e9t, bejelentett\u00e9k (n\u00b01787089) a Nemzeti Informatikai \u00e9s Szabads\u00e1g\u00fcgyi Bizotts\u00e1gnak (CNIL).<\/p>\n<p>Amint azt fentebb a &#8222;fizet\u00e9si m\u00f3dok&#8221; szakaszban jelezt\u00fck, a Diamant-Strass-DMC.com nem t\u00e1rolja \u00e9s nem gy\u0171jti a felhaszn\u00e1l\u00f3 \u00e1ltal megadott hitelk\u00e1rtyasz\u00e1mot, \u00e9s technikailag nem f\u00e9r hozz\u00e1 ezekhez az inform\u00e1ci\u00f3khoz.<\/p>\n<h2 style=\"margin-top: 50px;\">Archiv\u00e1l\u00e1s \/ Bizony\u00edt\u00e9kok<\/h2>\n<p>Diamant-Strass-DMC.com. a megrendel\u0151lapokat \u00e9s a sz\u00e1ml\u00e1kat megb\u00edzhat\u00f3 \u00e9s tart\u00f3s adathordoz\u00f3n archiv\u00e1lja, amely a francia polg\u00e1ri t\u00f6rv\u00e9nyk\u00f6nyv 1348. cikk\u00e9nek rendelkez\u00e9sei szerint hiteles m\u00e1solatot k\u00e9pez. A Diamant-Strass-DMC.com sz\u00e1m\u00edt\u00f3g\u00e9pes nyilv\u00e1ntart\u00e1s\u00e1t a felek a felek k\u00f6z\u00f6tti kommunik\u00e1ci\u00f3, megrendel\u00e9sek, fizet\u00e9sek \u00e9s tranzakci\u00f3k bizony\u00edt\u00e9k\u00e1nak tekintik.<\/p>\n<h2 style=\"margin-top: 50px;\">Vitarendez\u00e9s<\/h2>\n<p>A jelen \u00e1ltal\u00e1nos \u00e9rt\u00e9kes\u00edt\u00e9si felt\u00e9telek a francia jog hat\u00e1lya al\u00e1 tartoznak. Jogvita eset\u00e9n a joghat\u00f3s\u00e1got a franciaorsz\u00e1gi P\u00e1rizs illet\u00e9kes b\u00edr\u00f3s\u00e1gai gyakorolj\u00e1k, f\u00fcggetlen\u00fcl att\u00f3l, hogy t\u00f6bb alperes vagy harmadik f\u00e9l is jelen van.<\/p>\n","protected":false},"excerpt":{"rendered":"<p>A jelen felhaszn\u00e1l\u00e1si felt\u00e9teleket minden term\u00e9szetes vagy jogi szem\u00e9ly, aki vagy amely a Diamant-Strass-DMC.com weboldalon v\u00e1s\u00e1rolni k\u00edv\u00e1n, a tov\u00e1bbiakban &#8222;a v\u00e1s\u00e1rl\u00f3&#8221;, k\u00f6ti meg. M\u00e1sr\u00e9szt a Diamant-Strass-DMC.com, amelyet a DPL Web ad ki, amelynek sz\u00e9khelye a k\u00f6vetkez\u0151 c\u00edmen tal\u00e1lhat\u00f3: 570 rue de Solesmes 59213 Vendegies-sur-\u00c9caillon (Franciaorsz\u00e1g), \u00e9s amelyet a SIRET 50778378500052 \u00e9s az RCS Douai A [&hellip;]<\/p>\n","protected":false},"author":1,"featured_media":0,"parent":0,"menu_order":0,"comment_status":"closed","ping_status":"closed","template":"","meta":{"footnotes":""},"class_list":["post-26342","page","type-page","status-publish","hentry"],"blocksy_meta":[],"aioseo_notices":[],"_links":{"self":[{"href":"https:\/\/diamant-strass-dmc.com\/hu\/wp-json\/wp\/v2\/pages\/26342","targetHints":{"allow":["GET"]}}],"collection":[{"href":"https:\/\/diamant-strass-dmc.com\/hu\/wp-json\/wp\/v2\/pages"}],"about":[{"href":"https:\/\/diamant-strass-dmc.com\/hu\/wp-json\/wp\/v2\/types\/page"}],"author":[{"embeddable":true,"href":"https:\/\/diamant-strass-dmc.com\/hu\/wp-json\/wp\/v2\/users\/1"}],"replies":[{"embeddable":true,"href":"https:\/\/diamant-strass-dmc.com\/hu\/wp-json\/wp\/v2\/comments?post=26342"}],"version-history":[{"count":3,"href":"https:\/\/diamant-strass-dmc.com\/hu\/wp-json\/wp\/v2\/pages\/26342\/revisions"}],"predecessor-version":[{"id":84509,"href":"https:\/\/diamant-strass-dmc.com\/hu\/wp-json\/wp\/v2\/pages\/26342\/revisions\/84509"}],"wp:attachment":[{"href":"https:\/\/diamant-strass-dmc.com\/hu\/wp-json\/wp\/v2\/media?parent=26342"}],"curies":[{"name":"wp","href":"https:\/\/api.w.org\/{rel}","templated":true}]}}