{"id":26195,"date":"2021-04-08T09:21:37","date_gmt":"2021-04-08T07:21:37","guid":{"rendered":"https:\/\/diamant-strass-dmc.com\/jogi\/"},"modified":"2024-09-08T03:40:10","modified_gmt":"2024-09-08T01:40:10","slug":"jogi-kozlemenyek","status":"publish","type":"page","link":"https:\/\/diamant-strass-dmc.com\/hu\/jogi-kozlemenyek\/","title":{"rendered":"Jogi inform\u00e1ci\u00f3k"},"content":{"rendered":"<p style=\"text-align: left;\">A digit\u00e1lis gazdas\u00e1gba vetett bizalomr\u00f3l sz\u00f3l\u00f3, 2004. j\u00fanius 21-i 2004-575. sz. francia t\u00f6rv\u00e9ny (L.C.E.N.) 6., III. \u00e9s 19. cikk\u00e9nek rendelkez\u00e9seivel \u00f6sszhangban a k\u00f6vetkez\u0151 inform\u00e1ci\u00f3kat hozzuk a felhaszn\u00e1l\u00f3k \u00e9s a diamant-strass-dmc.com oldal l\u00e1togat\u00f3inak tudom\u00e1s\u00e1ra:<\/p>\n<h2 style=\"margin-top:50px;\">1. Jogi inform\u00e1ci\u00f3k<\/h2>\n<p>  Az oldal tulajdonosa, l\u00e9trehoz\u00f3ja \u00e9s a k\u00f6zz\u00e9t\u00e9tel kezel\u0151je a DPL Web, amelynek sz\u00e9khelye: 570 rue de Solesmes 59213 Vendegies-sur-\u00c9caillon (Franciaorsz\u00e1g), SIRET sz\u00e1ma <strong>: 50778378500052<\/strong> \u00e9s RCS sz\u00e1ma: <strong>Douai A 507 783 785<\/strong>.<br \/>\nA diamant-strass-dmc.com weboldal e-mail c\u00edme: contact@diamant-strass-dmc.com .<br \/>\nAz oldal t\u00e1rhelyszolg\u00e1ltat\u00f3ja: OVH, melynek c\u00edme: 2 Rue Kellermann 59100 Roubaix (Franciaorsz\u00e1g).    <\/p>\n<h2 style=\"margin-top:50px;\">2. El\u0151ad\u00e1sm\u00f3d \u00e9s elvek<\/h2>\n<p>  A tov\u00e1bbiakban a k\u00f6vetkez\u0151k\u00e9ppen van kijel\u00f6lve: Felhaszn\u00e1l\u00f3, b\u00e1rmely internet-felhaszn\u00e1l\u00f3, aki csatlakozik a fent eml\u00edtett honlaphoz \u00e9s haszn\u00e1lja azt: diamant-strass-dmc.com. A diamant-strass-dmc.com oldal \u00f6sszegy\u0171jti a felhaszn\u00e1l\u00f3k rendelkez\u00e9s\u00e9re \u00e1ll\u00f3 szolg\u00e1ltat\u00e1sok eg\u00e9sz\u00e9t, az \u00e1llamban. Itt van meghat\u00e1rozva, hogy ez ut\u00f3bbiaknak udvariasnak \u00e9s j\u00f3hiszem\u0171nek kell lenni\u00fck mind a t\u00f6bbi felhaszn\u00e1l\u00f3val, mind a diamant-strass-dmc.com weboldal webmester\u00e9vel szemben. A diamant-strass-dmc.com oldalt a DPL Web rendszeresen friss\u00edti, \u00e9s igyekszik a lehet\u0151 legpontosabb inform\u00e1ci\u00f3kat ny\u00fajtani (a honlap \u00fczembe helyez\u00e9se \u00f3ta t\u00f6rt\u00e9nt m\u00f3dos\u00edt\u00e1sok f\u00fcggv\u00e9ny\u00e9ben), de nem tudja garant\u00e1lni a honlapon terjesztett inform\u00e1ci\u00f3k pontoss\u00e1g\u00e1t, teljess\u00e9g\u00e9t \u00e9s aktualit\u00e1s\u00e1t, ak\u00e1r saj\u00e1t, ak\u00e1r az \u0151t ell\u00e1t\u00f3 harmadik f\u00e9l partnerek \u00e1ltal ny\u00fajtott inform\u00e1ci\u00f3kr\u00f3l van sz\u00f3. K\u00f6vetkez\u00e9sk\u00e9ppen a felhaszn\u00e1l\u00f3k tudom\u00e1sul veszik, hogy ezeket az inform\u00e1ci\u00f3kat (amelyek t\u00e1j\u00e9koztat\u00f3 jelleg\u0171ek, nem teljes k\u00f6r\u0171ek \u00e9s v\u00e1ltozhatnak) saj\u00e1t felel\u0151ss\u00e9g\u00fckre haszn\u00e1lj\u00e1k.  <\/p>\n<h2 style=\"margin-top:50px;\">3. Hozz\u00e1f\u00e9rhet\u0151s\u00e9g<\/h2>\n<p>  A diamant-strass-dmc.com oldal elvileg a nap 24 \u00f3r\u00e1j\u00e1ban, a h\u00e9t minden napj\u00e1n el\u00e9rhet\u0151 a felhaszn\u00e1l\u00f3k sz\u00e1m\u00e1ra, kiv\u00e9ve a karbantart\u00e1s vagy vis maior miatt bek\u00f6vetkez\u0151 &#8211; ak\u00e1r tervezett, ak\u00e1r nem tervezett &#8211; megszak\u00edt\u00e1s eset\u00e9n. A szolg\u00e1ltat\u00e1shoz val\u00f3 hozz\u00e1f\u00e9r\u00e9s lehetetlenn\u00e9 v\u00e1l\u00e1sa eset\u00e9n a diamant-strass-dmc.com mindent megtesz a szolg\u00e1ltat\u00e1shoz val\u00f3 hozz\u00e1f\u00e9r\u00e9s helyre\u00e1ll\u00edt\u00e1sa \u00e9rdek\u00e9ben, \u00e9s igyekszik el\u0151zetesen t\u00e1j\u00e9koztatni a felhaszn\u00e1l\u00f3kat a beavatkoz\u00e1s id\u0151pontj\u00e1r\u00f3l \u00e9s idej\u00e9r\u0151l. Mivel a diamant-strass-dmc.com kiz\u00e1r\u00f3lag az eszk\u00f6z\u00f6kre vonatkoz\u00f3 k\u00f6telezetts\u00e9g hat\u00e1lya al\u00e1 tartozik, nem tehet\u0151 felel\u0151ss\u00e9 a szolg\u00e1ltat\u00e1s el\u00e9rhetetlens\u00e9g\u00e9b\u0151l ered\u0151 b\u00e1rmilyen jelleg\u0171 k\u00e1r\u00e9rt.  <\/p>\n<h2 style=\"margin-top:50px;\">4. Szellemi tulajdon<\/h2>\n<p>  A DPL Web a szellemi tulajdonjogok kiz\u00e1r\u00f3lagos tulajdonosa, illetve a weboldalon el\u00e9rhet\u0151 \u00f6sszes elem felhaszn\u00e1l\u00e1si jog\u00e1nak birtokosa, mind a szerkezet, mind a sz\u00f6vegek, k\u00e9pek, grafik\u00e1k, log\u00f3k, ikonok, hangok, szoftverek tekintet\u00e9ben. A diamant-strass-dmc.com weboldal teljes vagy r\u00e9szleges reproduk\u00e1l\u00e1sa, megjelen\u00edt\u00e9se, m\u00f3dos\u00edt\u00e1sa, k\u00f6zz\u00e9t\u00e9tele, b\u00e1rmelyik elem teljes vagy r\u00e9szleges adapt\u00e1ci\u00f3ja, f\u00fcggetlen\u00fcl az alkalmazott eszk\u00f6zt\u0151l vagy elj\u00e1r\u00e1st\u00f3l, tilos, kiv\u00e9ve a DPL Web, a tulajdonos el\u0151zetes \u00edr\u00e1sbeli enged\u00e9ly\u00e9t, e-mailben (contact@diamant-strass-dmc.com).<br \/>\nEnnek elmulaszt\u00e1sa jogs\u00e9rt\u00e9snek min\u0151s\u00fcl, \u00e9s a francia szellemi tulajdonr\u00f3l sz\u00f3l\u00f3 t\u00f6rv\u00e9nyk\u00f6nyv L.335-2. \u00e9s azt k\u00f6vet\u0151 cikkeinek rendelkez\u00e9sei szerint b\u00fcntet\u0151elj\u00e1r\u00e1s al\u00e1 vonhat\u00f3.   <\/p>\n<h2 style=\"margin-top:50px;\">5. Hiperhivatkoz\u00e1sok<\/h2>\n<p>  A diamant-strass-dmc.com oldal sz\u00e1mos hipertext linket tartalmaz m\u00e1s oldalakra (partnerek, inform\u00e1ci\u00f3k stb.), amelyeket a DPL Web enged\u00e9ly\u00e9vel hoztak l\u00e9tre. Ugyanakkor nincs abban a helyzetben, hogy ellen\u0151rizze az \u00edgy megl\u00e1togatott oldalak teljes tartalm\u00e1t, \u00e9s ez\u00e9rt minden felel\u0151ss\u00e9get kiz\u00e1r a tiltott tartalmak kock\u00e1zat\u00e1\u00e9rt.  <\/p>\n<h2 style=\"margin-top:50px;\">6. Vagyon- \u00e9s szem\u00e9lyv\u00e9delem &#8211; szem\u00e9lyes adatok kezel\u00e9se<\/h2>\n<p>  Franciaorsz\u00e1gban a szem\u00e9lyes adatokat az 1978. janu\u00e1r 6-i 78-87. sz. francia t\u00f6rv\u00e9ny, a 2004. augusztus 6-i 2004-801. sz. francia t\u00f6rv\u00e9ny, a francia b\u00fcntet\u0151 t\u00f6rv\u00e9nyk\u00f6nyv L. 226-13. cikke \u00e9s az 1995. okt\u00f3ber 24-i eur\u00f3pai ir\u00e1nyelv v\u00e9di.<br \/>\nA diamant-strass-dmc.com weboldalon a DPL Web kiz\u00e1r\u00f3lag a felhaszn\u00e1l\u00f3ra vonatkoz\u00f3 szem\u00e9lyes adatokat gy\u0171jt (az 1978. janu\u00e1r 6-i 78-17. sz. francia t\u00f6rv\u00e9ny 4. cikke \u00e9rtelm\u00e9ben) a diamant-strass-dmc.com weboldal \u00e1ltal k\u00edn\u00e1lt bizonyos szolg\u00e1ltat\u00e1sok c\u00e9lj\u00e1b\u00f3l.  A felhaszn\u00e1l\u00f3 ezeket az inform\u00e1ci\u00f3kat a t\u00e9nyek teljes ismeret\u00e9ben adja meg, k\u00fcl\u00f6n\u00f6sen akkor, ha azokat saj\u00e1t maga adja meg. Ezut\u00e1n a diamant-strass-dmc.com oldal felhaszn\u00e1l\u00f3ja sz\u00e1m\u00e1ra meghat\u00e1roz\u00e1sra ker\u00fcl, hogy k\u00f6teles-e vagy sem megadni ezeket az inform\u00e1ci\u00f3kat. Az 1978. janu\u00e1r 6-i 78-17-es francia adatv\u00e9delmi t\u00f6rv\u00e9ny 38. \u00e9s azt k\u00f6vet\u0151 cikkeinek rendelkez\u00e9sei szerint minden felhaszn\u00e1l\u00f3nak joga van a r\u00e1 vonatkoz\u00f3 szem\u00e9lyes adatokhoz val\u00f3 hozz\u00e1f\u00e9r\u00e9shez, azok helyesb\u00edt\u00e9s\u00e9hez, t\u00f6rl\u00e9s\u00e9hez \u00e9s tiltakoz\u00e1shoz.<br \/>\nE jog gyakorl\u00e1s\u00e1hoz k\u00fcldje el k\u00e9relm\u00e9t e-mailben a contact@diamant-strass-dmc.com c\u00edmre.  A gy\u00e9m\u00e1nt-strass-dmc.com oldal felhaszn\u00e1l\u00f3j\u00e1nak szem\u00e9lyes adatait a felhaszn\u00e1l\u00f3 tudta n\u00e9lk\u00fcl nem teszik k\u00f6zz\u00e9, nem cser\u00e9lik ki, nem adj\u00e1k \u00e1t, nem adj\u00e1k \u00e1t vagy nem adj\u00e1k el harmadik szem\u00e9lyeknek. Kiz\u00e1r\u00f3lag a diamant-strass-dmc.com oldal megv\u00e1s\u00e1rl\u00e1s\u00e1nak felt\u00e9telez\u00e9se \u00e9s annak jogai hatalmazz\u00e1k fel a DPL Web-et arra, hogy az eml\u00edtett inform\u00e1ci\u00f3kat tov\u00e1bb\u00edtsa az esetleges v\u00e1s\u00e1rl\u00f3nak, akit viszont ugyanaz a k\u00f6telezetts\u00e9g k\u00f6t az adatok meg\u0151rz\u00e9s\u00e9re \u00e9s m\u00f3dos\u00edt\u00e1s\u00e1ra vonatkoz\u00f3an, mint a diamant-strass-dmc.com oldal felhaszn\u00e1l\u00f3j\u00e1t. A Diamant-Strass-DMC.com nem t\u00e1rolja \u00e9s nem gy\u0171jti a felhaszn\u00e1l\u00f3 \u00e1ltal megadott hitelk\u00e1rtyasz\u00e1mot, \u00e9s technikailag nem f\u00e9r hozz\u00e1 ezekhez az inform\u00e1ci\u00f3khoz.<br \/>\nAz adatb\u00e1zisokat az 1998. j\u00falius 1-jei t\u00f6rv\u00e9ny rendelkez\u00e9sei v\u00e9dik, amely \u00e1t\u00fclteti az adatb\u00e1zisok jogi v\u00e9delm\u00e9r\u0151l sz\u00f3l\u00f3, 1996. m\u00e1rcius 11-i 96\/9-es francia ir\u00e1nyelvet.   <\/p>\n<style><!-- br { content: \" \";display: block;font-size: 100%;height: 2em; } --><\/style>\n","protected":false},"excerpt":{"rendered":"<p>A digit\u00e1lis gazdas\u00e1gba vetett bizalomr\u00f3l sz\u00f3l\u00f3, 2004. j\u00fanius 21-i 2004-575. sz. francia t\u00f6rv\u00e9ny (L.C.E.N.) 6., III. \u00e9s 19. cikk\u00e9nek rendelkez\u00e9seivel \u00f6sszhangban a k\u00f6vetkez\u0151 inform\u00e1ci\u00f3kat hozzuk a felhaszn\u00e1l\u00f3k \u00e9s a diamant-strass-dmc.com oldal l\u00e1togat\u00f3inak tudom\u00e1s\u00e1ra: 1. Jogi inform\u00e1ci\u00f3k Az oldal tulajdonosa, l\u00e9trehoz\u00f3ja \u00e9s a k\u00f6zz\u00e9t\u00e9tel kezel\u0151je a DPL Web, amelynek sz\u00e9khelye: 570 rue de Solesmes 59213 Vendegies-sur-\u00c9caillon [&hellip;]<\/p>\n","protected":false},"author":1,"featured_media":0,"parent":0,"menu_order":0,"comment_status":"closed","ping_status":"closed","template":"template-fullwidth.php","meta":{"footnotes":""},"class_list":["post-26195","page","type-page","status-publish","hentry"],"blocksy_meta":[],"aioseo_notices":[],"_links":{"self":[{"href":"https:\/\/diamant-strass-dmc.com\/hu\/wp-json\/wp\/v2\/pages\/26195","targetHints":{"allow":["GET"]}}],"collection":[{"href":"https:\/\/diamant-strass-dmc.com\/hu\/wp-json\/wp\/v2\/pages"}],"about":[{"href":"https:\/\/diamant-strass-dmc.com\/hu\/wp-json\/wp\/v2\/types\/page"}],"author":[{"embeddable":true,"href":"https:\/\/diamant-strass-dmc.com\/hu\/wp-json\/wp\/v2\/users\/1"}],"replies":[{"embeddable":true,"href":"https:\/\/diamant-strass-dmc.com\/hu\/wp-json\/wp\/v2\/comments?post=26195"}],"version-history":[{"count":2,"href":"https:\/\/diamant-strass-dmc.com\/hu\/wp-json\/wp\/v2\/pages\/26195\/revisions"}],"predecessor-version":[{"id":76160,"href":"https:\/\/diamant-strass-dmc.com\/hu\/wp-json\/wp\/v2\/pages\/26195\/revisions\/76160"}],"wp:attachment":[{"href":"https:\/\/diamant-strass-dmc.com\/hu\/wp-json\/wp\/v2\/media?parent=26195"}],"curies":[{"name":"wp","href":"https:\/\/api.w.org\/{rel}","templated":true}]}}