{"id":84680,"date":"2024-11-10T17:30:30","date_gmt":"2024-11-10T16:30:30","guid":{"rendered":"https:\/\/diamant-strass-dmc.com\/perles-broderie\/custom-diamond-painting-personnalise-photo\/"},"modified":"2025-11-20T23:01:14","modified_gmt":"2025-11-20T22:01:14","slug":"custom-diamond-painting-personnalise-photo","status":"publish","type":"product","link":"https:\/\/diamant-strass-dmc.com\/es\/perles-broderie\/custom-diamond-painting-personnalise-photo\/","title":{"rendered":"Mi cuadro personalizado con diamantes"},"content":{"rendered":"<p><em>Los diamantes cuadrados son m\u00e1s afilados que los redondos.<\/em><\/p>\n<p>\u00a1Importa la foto o imagen que elijas y rec\u00edbela como una pintura de diamantes unos d\u00edas despu\u00e9s!<\/p>\n<p><strong>Se suministra todo<\/strong>: tela adhesiva, bolsas de cuentas, bandeja clasificadora, bol\u00edgrafo y cuadrados de pegamento.<\/p>\n<p><!--<img loading=\"lazy\" decoding=\"async\" src=\"https:\/\/diamant-strass-dmc.com\/wp-content\/uploads\/2024\/11\/diamond-painting-dp-mycustom.jpg\" alt=\"Personnalisation diamond painting custom\" width=\"1024\" height=\"1024\" class=\"alignleft size-full wp-image-104929\" style=\"width:100%;margin-bottom:30px;\" srcset=\"https:\/\/diamant-strass-dmc.com\/wp-content\/uploads\/2024\/11\/diamond-painting-dp-mycustom.jpg 1024w, https:\/\/diamant-strass-dmc.com\/wp-content\/uploads\/2024\/11\/diamond-painting-dp-mycustom-300x300.jpg 300w, https:\/\/diamant-strass-dmc.com\/wp-content\/uploads\/2024\/11\/diamond-painting-dp-mycustom-768x768.jpg 768w, https:\/\/diamant-strass-dmc.com\/wp-content\/uploads\/2024\/11\/diamond-painting-dp-mycustom-416x416.jpg 416w, https:\/\/diamant-strass-dmc.com\/wp-content\/uploads\/2024\/11\/diamond-painting-dp-mycustom-600x600.jpg 600w\" sizes=\"auto, (max-width: 1024px) 100vw, 1024px\" \/>--><\/p>\n<p>Inmortaliza tus mejores recuerdos pintando diamantes, y divi\u00e9rtete a\u00fan m\u00e1s haci\u00e9ndolo.<\/p>\n<p>Retratos, fotos de boda, mascotas&#8230; Date un capricho a ti mismo o a <strong>un ser querido con un regalo<\/strong> original que no olvidar\u00e1. <\/p>\n<p>Cualquier foto o imagen que no se adapte al formato elegido ser\u00e1 ligeramente redimensionada por nosotros, pero nunca distorsionada o mal encuadrada. Si tienes dudas sobre la calidad de la imagen o foto original, nos pondremos en contacto contigo por correo electr\u00f3nico para pedirte tu opini\u00f3n. Si no est\u00e1s satisfecho con el resultado simulado, puedes enviarnos otra imagen o recibir un reembolso. <\/p>\n<style><!-- .enkar2div, .wcuf_already_uploaded_data_container h4, a.button.download_small_button, button.button.delete_button, .newdp, .dayz { display:none !important; } div#wcuf_file_uploads_container { background: #eee;border-top:1px solid green; } .wcuf_upload_fields_row_element { margin-bottom:0 !important; } .wcuf_single_upload_field_container { margin-bottom:0 !important; } .single-product div.product table.variations { border-top:0; } .wcuf_single_upload_field_container { border:0 !important;margin-top:0 !important; } h4.wcuf_upload_field_title { color: #111 !important;font-size: 17px !important;font-family:arial; } p.wcuf_field_description { margin: 0 0 5px 0; } .wcuf_upload_drag_and_drop_area { margin-bottom:0 !important;background:white;border:2px dashed #333 !important; } .wcuf_drag_and_drop_area_description { color:#333 !important; } .wcuf_drag_and_drop_area_icon { fill:#01578B !important; } li.wcuf_file_preview_list_item { background:#DFF1F2 !important; } .wcuf_already_uploaded_data_container { background:#DFF1F2;border-radius:5px !important;border:2px solid black !important; } .wcuf_preview_file_title { color:#111; } .woocommerce-variation-price { display:block !important; } @media (max-width: 689px) { .woocommerce-product-details__short-description p.dp2 { margin-bottom:20px; } }\n\n .bf-banner {\n    background: linear-gradient(90deg, #000000, #111111, #ff0040, #000000);\n    background-size: 300% 300%;\n    animation: bfGradient 6s ease infinite;\n    color: #ffffff;\n    text-align: center;\n    padding: 10px 12px;\n    margin-bottom: 15px;\n    font-family: inherit;\n    font-weight: 800;\n    font-size: 16px;\n    line-height: 1.25;\n    text-transform: uppercase;\n    box-shadow: 0 2px 10px rgba(0,0,0,0.35);\n  }\n\n  .bf-banner-inner {\n    display: inline-flex;\n    align-items: center;\n    justify-content: center;\n    gap: 8px;\n    flex-wrap: wrap;\n  }\n\n  .bf-label {\n    display: inline-flex;\n    align-items: center;\n    gap: 6px;\n  }\n\n  .bf-label-emoji {\n    font-size: 18px;\n  }\n\n  .bf-badge {\n    display: inline-flex;\n    align-items: center;\n    justify-content: center;\n    padding: 4px 12px;\n    border-radius: 999px;\n    background: #ffffff;\n    color: #000000;\n    font-size: 15px;\n    font-weight: 900;\n    box-shadow: 0 0 0 2px rgba(255,255,255,0.25);\n    animation: bfPulse 1.8s ease-in-out infinite;\n    white-space: nowrap;\n  }\n\n  .bf-text {\n    font-size: 14px;\n    font-weight: 600;\n  }\n\n  @keyframes bfGradient {\n    0%   { background-position: 0% 50%; }\n    50%  { background-position: 100% 50%; }\n    100% { background-position:   0% 50%; }\n  }\n\n  @keyframes bfPulse {\n    0%   { transform: scale(1);   box-shadow: 0 0 0 2px rgba(255,255,255,0.25); }\n    50%  { transform: scale(1.08); box-shadow: 0 0 0 6px rgba(255,255,255,0.05); }\n    100% { transform: scale(1);   box-shadow: 0 0 0 2px rgba(255,255,255,0.25); }\n  }\n\n  @media (max-width: 600px) {\n    .bf-banner {\n      padding: 8px 8px;\n      font-size: 14px;\n    }\n    .bf-text {\n      font-size: 13px;\n    }\n  }\n\n--><\/style>\n","protected":false},"excerpt":{"rendered":"<p style=\"color:#0b63b0;margin-bottom:20px;\"><strong>\u00a1Entrega gratuita!<\/strong><\/p>\n<div class=\"bf-banner\">\n<div class=\"bf-banner-inner\">\n     <span class=\"bf-label\"><br \/>\n      <span class=\"bf-label-emoji\">\ud83d\udda4\ud83d\udd25<\/span><br \/>\n      <span>Black friday<\/span><br \/>\n    <\/span><br \/>\n    <span class=\"bf-badge\">-50%<\/span><br \/>\n    <span class=\"bf-text\">en todos los lienzos<\/span>\n  <\/div>\n<\/div>\n<p class=\"dp3\">\ud83d\uddbc\ufe0f Tu foto transformada en un DP<\/p>\n<p class=\"dp3\">\ud83d\udcf8 Vista previa instant\u00e1nea del resultado<\/p>\n<p class=\"dp3\">\u2705 Todo incluido<\/p>\n<p class=\"dp4\">\u2728 Crea tu imagen con IA.<\/p>\n","protected":false},"featured_media":104882,"template":"","meta":{"footnotes":""},"product_brand":[],"product_cat":[7182,7672],"class_list":{"0":"post-84680","1":"product","2":"type-product","3":"status-publish","4":"has-post-thumbnail","6":"product_cat-accesorios","7":"product_cat-personalizado","8":"product_shipping_class-custom","10":"first","11":"instock","12":"sale","13":"taxable","14":"shipping-taxable","15":"purchasable","16":"product-type-variable","17":"has-default-attributes"},"aioseo_notices":[],"_links":{"self":[{"href":"https:\/\/diamant-strass-dmc.com\/es\/wp-json\/wp\/v2\/product\/84680","targetHints":{"allow":["GET"]}}],"collection":[{"href":"https:\/\/diamant-strass-dmc.com\/es\/wp-json\/wp\/v2\/product"}],"about":[{"href":"https:\/\/diamant-strass-dmc.com\/es\/wp-json\/wp\/v2\/types\/product"}],"version-history":[{"count":11,"href":"https:\/\/diamant-strass-dmc.com\/es\/wp-json\/wp\/v2\/product\/84680\/revisions"}],"predecessor-version":[{"id":114462,"href":"https:\/\/diamant-strass-dmc.com\/es\/wp-json\/wp\/v2\/product\/84680\/revisions\/114462"}],"wp:featuredmedia":[{"embeddable":true,"href":"https:\/\/diamant-strass-dmc.com\/es\/wp-json\/wp\/v2\/media\/104882"}],"wp:attachment":[{"href":"https:\/\/diamant-strass-dmc.com\/es\/wp-json\/wp\/v2\/media?parent=84680"}],"wp:term":[{"taxonomy":"product_brand","embeddable":true,"href":"https:\/\/diamant-strass-dmc.com\/es\/wp-json\/wp\/v2\/product_brand?post=84680"},{"taxonomy":"product_cat","embeddable":true,"href":"https:\/\/diamant-strass-dmc.com\/es\/wp-json\/wp\/v2\/product_cat?post=84680"}],"curies":[{"name":"wp","href":"https:\/\/api.w.org\/{rel}","templated":true}]}}