{"id":71600,"date":"2022-07-28T02:29:20","date_gmt":"2022-07-28T00:29:20","guid":{"rendered":"https:\/\/diamant-strass-dmc.com\/perles-broderie\/tarros-perlas-bordados-diamantes\/"},"modified":"2025-10-31T04:11:12","modified_gmt":"2025-10-31T03:11:12","slug":"tarros-perlas-bordados-diamantes","status":"publish","type":"product","link":"https:\/\/diamant-strass-dmc.com\/es\/perles-broderie\/tarros-perlas-bordados-diamantes\/","title":{"rendered":"Tarros para cuentas de pintura de diamantes"},"content":{"rendered":"<p>P<strong>aquete de 10 tarros<\/strong> para cuentas de bordado de diamantes. Se venden solos (sin diamantes ni caja para guardarlos).<\/p>\n<p>Adecuado para etiquetas redondas que tambi\u00e9n se venden en nuestro sitio.<\/p>\n<p>Cada tarro puede contener <strong>1.600 diamantes<\/strong>, u <strong>8 bolsas<\/strong> est\u00e1ndar <strong>de<\/strong> 200 diamantes.<\/p>\n<p>Dimensiones: 50 mm de alto y 25 mm de di\u00e1metro.<\/p>\n<p>Este producto s\u00f3lo puede enviarse como paquete (no en un sobre de burbujas). Los gastos de env\u00edo se calculan en consecuencia.<\/p>\n","protected":false},"excerpt":{"rendered":"<p style=\"font-size: 14px; line-height: 1.2em;text-align:justify;padding-right:10px;\">\u26a0\ufe0f <strong>Este art\u00edculo s\u00f3lo puede enviarse dentro de la Uni\u00f3n Europea<\/strong> (Alemania, Austria, B\u00e9lgica, Bulgaria, Chipre, Croacia, Dinamarca, Eslovaquia, Eslovenia, Espa\u00f1a, Estonia, Finlandia, Francia, Grecia, Hungr\u00eda, Irlanda, Italia, Letonia, Lituania, Luxemburgo, Malta, Pa\u00edses Bajos, Polonia, Portugal, Rep\u00fablica Checa, Ruman\u00eda y Suecia).<\/p>\n","protected":false},"featured_media":44554,"template":"","meta":{"footnotes":""},"product_brand":[],"product_cat":[7182],"class_list":{"0":"post-71600","1":"product","2":"type-product","3":"status-publish","4":"has-post-thumbnail","6":"product_cat-accesorios","7":"product_shipping_class-colissimo","9":"first","10":"instock","11":"sale","12":"taxable","13":"shipping-taxable","14":"purchasable","15":"product-type-variable","16":"has-default-attributes"},"aioseo_notices":[],"_links":{"self":[{"href":"https:\/\/diamant-strass-dmc.com\/es\/wp-json\/wp\/v2\/product\/71600","targetHints":{"allow":["GET"]}}],"collection":[{"href":"https:\/\/diamant-strass-dmc.com\/es\/wp-json\/wp\/v2\/product"}],"about":[{"href":"https:\/\/diamant-strass-dmc.com\/es\/wp-json\/wp\/v2\/types\/product"}],"version-history":[{"count":2,"href":"https:\/\/diamant-strass-dmc.com\/es\/wp-json\/wp\/v2\/product\/71600\/revisions"}],"predecessor-version":[{"id":79159,"href":"https:\/\/diamant-strass-dmc.com\/es\/wp-json\/wp\/v2\/product\/71600\/revisions\/79159"}],"wp:featuredmedia":[{"embeddable":true,"href":"https:\/\/diamant-strass-dmc.com\/es\/wp-json\/wp\/v2\/media\/44554"}],"wp:attachment":[{"href":"https:\/\/diamant-strass-dmc.com\/es\/wp-json\/wp\/v2\/media?parent=71600"}],"wp:term":[{"taxonomy":"product_brand","embeddable":true,"href":"https:\/\/diamant-strass-dmc.com\/es\/wp-json\/wp\/v2\/product_brand?post=71600"},{"taxonomy":"product_cat","embeddable":true,"href":"https:\/\/diamant-strass-dmc.com\/es\/wp-json\/wp\/v2\/product_cat?post=71600"}],"curies":[{"name":"wp","href":"https:\/\/api.w.org\/{rel}","templated":true}]}}