{"id":71563,"date":"2024-03-18T01:48:57","date_gmt":"2024-03-18T00:48:57","guid":{"rendered":"https:\/\/diamant-strass-dmc.com\/perles-broderie\/lupa-clip-flexible-luminosa-led-diamante-pintura\/"},"modified":"2025-10-31T04:11:22","modified_gmt":"2025-10-31T03:11:22","slug":"lupa-clip-flexible-luminosa-led-diamante-pintura","status":"publish","type":"product","link":"https:\/\/diamant-strass-dmc.com\/es\/perles-broderie\/lupa-clip-flexible-luminosa-led-diamante-pintura\/","title":{"rendered":"Lupa con clip flexible y luz LED"},"content":{"rendered":"<ul>\n<li>Lupa <strong>x2,5<\/strong> + minifoco <strong>x5<\/strong>;<\/li>\n<li><strong>Iluminaci\u00f3n<\/strong> LED dual dirigida ;<\/li>\n<li><strong>Brazo flexible<\/strong>;<\/li>\n<li>Se <strong>puede desmontar<\/strong> completamente;<\/li>\n<li><strong>Puede engancharse<\/strong> a cualquier superficie.<\/li>\n<\/ul>\n<p>Funciona con 3 pilas AAA (no incluidas). Todas las piezas de la lupa se pueden desenroscar para facilitar su transporte.<\/p>\n<p>La lupa permite ver 2,5 veces m\u00e1s grande y contiene un foco (lente) de 2,5 cm de di\u00e1metro que permite ver 5 veces m\u00e1s grande.<\/p>\n<p>Longitud del brazo flexible: 25 cm.<br \/>\nDi\u00e1metro de la lupa: 12,5 cm.<\/p>\n<p>Este producto s\u00f3lo puede enviarse en un paquete (no en un sobre de burbujas). Los gastos de env\u00edo se calculan en consecuencia.<\/p>\n","protected":false},"excerpt":{"rendered":"<p style=\"font-size: 14px; line-height: 1.2em;text-align:justify;padding-right:10px;\">\u26a0\ufe0f <strong>Este art\u00edculo s\u00f3lo puede enviarse dentro de la Uni\u00f3n Europea<\/strong> (Alemania, Austria, B\u00e9lgica, Bulgaria, Chipre, Croacia, Dinamarca, Eslovaquia, Eslovenia, Espa\u00f1a, Estonia, Finlandia, Francia, Grecia, Hungr\u00eda, Irlanda, Italia, Letonia, Lituania, Luxemburgo, Malta, Pa\u00edses Bajos, Polonia, Portugal, Rep\u00fablica Checa, Ruman\u00eda y Suecia).<\/p>\n","protected":false},"featured_media":71331,"template":"","meta":{"footnotes":""},"product_brand":[],"product_cat":[7182],"class_list":{"0":"post-71563","1":"product","2":"type-product","3":"status-publish","4":"has-post-thumbnail","6":"product_cat-accesorios","7":"product_shipping_class-colissimo","9":"first","10":"outofstock","11":"sale","12":"taxable","13":"shipping-taxable","14":"purchasable","15":"product-type-simple"},"aioseo_notices":[],"_links":{"self":[{"href":"https:\/\/diamant-strass-dmc.com\/es\/wp-json\/wp\/v2\/product\/71563","targetHints":{"allow":["GET"]}}],"collection":[{"href":"https:\/\/diamant-strass-dmc.com\/es\/wp-json\/wp\/v2\/product"}],"about":[{"href":"https:\/\/diamant-strass-dmc.com\/es\/wp-json\/wp\/v2\/types\/product"}],"version-history":[{"count":1,"href":"https:\/\/diamant-strass-dmc.com\/es\/wp-json\/wp\/v2\/product\/71563\/revisions"}],"predecessor-version":[{"id":71573,"href":"https:\/\/diamant-strass-dmc.com\/es\/wp-json\/wp\/v2\/product\/71563\/revisions\/71573"}],"wp:featuredmedia":[{"embeddable":true,"href":"https:\/\/diamant-strass-dmc.com\/es\/wp-json\/wp\/v2\/media\/71331"}],"wp:attachment":[{"href":"https:\/\/diamant-strass-dmc.com\/es\/wp-json\/wp\/v2\/media?parent=71563"}],"wp:term":[{"taxonomy":"product_brand","embeddable":true,"href":"https:\/\/diamant-strass-dmc.com\/es\/wp-json\/wp\/v2\/product_brand?post=71563"},{"taxonomy":"product_cat","embeddable":true,"href":"https:\/\/diamant-strass-dmc.com\/es\/wp-json\/wp\/v2\/product_cat?post=71563"}],"curies":[{"name":"wp","href":"https:\/\/api.w.org\/{rel}","templated":true}]}}