{"id":71532,"date":"2024-03-01T23:52:23","date_gmt":"2024-03-01T22:52:23","guid":{"rendered":"https:\/\/diamant-strass-dmc.com\/perles-broderie\/luz-estante-diamante-pintura\/"},"modified":"2025-10-31T04:11:21","modified_gmt":"2025-10-31T03:11:21","slug":"luz-estante-diamante-pintura","status":"publish","type":"product","link":"https:\/\/diamant-strass-dmc.com\/es\/perles-broderie\/luz-estante-diamante-pintura\/","title":{"rendered":"Estante de luz A4 + soporte y clips"},"content":{"rendered":"<ul>\n<li><strong>Formato A4<\/strong> (superficie iluminada 31 x 23,5 cm) ;<\/li>\n<li>Soporte, cable USB y 4 clips <strong>incluidos<\/strong>;<\/li>\n<li>S\u00f3lo <strong>3 mm<\/strong> de grosor;<\/li>\n<li><strong>3 niveles de<\/strong> luminosidad ;<\/li>\n<li>Iluminaci\u00f3n uniforme y sin parpadeos.<\/li>\n<\/ul>\n<p>El cable USB (suministrado) puede enchufarse a un cargador de tel\u00e9fono est\u00e1ndar (no suministrado) o a otros puertos USB est\u00e1ndar (ordenador, determinadas regletas, etc.).<\/p>\n<p>Este producto s\u00f3lo puede enviarse en un paquete (no en un sobre de burbujas). Los gastos de env\u00edo se calculan en consecuencia.<\/p>\n","protected":false},"excerpt":{"rendered":"<p style=\"font-size: 14px; line-height: 1.2em;text-align:justify;padding-right:10px;\">\u26a0\ufe0f <strong>Este art\u00edculo s\u00f3lo puede enviarse dentro de la Uni\u00f3n Europea<\/strong> (Alemania, Austria, B\u00e9lgica, Bulgaria, Chipre, Croacia, Dinamarca, Eslovaquia, Eslovenia, Espa\u00f1a, Estonia, Finlandia, Francia, Grecia, Hungr\u00eda, Irlanda, Italia, Letonia, Lituania, Luxemburgo, Malta, Pa\u00edses Bajos, Polonia, Portugal, Rep\u00fablica Checa, Ruman\u00eda y Suecia).<\/p>\n","protected":false},"featured_media":69210,"template":"","meta":{"footnotes":""},"product_brand":[],"product_cat":[7182],"class_list":{"0":"post-71532","1":"product","2":"type-product","3":"status-publish","4":"has-post-thumbnail","6":"product_cat-accesorios","7":"product_shipping_class-colissimo","9":"first","10":"instock","11":"sale","12":"taxable","13":"shipping-taxable","14":"purchasable","15":"product-type-simple"},"aioseo_notices":[],"_links":{"self":[{"href":"https:\/\/diamant-strass-dmc.com\/es\/wp-json\/wp\/v2\/product\/71532","targetHints":{"allow":["GET"]}}],"collection":[{"href":"https:\/\/diamant-strass-dmc.com\/es\/wp-json\/wp\/v2\/product"}],"about":[{"href":"https:\/\/diamant-strass-dmc.com\/es\/wp-json\/wp\/v2\/types\/product"}],"version-history":[{"count":1,"href":"https:\/\/diamant-strass-dmc.com\/es\/wp-json\/wp\/v2\/product\/71532\/revisions"}],"predecessor-version":[{"id":71551,"href":"https:\/\/diamant-strass-dmc.com\/es\/wp-json\/wp\/v2\/product\/71532\/revisions\/71551"}],"wp:featuredmedia":[{"embeddable":true,"href":"https:\/\/diamant-strass-dmc.com\/es\/wp-json\/wp\/v2\/media\/69210"}],"wp:attachment":[{"href":"https:\/\/diamant-strass-dmc.com\/es\/wp-json\/wp\/v2\/media?parent=71532"}],"wp:term":[{"taxonomy":"product_brand","embeddable":true,"href":"https:\/\/diamant-strass-dmc.com\/es\/wp-json\/wp\/v2\/product_brand?post=71532"},{"taxonomy":"product_cat","embeddable":true,"href":"https:\/\/diamant-strass-dmc.com\/es\/wp-json\/wp\/v2\/product_cat?post=71532"}],"curies":[{"name":"wp","href":"https:\/\/api.w.org\/{rel}","templated":true}]}}