{"id":71502,"date":"2022-07-28T17:39:30","date_gmt":"2022-07-28T15:39:30","guid":{"rendered":"https:\/\/diamant-strass-dmc.com\/perles-broderie\/valisette-box-range-beads-embroidery-diamond\/"},"modified":"2025-10-31T04:11:14","modified_gmt":"2025-10-31T03:11:14","slug":"valisette-box-range-beads-embroidery-diamond","status":"publish","type":"product","link":"https:\/\/diamant-strass-dmc.com\/es\/perles-broderie\/valisette-box-range-beads-embroidery-diamond\/","title":{"rendered":"Estuche para cuentas (64 cajas)"},"content":{"rendered":"<p>Diamantes no suministrados.<\/p>\n<p><strong>Contenido del paquete:<\/strong><br \/>\n&#8211; 1 caja de almacenamiento<br \/>\n&#8211; 64 cajas para cuentas<br \/>\n&#8211; 64 etiquetas rectangulares<\/p>\n<p>Ll\u00e9vese hasta 64 referencias de colores de diamantes.<br \/>\nEste estuche ultracompacto tiene dos cierres resistentes.<\/p>\n<ul>\n<li><strong>Dimensiones del malet\u00edn<\/strong>: 22 x 13 x 5,4 cm (altura) ;<\/li>\n<li><strong>Dimensiones de la caja<\/strong>: 2,5 x 5,1 x 1,1 cm (profundidad) ;<\/li>\n<li><strong>Tama\u00f1o de la etiqueta<\/strong>: 2 x 1 cm.<\/li>\n<\/ul>\n<div class=\"woocommerce-tabs wc-tabs-wrapper\">\n<div id=\"tab-description\" class=\"woocommerce-Tabs-panel woocommerce-Tabs-panel--description panel entry-content wc-tab\" role=\"tabpanel\" aria-labelledby=\"tab-title-description\">\n<p>Este producto s\u00f3lo puede enviarse en un paquete (no en un sobre de burbujas). Los gastos de env\u00edo se calculan en consecuencia.<\/p>\n<\/div>\n<\/div>\n","protected":false},"excerpt":{"rendered":"<p style=\"font-size: 14px; line-height: 1.2em;text-align:justify;padding-right:10px;\">\u26a0\ufe0f <strong>Este art\u00edculo s\u00f3lo puede enviarse dentro de la Uni\u00f3n Europea<\/strong> (Alemania, Austria, B\u00e9lgica, Bulgaria, Chipre, Croacia, Dinamarca, Eslovaquia, Eslovenia, Espa\u00f1a, Estonia, Finlandia, Francia, Grecia, Hungr\u00eda, Irlanda, Italia, Letonia, Lituania, Luxemburgo, Malta, Pa\u00edses Bajos, Polonia, Portugal, Rep\u00fablica Checa, Ruman\u00eda y Suecia).<\/p>\n","protected":false},"featured_media":44517,"template":"","meta":{"footnotes":""},"product_brand":[],"product_cat":[7182],"class_list":{"0":"post-71502","1":"product","2":"type-product","3":"status-publish","4":"has-post-thumbnail","6":"product_cat-accesorios","7":"product_shipping_class-colissimo","9":"first","10":"instock","11":"sale","12":"taxable","13":"shipping-taxable","14":"purchasable","15":"product-type-simple"},"aioseo_notices":[],"_links":{"self":[{"href":"https:\/\/diamant-strass-dmc.com\/es\/wp-json\/wp\/v2\/product\/71502","targetHints":{"allow":["GET"]}}],"collection":[{"href":"https:\/\/diamant-strass-dmc.com\/es\/wp-json\/wp\/v2\/product"}],"about":[{"href":"https:\/\/diamant-strass-dmc.com\/es\/wp-json\/wp\/v2\/types\/product"}],"version-history":[{"count":2,"href":"https:\/\/diamant-strass-dmc.com\/es\/wp-json\/wp\/v2\/product\/71502\/revisions"}],"predecessor-version":[{"id":100085,"href":"https:\/\/diamant-strass-dmc.com\/es\/wp-json\/wp\/v2\/product\/71502\/revisions\/100085"}],"wp:featuredmedia":[{"embeddable":true,"href":"https:\/\/diamant-strass-dmc.com\/es\/wp-json\/wp\/v2\/media\/44517"}],"wp:attachment":[{"href":"https:\/\/diamant-strass-dmc.com\/es\/wp-json\/wp\/v2\/media?parent=71502"}],"wp:term":[{"taxonomy":"product_brand","embeddable":true,"href":"https:\/\/diamant-strass-dmc.com\/es\/wp-json\/wp\/v2\/product_brand?post=71502"},{"taxonomy":"product_cat","embeddable":true,"href":"https:\/\/diamant-strass-dmc.com\/es\/wp-json\/wp\/v2\/product_cat?post=71502"}],"curies":[{"name":"wp","href":"https:\/\/api.w.org\/{rel}","templated":true}]}}