{"id":64827,"date":"2023-11-14T15:12:50","date_gmt":"2023-11-14T16:16:14","guid":{"rendered":"https:\/\/diamant-strass-dmc.com\/perles-broderie\/pack-nuanciers-dmc-diamond-painting-pdf-xlsx-excel\/"},"modified":"2024-02-25T19:03:13","modified_gmt":"2024-02-25T18:03:13","slug":"carta-colores-diamond-painting-dmc-pdf-excel-xlsx-descargar","status":"publish","type":"product","link":"https:\/\/diamant-strass-dmc.com\/es\/perles-broderie\/carta-colores-diamond-painting-dmc-pdf-excel-xlsx-descargar\/","title":{"rendered":"El pack definitivo 4 cartas de colores DMC para pintar diamantes en PDF y Excel (XLSX)"},"content":{"rendered":"<h2>\ud83d\udcc4 Ficha n\u00ba 1 (formato PDF)<\/h2>\n<p>Carta de colores ordenada por tonos, con los nombres de los colores y un lugar para pegar las cuentas. <strong>Documento de 6 p\u00e1ginas.<\/strong><\/p>\n<p><img loading=\"lazy\" decoding=\"async\" class=\"alignnone wp-image-64640\" src=\"https:\/\/diamant-strass-dmc.com\/wp-content\/uploads\/2023\/09\/colorbyshades.jpg\" alt=\"\" width=\"640\" height=\"392\" srcset=\"https:\/\/diamant-strass-dmc.com\/wp-content\/uploads\/2023\/09\/colorbyshades.jpg 766w, https:\/\/diamant-strass-dmc.com\/wp-content\/uploads\/2023\/09\/colorbyshades-300x184.jpg 300w, https:\/\/diamant-strass-dmc.com\/wp-content\/uploads\/2023\/09\/colorbyshades-416x255.jpg 416w, https:\/\/diamant-strass-dmc.com\/wp-content\/uploads\/2023\/09\/colorbyshades-324x198.jpg 324w\" sizes=\"auto, (max-width: 640px) 100vw, 640px\" \/><\/p>\n<h2>\ud83d\udcc4 Ficha n\u00ba 2 (formato PDF)<\/h2>\n<p>Carta de colores ordenada por n\u00famero DMC, con los nombres de los colores y un lugar para pegar las cuentas. <strong>Documento de 6 p\u00e1ginas.<\/strong><\/p>\n<p><img loading=\"lazy\" decoding=\"async\" class=\"alignnone wp-image-64756\" src=\"https:\/\/diamant-strass-dmc.com\/wp-content\/uploads\/2023\/11\/pdf_dp.png\" alt=\"\" width=\"640\" height=\"492\" srcset=\"https:\/\/diamant-strass-dmc.com\/wp-content\/uploads\/2023\/11\/pdf_dp.png 750w, https:\/\/diamant-strass-dmc.com\/wp-content\/uploads\/2023\/11\/pdf_dp-300x231.png 300w, https:\/\/diamant-strass-dmc.com\/wp-content\/uploads\/2023\/11\/pdf_dp-416x320.png 416w, https:\/\/diamant-strass-dmc.com\/wp-content\/uploads\/2023\/11\/pdf_dp-324x249.png 324w\" sizes=\"auto, (max-width: 640px) 100vw, 640px\" \/><\/p>\n<h2>\ud83d\udcc4 Ficha n\u00ba 3 (formato PDF)<\/h2>\n<p>Carta de colores ordenada por n\u00famero DMC. <strong>Una sola p\u00e1gina. Ideal para exponer en la pared.<\/strong><\/p>\n<p><img loading=\"lazy\" decoding=\"async\" class=\"alignnone wp-image-64771\" src=\"https:\/\/diamant-strass-dmc.com\/wp-content\/uploads\/2023\/11\/Sans-titre-13.png\" alt=\"\" width=\"641\" height=\"440\" srcset=\"https:\/\/diamant-strass-dmc.com\/wp-content\/uploads\/2023\/11\/Sans-titre-13.png 794w, https:\/\/diamant-strass-dmc.com\/wp-content\/uploads\/2023\/11\/Sans-titre-13-300x206.png 300w, https:\/\/diamant-strass-dmc.com\/wp-content\/uploads\/2023\/11\/Sans-titre-13-768x527.png 768w, https:\/\/diamant-strass-dmc.com\/wp-content\/uploads\/2023\/11\/Sans-titre-13-416x286.png 416w, https:\/\/diamant-strass-dmc.com\/wp-content\/uploads\/2023\/11\/Sans-titre-13-324x222.png 324w\" sizes=\"auto, (max-width: 641px) 100vw, 641px\" \/><\/p>\n<h2>\ud83d\udcc4 Fichero n\u00ba 4 (formato XLSX)<\/h2>\n<p><strong><img loading=\"lazy\" decoding=\"async\" class=\"alignnone wp-image-64786\" src=\"https:\/\/diamant-strass-dmc.com\/wp-content\/uploads\/2023\/11\/xlsx-color-chart-diamond-painting-1.png\" alt=\"\" width=\"641\" height=\"485\" srcset=\"https:\/\/diamant-strass-dmc.com\/wp-content\/uploads\/2023\/11\/xlsx-color-chart-diamond-painting-1.png 888w, https:\/\/diamant-strass-dmc.com\/wp-content\/uploads\/2023\/11\/xlsx-color-chart-diamond-painting-1-300x227.png 300w, https:\/\/diamant-strass-dmc.com\/wp-content\/uploads\/2023\/11\/xlsx-color-chart-diamond-painting-1-768x581.png 768w, https:\/\/diamant-strass-dmc.com\/wp-content\/uploads\/2023\/11\/xlsx-color-chart-diamond-painting-1-416x315.png 416w, https:\/\/diamant-strass-dmc.com\/wp-content\/uploads\/2023\/11\/xlsx-color-chart-diamond-painting-1-324x245.png 324w\" sizes=\"auto, (max-width: 641px) 100vw, 641px\" \/><\/strong><\/p>\n<p>Archivo <strong>de hoja de c\u00e1lculo Excel<\/strong> (formato XLSX) <strong>que se modificar\u00e1 seg\u00fan sea necesario<\/strong>.<\/p>\n<p>El archivo tiene <strong>dos pesta\u00f1as<\/strong>: la primera ordena los colores por n\u00famero DMC y la segunda por tono.<\/p>\n<p>Una columna \u00abposici\u00f3n\u00bb muestra el n\u00famero de posici\u00f3n de cada color, para que puedas <strong>encontrar su clasificaci\u00f3n inicial<\/strong> si lo necesitas.<\/p>\n<p>Compatible con Excel, Google Sheets, OpenOffice, LibreOffice&#8230;<\/p>\n<p><img loading=\"lazy\" decoding=\"async\" class=\"alignnone size-full wp-image-64708\" src=\"https:\/\/diamant-strass-dmc.com\/wp-content\/uploads\/2023\/11\/bynumber.jpg\" alt=\"\" width=\"804\" height=\"631\" srcset=\"https:\/\/diamant-strass-dmc.com\/wp-content\/uploads\/2023\/11\/bynumber.jpg 804w, https:\/\/diamant-strass-dmc.com\/wp-content\/uploads\/2023\/11\/bynumber-300x235.jpg 300w, https:\/\/diamant-strass-dmc.com\/wp-content\/uploads\/2023\/11\/bynumber-768x603.jpg 768w, https:\/\/diamant-strass-dmc.com\/wp-content\/uploads\/2023\/11\/bynumber-416x326.jpg 416w, https:\/\/diamant-strass-dmc.com\/wp-content\/uploads\/2023\/11\/bynumber-324x254.jpg 324w\" sizes=\"auto, (max-width: 804px) 100vw, 804px\" \/><\/p>\n<p><img loading=\"lazy\" decoding=\"async\" class=\"alignnone size-full wp-image-64693\" src=\"https:\/\/diamant-strass-dmc.com\/wp-content\/uploads\/2023\/11\/bycolor.jpg\" alt=\"\" width=\"800\" height=\"610\" srcset=\"https:\/\/diamant-strass-dmc.com\/wp-content\/uploads\/2023\/11\/bycolor.jpg 800w, https:\/\/diamant-strass-dmc.com\/wp-content\/uploads\/2023\/11\/bycolor-300x229.jpg 300w, https:\/\/diamant-strass-dmc.com\/wp-content\/uploads\/2023\/11\/bycolor-768x586.jpg 768w, https:\/\/diamant-strass-dmc.com\/wp-content\/uploads\/2023\/11\/bycolor-416x317.jpg 416w, https:\/\/diamant-strass-dmc.com\/wp-content\/uploads\/2023\/11\/bycolor-324x247.jpg 324w\" sizes=\"auto, (max-width: 800px) 100vw, 800px\" \/><\/p>\n<style><!-- .enkar2div { display:none; } .pi-edd { display:none; } button.single_add_to_cart_button.button.alt { margin-bottom: 20px !important; } .contentpremier { visibility:hidden; } .contentsecond { display:none; } .premier { margin:0; } ul { margin-left:20px; } --><\/style>\n","protected":false},"excerpt":{"rendered":"<p style=\"color: blue;\"><span style=\"text-decoration: underline;\"><strong>IMPORTANTE<\/strong><\/span>: Este es un producto virtual: se trata de archivos que podr\u00e1 descargar inmediatamente despu\u00e9s de la compra. No se enviar\u00e1 ning\u00fan producto f\u00edsico a su direcci\u00f3n.<\/p>\n","protected":false},"featured_media":64605,"template":"","meta":{"footnotes":""},"product_brand":[],"product_cat":[7233],"class_list":{"0":"post-64827","1":"product","2":"type-product","3":"status-publish","4":"has-post-thumbnail","6":"product_cat-archivos-para-descargar","8":"first","9":"instock","10":"sale","11":"downloadable","12":"virtual","13":"sold-individually","14":"taxable","15":"purchasable","16":"product-type-simple"},"aioseo_notices":[],"_links":{"self":[{"href":"https:\/\/diamant-strass-dmc.com\/es\/wp-json\/wp\/v2\/product\/64827","targetHints":{"allow":["GET"]}}],"collection":[{"href":"https:\/\/diamant-strass-dmc.com\/es\/wp-json\/wp\/v2\/product"}],"about":[{"href":"https:\/\/diamant-strass-dmc.com\/es\/wp-json\/wp\/v2\/types\/product"}],"version-history":[{"count":0,"href":"https:\/\/diamant-strass-dmc.com\/es\/wp-json\/wp\/v2\/product\/64827\/revisions"}],"wp:featuredmedia":[{"embeddable":true,"href":"https:\/\/diamant-strass-dmc.com\/es\/wp-json\/wp\/v2\/media\/64605"}],"wp:attachment":[{"href":"https:\/\/diamant-strass-dmc.com\/es\/wp-json\/wp\/v2\/media?parent=64827"}],"wp:term":[{"taxonomy":"product_brand","embeddable":true,"href":"https:\/\/diamant-strass-dmc.com\/es\/wp-json\/wp\/v2\/product_brand?post=64827"},{"taxonomy":"product_cat","embeddable":true,"href":"https:\/\/diamant-strass-dmc.com\/es\/wp-json\/wp\/v2\/product_cat?post=64827"}],"curies":[{"name":"wp","href":"https:\/\/api.w.org\/{rel}","templated":true}]}}