{"id":64818,"date":"2023-11-13T16:46:02","date_gmt":"2023-11-14T16:16:13","guid":{"rendered":"https:\/\/diamant-strass-dmc.com\/perles-broderie\/nuancier-dmc-du-diamond-painting-tableur-excel-xlsx-a-telecharger\/"},"modified":"2024-02-25T19:03:07","modified_gmt":"2024-02-25T18:03:07","slug":"carta-colores-diamond-painting-dmc-hoja-calculo-excel-xlsx-descargar","status":"publish","type":"product","link":"https:\/\/diamant-strass-dmc.com\/es\/perles-broderie\/carta-colores-diamond-painting-dmc-hoja-calculo-excel-xlsx-descargar\/","title":{"rendered":"Carta de colores de pintura de diamantes DMC (hoja de c\u00e1lculo Excel XLSX para descargar)"},"content":{"rendered":"<p><strong>Archivo en formato .xlsx<\/strong> (hoja de c\u00e1lculo compatible con Excel, Google Sheets, OpenOffice, LibreOffice, etc.).<\/p>\n<ul>\n<li>Los <strong>447 colores DMC<\/strong> de pintura diamante ;<\/li>\n<li>Libremente editable (ordenar, convertir a PDF&#8230;) ;<\/li>\n<li><strong>2 pesta\u00f1as<\/strong>: clasificaci\u00f3n por n\u00famero de DMC y clasificaci\u00f3n por tono de color ;<\/li>\n<li>Columna \u00abPosici\u00f3n\u00bb para volver al orden de clasificaci\u00f3n inicial.<\/li>\n<\/ul>\n<style><!-- .enkar2div { display:none; } .pi-edd { display:none; } button.single_add_to_cart_button.button.alt { margin-bottom: 20px !important; } .contentpremier { visibility:hidden; } .contentsecond { display:none; } .premier { margin:0; } ul { margin-left:20px; } --><\/style>\n","protected":false},"excerpt":{"rendered":"<p style=\"color: blue;\"><span style=\"text-decoration: underline;\"><strong>IMPORTANTE<\/strong><\/span>: Este es un producto virtual: es un archivo que puede descargar inmediatamente despu\u00e9s de la compra para imprimirlo en casa. No se enviar\u00e1 ning\u00fan producto f\u00edsico a su direcci\u00f3n.<\/p>\n","protected":false},"featured_media":64691,"template":"","meta":{"footnotes":""},"product_brand":[],"product_cat":[7233],"class_list":{"0":"post-64818","1":"product","2":"type-product","3":"status-publish","4":"has-post-thumbnail","6":"product_cat-archivos-para-descargar","8":"first","9":"instock","10":"sale","11":"downloadable","12":"virtual","13":"sold-individually","14":"taxable","15":"purchasable","16":"product-type-simple"},"aioseo_notices":[],"_links":{"self":[{"href":"https:\/\/diamant-strass-dmc.com\/es\/wp-json\/wp\/v2\/product\/64818","targetHints":{"allow":["GET"]}}],"collection":[{"href":"https:\/\/diamant-strass-dmc.com\/es\/wp-json\/wp\/v2\/product"}],"about":[{"href":"https:\/\/diamant-strass-dmc.com\/es\/wp-json\/wp\/v2\/types\/product"}],"version-history":[{"count":0,"href":"https:\/\/diamant-strass-dmc.com\/es\/wp-json\/wp\/v2\/product\/64818\/revisions"}],"wp:featuredmedia":[{"embeddable":true,"href":"https:\/\/diamant-strass-dmc.com\/es\/wp-json\/wp\/v2\/media\/64691"}],"wp:attachment":[{"href":"https:\/\/diamant-strass-dmc.com\/es\/wp-json\/wp\/v2\/media?parent=64818"}],"wp:term":[{"taxonomy":"product_brand","embeddable":true,"href":"https:\/\/diamant-strass-dmc.com\/es\/wp-json\/wp\/v2\/product_brand?post=64818"},{"taxonomy":"product_cat","embeddable":true,"href":"https:\/\/diamant-strass-dmc.com\/es\/wp-json\/wp\/v2\/product_cat?post=64818"}],"curies":[{"name":"wp","href":"https:\/\/api.w.org\/{rel}","templated":true}]}}