{"id":61505,"date":"2023-09-15T02:03:33","date_gmt":"2023-09-15T00:09:02","guid":{"rendered":"https:\/\/diamant-strass-dmc.com\/perles-broderie\/nuancier-dmc-diamond-painting-par-nuance-pdf-telecharger\/"},"modified":"2024-02-25T19:03:04","modified_gmt":"2024-02-25T18:03:04","slug":"carta-colores-dmc-pot-tonos-diamond-painting-archivo-pdf-descargar","status":"publish","type":"product","link":"https:\/\/diamant-strass-dmc.com\/es\/perles-broderie\/carta-colores-dmc-pot-tonos-diamond-painting-archivo-pdf-descargar\/","title":{"rendered":"Carta de colores DMC para diamond painting por tonos (archivo PDF para descargar)"},"content":{"rendered":"<ul>\n<li>Los <strong>447 colores DMC<\/strong> de pintura diamante en <strong>6 p\u00e1ginas imprimibles<\/strong>;<\/li>\n<li><strong>Colores ordenados por tonos<\/strong>;<\/li>\n<li>Formato de archivo PDF que garantiza <strong>una impresi\u00f3n<\/strong> perfecta en colores DMC;<\/li>\n<li>P\u00e1ginas <strong>A4<\/strong> listas para imprimir.<\/li>\n<\/ul>\n<style><!-- .enkar2div { display:none; } .pi-edd { display:none; } button.single_add_to_cart_button.button.alt { margin-bottom: 20px !important; } .contentpremier { visibility:hidden; } .contentsecond { display:none; } .premier { margin:0; } ul { margin-left:20px; } --><\/style>\n","protected":false},"excerpt":{"rendered":"<p style=\"color: blue;\"><span style=\"text-decoration: underline;\"><strong>IMPORTANTE<\/strong><\/span>: Este es un producto virtual: es un archivo que puede descargar inmediatamente despu\u00e9s de la compra para imprimirlo en casa. No se enviar\u00e1 ning\u00fan producto f\u00edsico a su direcci\u00f3n.<\/p>\n","protected":false},"featured_media":64575,"template":"","meta":{"footnotes":""},"product_brand":[],"product_cat":[7233],"class_list":{"0":"post-61505","1":"product","2":"type-product","3":"status-publish","4":"has-post-thumbnail","6":"product_cat-archivos-para-descargar","8":"first","9":"instock","10":"sale","11":"downloadable","12":"virtual","13":"sold-individually","14":"taxable","15":"purchasable","16":"product-type-simple"},"aioseo_notices":[],"_links":{"self":[{"href":"https:\/\/diamant-strass-dmc.com\/es\/wp-json\/wp\/v2\/product\/61505","targetHints":{"allow":["GET"]}}],"collection":[{"href":"https:\/\/diamant-strass-dmc.com\/es\/wp-json\/wp\/v2\/product"}],"about":[{"href":"https:\/\/diamant-strass-dmc.com\/es\/wp-json\/wp\/v2\/types\/product"}],"version-history":[{"count":0,"href":"https:\/\/diamant-strass-dmc.com\/es\/wp-json\/wp\/v2\/product\/61505\/revisions"}],"wp:featuredmedia":[{"embeddable":true,"href":"https:\/\/diamant-strass-dmc.com\/es\/wp-json\/wp\/v2\/media\/64575"}],"wp:attachment":[{"href":"https:\/\/diamant-strass-dmc.com\/es\/wp-json\/wp\/v2\/media?parent=61505"}],"wp:term":[{"taxonomy":"product_brand","embeddable":true,"href":"https:\/\/diamant-strass-dmc.com\/es\/wp-json\/wp\/v2\/product_brand?post=61505"},{"taxonomy":"product_cat","embeddable":true,"href":"https:\/\/diamant-strass-dmc.com\/es\/wp-json\/wp\/v2\/product_cat?post=61505"}],"curies":[{"name":"wp","href":"https:\/\/api.w.org\/{rel}","templated":true}]}}