{"id":47750,"date":"2022-11-17T18:13:41","date_gmt":"2022-11-18T01:36:01","guid":{"rendered":"https:\/\/diamant-strass-dmc.com\/perles-broderie\/pot-colle-round-pastilles-embrocado-diamante\/"},"modified":"2025-08-08T23:04:25","modified_gmt":"2025-08-08T21:04:25","slug":"pegamento-pastillas-redondas-bordado-diamante","status":"publish","type":"product","link":"https:\/\/diamant-strass-dmc.com\/es\/perles-broderie\/pegamento-pastillas-redondas-bordado-diamante\/","title":{"rendered":"Bote de pegamento + 5 pastillas para bordar diamantes"},"content":{"rendered":"<p>El pegamento para macetas es mucho m\u00e1s pr\u00e1ctico que los cuadrados tradicionales. Los gr\u00e1nulos redondos y gruesos se fabrican con los mismos ingredientes que los cuadrados de cola (arcilla de cera), pero se guardan en una atractiva caja en forma de rombo para que la cola no se seque. Y lo que es m\u00e1s importante, tendr\u00e1 un suministro mayor, ya que las 5 pastillas deben abrirse al mismo tiempo para formar una sola unidad dentro del tarro. <\/p>\n<p><strong>He aqu\u00ed c\u00f3mo hacerlo:<\/strong><\/p>\n<p>1\/ Despegue la capa protectora de una cara de una pastilla y p\u00e9guela en el fondo de la olla.<\/p>\n<p>2\/ Retire la otra protecci\u00f3n de esta almohadilla<\/p>\n<p>3\/ Despegue la capa protectora de una cara de otra tableta y p\u00e9guela sobre la tableta del tarro.<\/p>\n<p>4\/ Repita los pasos 2\/ y 3\/ con las tres \u00faltimas pastillas.<\/p>\n<p>El objetivo es acabar con los 5 gr\u00e1nulos en la maceta, sin sus tapas protectoras, para formar una sola masa de cola dentro de la maceta.<\/p>\n","protected":false},"excerpt":{"rendered":"<p>&#8211; Incluye 5 almohadillas adhesivas redondas;<br \/>\n&#8211; Color del bote: malva ;<br \/>\n&#8211; Color de los puntos: rojo ;<br \/>\n&#8211; Tapa de rosca herm\u00e9tica ;<br \/>\n&#8211; Dimensiones (ancho x alto): 33 x 21 mm.<\/p>\n","protected":false},"featured_media":80024,"template":"","meta":{"footnotes":""},"product_brand":[],"product_cat":[7182],"class_list":{"0":"post-47750","1":"product","2":"type-product","3":"status-publish","4":"has-post-thumbnail","6":"product_cat-accesorios","8":"first","9":"instock","10":"taxable","11":"shipping-taxable","12":"purchasable","13":"product-type-variable","14":"has-default-attributes"},"aioseo_notices":[],"_links":{"self":[{"href":"https:\/\/diamant-strass-dmc.com\/es\/wp-json\/wp\/v2\/product\/47750","targetHints":{"allow":["GET"]}}],"collection":[{"href":"https:\/\/diamant-strass-dmc.com\/es\/wp-json\/wp\/v2\/product"}],"about":[{"href":"https:\/\/diamant-strass-dmc.com\/es\/wp-json\/wp\/v2\/types\/product"}],"version-history":[{"count":0,"href":"https:\/\/diamant-strass-dmc.com\/es\/wp-json\/wp\/v2\/product\/47750\/revisions"}],"wp:featuredmedia":[{"embeddable":true,"href":"https:\/\/diamant-strass-dmc.com\/es\/wp-json\/wp\/v2\/media\/80024"}],"wp:attachment":[{"href":"https:\/\/diamant-strass-dmc.com\/es\/wp-json\/wp\/v2\/media?parent=47750"}],"wp:term":[{"taxonomy":"product_brand","embeddable":true,"href":"https:\/\/diamant-strass-dmc.com\/es\/wp-json\/wp\/v2\/product_brand?post=47750"},{"taxonomy":"product_cat","embeddable":true,"href":"https:\/\/diamant-strass-dmc.com\/es\/wp-json\/wp\/v2\/product_cat?post=47750"}],"curies":[{"name":"wp","href":"https:\/\/api.w.org\/{rel}","templated":true}]}}