{"id":46616,"date":"2022-07-27T03:09:55","date_gmt":"2022-07-27T01:09:55","guid":{"rendered":"https:\/\/diamant-strass-dmc.com\/perles-broderie\/boligrafo-estandar-con-7-cabezales-de-diamante\/"},"modified":"2024-10-19T02:30:36","modified_gmt":"2024-10-19T00:30:36","slug":"boligrafo-bordado-diamante-estandar","status":"publish","type":"product","link":"https:\/\/diamant-strass-dmc.com\/es\/perles-broderie\/boligrafo-bordado-diamante-estandar\/","title":{"rendered":"Kit de 2 rotuladores diamantados con cabezales y empu\u00f1aduras"},"content":{"rendered":"<p><strong>Longitud del bol\u00edgrafo: 12,6 cm.<\/strong><\/p>\n<p>Bol\u00edgrafos est\u00e1ndar compatibles con cualquier empu\u00f1adura o cabezal de bol\u00edgrafo est\u00e1ndar.<\/p>\n<p>Los cabezales multidiamante se utilizan para enganchar y engastar varias cuentas a la vez. En este kit encontrar\u00e1s un cabezal para engastar 3 diamantes a la vez y otro para engastar 9 a la vez (adem\u00e1s de los 2 cabezales para engastar s\u00f3lo uno). <\/p>\n<p>Los cabezales son semiopacos, por lo que dejan pasar la luz pero tampoco son transparentes. El pl\u00e1stico es blanco ahumado. <\/p>\n","protected":false},"excerpt":{"rendered":"<p style=\"margin-bottom:0;\"><strong>Este kit incluye :<\/strong><\/p>\n<ul>\n<li>1 bol\u00edgrafo rosa + 1 grip rojo ;<\/li>\n<li>1 bol\u00edgrafo azul + 1 grip azul ;<\/li>\n<li>2 cabezas por 1 diamante ;<\/li>\n<li>1 cabeza por 3 diamantes ;<\/li>\n<li>1 cabeza por 9 diamantes.<\/li>\n<\/ul>\n","protected":false},"featured_media":79393,"template":"","meta":{"footnotes":""},"product_brand":[],"product_cat":[7182,7290],"class_list":{"0":"post-46616","1":"product","2":"type-product","3":"status-publish","4":"has-post-thumbnail","6":"product_cat-accesorios","7":"product_cat-promo-es","9":"first","10":"instock","11":"sale","12":"taxable","13":"shipping-taxable","14":"purchasable","15":"product-type-simple"},"aioseo_notices":[],"_links":{"self":[{"href":"https:\/\/diamant-strass-dmc.com\/es\/wp-json\/wp\/v2\/product\/46616","targetHints":{"allow":["GET"]}}],"collection":[{"href":"https:\/\/diamant-strass-dmc.com\/es\/wp-json\/wp\/v2\/product"}],"about":[{"href":"https:\/\/diamant-strass-dmc.com\/es\/wp-json\/wp\/v2\/types\/product"}],"version-history":[{"count":1,"href":"https:\/\/diamant-strass-dmc.com\/es\/wp-json\/wp\/v2\/product\/46616\/revisions"}],"predecessor-version":[{"id":79449,"href":"https:\/\/diamant-strass-dmc.com\/es\/wp-json\/wp\/v2\/product\/46616\/revisions\/79449"}],"wp:featuredmedia":[{"embeddable":true,"href":"https:\/\/diamant-strass-dmc.com\/es\/wp-json\/wp\/v2\/media\/79393"}],"wp:attachment":[{"href":"https:\/\/diamant-strass-dmc.com\/es\/wp-json\/wp\/v2\/media?parent=46616"}],"wp:term":[{"taxonomy":"product_brand","embeddable":true,"href":"https:\/\/diamant-strass-dmc.com\/es\/wp-json\/wp\/v2\/product_brand?post=46616"},{"taxonomy":"product_cat","embeddable":true,"href":"https:\/\/diamant-strass-dmc.com\/es\/wp-json\/wp\/v2\/product_cat?post=46616"}],"curies":[{"name":"wp","href":"https:\/\/api.w.org\/{rel}","templated":true}]}}