{"id":46402,"date":"2022-07-28T01:36:54","date_gmt":"2022-10-05T00:02:22","guid":{"rendered":"https:\/\/diamant-strass-dmc.com\/perles-broderie\/cabeza-de-boligrafo-de-bordado-de-diamantes\/"},"modified":"2024-09-17T17:45:04","modified_gmt":"2024-09-17T15:45:04","slug":"cabeza-stylo-brodery-diamante","status":"publish","type":"product","link":"https:\/\/diamant-strass-dmc.com\/es\/perles-broderie\/cabeza-stylo-brodery-diamante\/","title":{"rendered":"Cabezas de rotulador para pintar diamantes"},"content":{"rendered":"<p>La foto muestra todos los cabezales disponibles, pero <strong>el precio es por cabezal<\/strong> y no por lote, a menos que elijas <strong><em>Todos los cabezales, excepto \u00abA &#8211; Cabezal correctivo\u00bb.<\/em><\/strong>en cuyo caso recibir\u00e1s los 13 cabezales multidiamante m\u00e1s el 1 cabezal diamante angulado (14 cabezales en total).<\/p>\n<p>Se pueden engastar de <strong>3 a 15 diamantes<\/strong> de una sola vez, seg\u00fan el tama\u00f1o de la cabeza (figura de la foto). Este tama\u00f1o se selecciona en \u00abtipo de cabezal\u00bb.<\/p>\n<p>Tambi\u00e9n ofrecemos un cabezal que s\u00f3lo permite colocar un diamante y cuya particularidad es que est\u00e1 <strong>inclinado<\/strong>, lo que ofrece <strong>una mejor ergonom\u00eda<\/strong> y colocaci\u00f3n del bol\u00edgrafo.<\/p>\n<p>Por \u00faltimo, ofrecemos el <strong>\u00abcabezal corrector<\/strong>\u00ab, que no permite engastar los diamantes, sino que se inserta entre las filas para que los diamantes queden bien alineados.<\/p>\n<p>Estos cabezales se adaptan a todos los rotuladores est\u00e1ndar para pintar diamantes, incluido el rotulador rosa b\u00e1sico que se suministra en la mayor\u00eda de los kits.<\/p>\n<style><!-- .woo-selected-variation-item-name, .woocommerce-product-details__short-description { display:none !important; } li.variable-item { line-height: 1em; } --><\/style>\n","protected":false},"excerpt":{"rendered":"<p>Pintura con diamantes<\/p>\n","protected":false},"featured_media":69632,"template":"","meta":{"footnotes":""},"product_brand":[],"product_cat":[7182],"class_list":{"0":"post-46402","1":"product","2":"type-product","3":"status-publish","4":"has-post-thumbnail","6":"product_cat-accesorios","8":"first","9":"instock","10":"sale","11":"taxable","12":"shipping-taxable","13":"purchasable","14":"product-type-variable","15":"has-default-attributes"},"aioseo_notices":[],"_links":{"self":[{"href":"https:\/\/diamant-strass-dmc.com\/es\/wp-json\/wp\/v2\/product\/46402","targetHints":{"allow":["GET"]}}],"collection":[{"href":"https:\/\/diamant-strass-dmc.com\/es\/wp-json\/wp\/v2\/product"}],"about":[{"href":"https:\/\/diamant-strass-dmc.com\/es\/wp-json\/wp\/v2\/types\/product"}],"version-history":[{"count":7,"href":"https:\/\/diamant-strass-dmc.com\/es\/wp-json\/wp\/v2\/product\/46402\/revisions"}],"predecessor-version":[{"id":77574,"href":"https:\/\/diamant-strass-dmc.com\/es\/wp-json\/wp\/v2\/product\/46402\/revisions\/77574"}],"wp:featuredmedia":[{"embeddable":true,"href":"https:\/\/diamant-strass-dmc.com\/es\/wp-json\/wp\/v2\/media\/69632"}],"wp:attachment":[{"href":"https:\/\/diamant-strass-dmc.com\/es\/wp-json\/wp\/v2\/media?parent=46402"}],"wp:term":[{"taxonomy":"product_brand","embeddable":true,"href":"https:\/\/diamant-strass-dmc.com\/es\/wp-json\/wp\/v2\/product_brand?post=46402"},{"taxonomy":"product_cat","embeddable":true,"href":"https:\/\/diamant-strass-dmc.com\/es\/wp-json\/wp\/v2\/product_cat?post=46402"}],"curies":[{"name":"wp","href":"https:\/\/api.w.org\/{rel}","templated":true}]}}