{"id":46394,"date":"2022-09-07T02:33:03","date_gmt":"2022-09-07T00:33:03","guid":{"rendered":"https:\/\/diamant-strass-dmc.com\/perles-broderie\/boligrafo-unico-6-cabezales\/"},"modified":"2024-09-17T17:18:17","modified_gmt":"2024-09-17T15:18:17","slug":"pluma-pintura-diamante-pintura-bordado-diamante","status":"publish","type":"product","link":"https:\/\/diamant-strass-dmc.com\/es\/perles-broderie\/pluma-pintura-diamante-pintura-bordado-diamante\/","title":{"rendered":"Bol\u00edgrafo \u00ab\u00fanico\u00bb + 6 cabezales para pintar diamantes"},"content":{"rendered":"<p>Cada juego contiene <strong>1 bol\u00edgrafo<\/strong> (azul o rosa fucsia) y <strong>6 cabezas<\/strong>, <strong>4 planas<\/strong> (para 1, 3, 6 y 9 diamantes), <strong>1 angulada<\/strong> (para 1 diamante) y <strong>1 correctora<\/strong> (para alinear los diamantes).<\/p>\n<p>\u00bfPor qu\u00e9 es <strong>\u00fanica<\/strong> esta pluma? \u00a1Porque <strong>sus l\u00edneas nunca son iguales!<\/strong><br \/> El efecto m\u00e1rmol es <strong>diferente cada vez<\/strong>, como puedes ver en una de las fotos de al lado.<\/p>\n<p>El bol\u00edgrafo es transl\u00facido, por lo que se ve muy bien a la luz del d\u00eda.<\/p>\n<p>Dimensiones (con cabezales): 15,5 cm.<br \/>  Se puede colocar un cabezal en cada extremo.<\/p>\n","protected":false},"excerpt":{"rendered":"<p>Bol\u00edgrafo \u00fanico: efecto jaspeado diferente para cada bol\u00edgrafo (ver foto).<\/p>\n","protected":false},"featured_media":44637,"template":"","meta":{"footnotes":""},"product_brand":[],"product_cat":[7182],"class_list":{"0":"post-46394","1":"product","2":"type-product","3":"status-publish","4":"has-post-thumbnail","6":"product_cat-accesorios","8":"first","9":"instock","10":"sale","11":"taxable","12":"shipping-taxable","13":"purchasable","14":"product-type-variable","15":"has-default-attributes"},"aioseo_notices":[],"_links":{"self":[{"href":"https:\/\/diamant-strass-dmc.com\/es\/wp-json\/wp\/v2\/product\/46394","targetHints":{"allow":["GET"]}}],"collection":[{"href":"https:\/\/diamant-strass-dmc.com\/es\/wp-json\/wp\/v2\/product"}],"about":[{"href":"https:\/\/diamant-strass-dmc.com\/es\/wp-json\/wp\/v2\/types\/product"}],"version-history":[{"count":3,"href":"https:\/\/diamant-strass-dmc.com\/es\/wp-json\/wp\/v2\/product\/46394\/revisions"}],"predecessor-version":[{"id":77489,"href":"https:\/\/diamant-strass-dmc.com\/es\/wp-json\/wp\/v2\/product\/46394\/revisions\/77489"}],"wp:featuredmedia":[{"embeddable":true,"href":"https:\/\/diamant-strass-dmc.com\/es\/wp-json\/wp\/v2\/media\/44637"}],"wp:attachment":[{"href":"https:\/\/diamant-strass-dmc.com\/es\/wp-json\/wp\/v2\/media?parent=46394"}],"wp:term":[{"taxonomy":"product_brand","embeddable":true,"href":"https:\/\/diamant-strass-dmc.com\/es\/wp-json\/wp\/v2\/product_brand?post=46394"},{"taxonomy":"product_cat","embeddable":true,"href":"https:\/\/diamant-strass-dmc.com\/es\/wp-json\/wp\/v2\/product_cat?post=46394"}],"curies":[{"name":"wp","href":"https:\/\/api.w.org\/{rel}","templated":true}]}}