{"id":46353,"date":"2022-09-06T18:03:14","date_gmt":"2022-10-05T00:01:49","guid":{"rendered":"https:\/\/diamant-strass-dmc.com\/perles-broderie\/3-ruedas-rodillo-adhesivo\/"},"modified":"2023-12-03T18:13:37","modified_gmt":"2023-12-03T17:13:37","slug":"roulette-broderie-diamond-painting","status":"publish","type":"product","link":"https:\/\/diamant-strass-dmc.com\/es\/perles-broderie\/roulette-broderie-diamond-painting\/","title":{"rendered":"3 ruedas + rodillo adhesivo"},"content":{"rendered":"<p>1\/ <strong>Pega un trozo de cinta adhesiva<\/strong> alrededor de la rueda;<br \/>\n2\/ Haz rodar la rueda en tu bandeja para <strong>coger los diamantes<\/strong>;<br \/>\n3\/ Pasa el rodillo por el lienzo para <strong>pegar los diamantes<\/strong>.<\/p>\n<p>Coloque varios diamantes con las ruedas suministradas en este kit, de 3 di\u00e1metros diferentes seg\u00fan sus necesidades (cuanto mayor sea la rueda, m\u00e1s diamantes podr\u00e1 colocar).<\/p>\n<p>Las ruedas se fijan firmemente al extremo de su eje con una rosca de tornillo, y se suministran 3 ejes para que pueda disfrutar de los diferentes tama\u00f1os de ruedas sin tener que desmontarlas cada vez.<\/p>\n<p>Tambi\u00e9n se suministra un rollo de cinta adhesiva del ancho de las ruedas.<\/p>\n<p><strong>La ruleta requiere pr\u00e1ctica, pero una vez que la domines, \u00a1no podr\u00e1s pasar sin ella!<\/strong><\/p>\n","protected":false},"excerpt":{"rendered":"<p><strong>Este kit contiene :<\/strong><\/p>\n<ul>\n<li><strong>3 ruedas<\/strong> (di\u00e1metros 3 cm, 4 cm y 5 cm) ;<\/li>\n<li><strong>3 varillas<\/strong> para arreglarlas;<\/li>\n<li><strong>1 rollo de cinta adhesiva<\/strong>.<\/li>\n<\/ul>\n","protected":false},"featured_media":44346,"template":"","meta":{"footnotes":""},"product_brand":[],"product_cat":[7182],"class_list":{"0":"post-46353","1":"product","2":"type-product","3":"status-publish","4":"has-post-thumbnail","6":"product_cat-accesorios","8":"first","9":"instock","10":"sale","11":"taxable","12":"shipping-taxable","13":"purchasable","14":"product-type-simple"},"aioseo_notices":[],"_links":{"self":[{"href":"https:\/\/diamant-strass-dmc.com\/es\/wp-json\/wp\/v2\/product\/46353","targetHints":{"allow":["GET"]}}],"collection":[{"href":"https:\/\/diamant-strass-dmc.com\/es\/wp-json\/wp\/v2\/product"}],"about":[{"href":"https:\/\/diamant-strass-dmc.com\/es\/wp-json\/wp\/v2\/types\/product"}],"version-history":[{"count":0,"href":"https:\/\/diamant-strass-dmc.com\/es\/wp-json\/wp\/v2\/product\/46353\/revisions"}],"wp:featuredmedia":[{"embeddable":true,"href":"https:\/\/diamant-strass-dmc.com\/es\/wp-json\/wp\/v2\/media\/44346"}],"wp:attachment":[{"href":"https:\/\/diamant-strass-dmc.com\/es\/wp-json\/wp\/v2\/media?parent=46353"}],"wp:term":[{"taxonomy":"product_brand","embeddable":true,"href":"https:\/\/diamant-strass-dmc.com\/es\/wp-json\/wp\/v2\/product_brand?post=46353"},{"taxonomy":"product_cat","embeddable":true,"href":"https:\/\/diamant-strass-dmc.com\/es\/wp-json\/wp\/v2\/product_cat?post=46353"}],"curies":[{"name":"wp","href":"https:\/\/api.w.org\/{rel}","templated":true}]}}