{"id":46201,"date":"2022-08-30T22:19:36","date_gmt":"2022-08-30T20:19:36","guid":{"rendered":"https:\/\/diamant-strass-dmc.com\/perles-broderie\/regla-de-alineacion-para-bordado-de-diamantes\/"},"modified":"2024-09-17T17:41:12","modified_gmt":"2024-09-17T15:41:12","slug":"regla-alinear-embellecedor-diamante","status":"publish","type":"product","link":"https:\/\/diamant-strass-dmc.com\/es\/perles-broderie\/regla-alinear-embellecedor-diamante\/","title":{"rendered":"Regla de alineaci\u00f3n para la pintura de diamantes"},"content":{"rendered":"<p>Esta regla le permitir\u00e1 alinear perfectamente sus diamantes.<\/p>\n<p>Si elige \u00abuna regla de cada\u00bb, recibir\u00e1 dos reglas: una para diamantes redondos y otra para diamantes cuadrados.<\/p>\n<p>La regla es resistente pero <strong>deliberadamente muy fina<\/strong> para que no se enganche en los diamantes al levantarla del lienzo.<\/p>\n<p>1\/ Coloca la regla sobre el lienzo y pega cada rombo en el espacio previsto.<\/p>\n<p>2\/ A continuaci\u00f3n, despegue suavemente la regla dobl\u00e1ndola ligeramente (su flexibilidad lo permite).<\/p>\n<div style=\"order: 6; border: 1px solid grey; padding: 10px 10px 0 10px; display: block; font-size: 14px; margin-bottom: 20px;\">\n<p>La regla de diamante redondo tiene un espacio para cada diamante en el \u00e1rea donde se colocar\u00e1, mientras que la regla de diamante cuadrado no los revela todos.<\/p>\n<p>Pero el <strong>resultado de la alineaci\u00f3n perfecta ser\u00e1 el mismo<\/strong>, ya que una vez colocados los diamantes cuadrados y retirada la regla del lienzo, s\u00f3lo tendr\u00e1s que pegar los diamantes en los lugares que la regla no dej\u00f3 al descubierto.<\/p>\n<p>Y \u00e9stos estar\u00e1n necesariamente perfectamente colocados porque se colocar\u00e1n contra los diamantes ya pegados y bien alineados.<\/p>\n<p>&nbsp;&nbsp;<\/p>\n<\/div>\n","protected":false},"excerpt":{"rendered":"<ul>\n<li>Regla para diamantes redondos: 11,5 x 3 cm ;<\/li>\n<li>Regla para diamantes cuadrados: 15,5 x 4,5 cm.<\/p>\n<\/li>\n<\/ul>\n","protected":false},"featured_media":70904,"template":"","meta":{"footnotes":""},"product_brand":[],"product_cat":[7182,7290],"class_list":{"0":"post-46201","1":"product","2":"type-product","3":"status-publish","4":"has-post-thumbnail","6":"product_cat-accesorios","7":"product_cat-promo-es","9":"first","10":"instock","11":"sale","12":"taxable","13":"shipping-taxable","14":"purchasable","15":"product-type-variable","16":"has-default-attributes"},"aioseo_notices":[],"_links":{"self":[{"href":"https:\/\/diamant-strass-dmc.com\/es\/wp-json\/wp\/v2\/product\/46201","targetHints":{"allow":["GET"]}}],"collection":[{"href":"https:\/\/diamant-strass-dmc.com\/es\/wp-json\/wp\/v2\/product"}],"about":[{"href":"https:\/\/diamant-strass-dmc.com\/es\/wp-json\/wp\/v2\/types\/product"}],"version-history":[{"count":8,"href":"https:\/\/diamant-strass-dmc.com\/es\/wp-json\/wp\/v2\/product\/46201\/revisions"}],"predecessor-version":[{"id":77560,"href":"https:\/\/diamant-strass-dmc.com\/es\/wp-json\/wp\/v2\/product\/46201\/revisions\/77560"}],"wp:featuredmedia":[{"embeddable":true,"href":"https:\/\/diamant-strass-dmc.com\/es\/wp-json\/wp\/v2\/media\/70904"}],"wp:attachment":[{"href":"https:\/\/diamant-strass-dmc.com\/es\/wp-json\/wp\/v2\/media?parent=46201"}],"wp:term":[{"taxonomy":"product_brand","embeddable":true,"href":"https:\/\/diamant-strass-dmc.com\/es\/wp-json\/wp\/v2\/product_brand?post=46201"},{"taxonomy":"product_cat","embeddable":true,"href":"https:\/\/diamant-strass-dmc.com\/es\/wp-json\/wp\/v2\/product_cat?post=46201"}],"curies":[{"name":"wp","href":"https:\/\/api.w.org\/{rel}","templated":true}]}}