{"id":26477,"date":"2021-04-09T09:53:15","date_gmt":"2021-04-09T07:53:15","guid":{"rendered":"https:\/\/diamant-strass-dmc.com\/politica-de-privacidad-2\/"},"modified":"2024-09-08T03:40:12","modified_gmt":"2024-09-08T01:40:12","slug":"politica-de-privacidad","status":"publish","type":"page","link":"https:\/\/diamant-strass-dmc.com\/es\/politica-de-privacidad\/","title":{"rendered":"Pol\u00edtica de privacidad"},"content":{"rendered":"<p>Diamant-Strass-DMC.com concede especial importancia a la protecci\u00f3n y seguridad de los datos personales y bancarios de sus usuarios.  <\/p>\n<h2 style=\"margin-top:50px;\">Gesti\u00f3n de datos bancarios<\/h2>\n<p>  Diamant-Strass-DMC.com no almacena ni recoge ning\u00fan n\u00famero de tarjeta de cr\u00e9dito introducido por el usuario y no puede acceder a esta informaci\u00f3n.<br \/>\nEsta informaci\u00f3n es transmitida de forma segura y encriptada por los proveedores de servicios de pago designados por Diamant-Strass-DMC.com: <em>Stripe<\/em> si el comprador ha elegido la opci\u00f3n \u00abPago con tarjeta de cr\u00e9dito\u00bb y <em>PayPal <\/em>si el comprador ha elegido la opci\u00f3n \u00abPago mediante PayPal\u00bb.<br \/>\nOtras plataformas de pago se indican expl\u00edcitamente en la p\u00e1gina de confirmaci\u00f3n del pedido.   Una vez completada la transacci\u00f3n, estos proveedores de pago informan a Diamant-Strass-DMC.com del \u00e9xito o fracaso del pago y no revelan ninguna otra informaci\u00f3n. Estas plataformas son las m\u00e1s utilizadas por los sitios comerciales y garantizan la seguridad de las transacciones, as\u00ed como la imposibilidad de que alguien acceda a los datos bancarios si el sitio Diamant-Strass-DMC.com fuera pirateado, ya que no almacena ning\u00fan dato bancario.  <\/p>\n<h2 style=\"margin-top:50px;\">Gesti\u00f3n de otros datos personales<\/h2>\n<p>  Ninguna informaci\u00f3n personal del usuario del sitio Diamant-Strass-DMC.com se publica sin el conocimiento del usuario, se intercambia, transfiere, cede o vende por ning\u00fan medio a terceros. S\u00f3lo la asunci\u00f3n de la compra del sitio Diamant-Strass-DMC.com y de sus derechos autoriza a DLP Web, editor del sitio Diamant-Strass-DMC.com, a transmitir dicha informaci\u00f3n al eventual comprador que, a su vez, estar\u00eda sujeto a la misma obligaci\u00f3n de conservaci\u00f3n y modificaci\u00f3n de los datos frente al usuario del sitio Diamant-Strass-DMC.com. En Francia, los datos personales est\u00e1n protegidos, en particular, por la ley francesa n.\u00ba 78-87 de 6 de enero de 1978, la ley francesa n.\u00ba 2004-801 de 6 de agosto de 2004, el art\u00edculo L. 226-13 del C\u00f3digo Penal y la Directiva Europea de 24 de octubre de 1995.<br \/>\nEn el sitio Diamant-Strass-DMC.com, de conformidad con el art\u00edculo 4 de la ley francesa n\u00ba 78-17 de 06 de enero de 1978, los datos relativos al usuario s\u00f3lo se recogen a efectos del servicio ofrecido por el sitio, es decir, el tratamiento de los pedidos.  El usuario facilita esta informaci\u00f3n con pleno conocimiento de causa, en particular cuando la introduce \u00e9l mismo. A continuaci\u00f3n, se informa al usuario del sitio Diamant-Strass-DMC.com de si est\u00e1 obligado o no a facilitar esta informaci\u00f3n. De conformidad con lo dispuesto en los art\u00edculos 38 y siguientes de la Ley francesa 78-17, de 6 de enero de 1978, de Protecci\u00f3n de Datos de Car\u00e1cter Personal, todo usuario dispone de un derecho de acceso, rectificaci\u00f3n, supresi\u00f3n y oposici\u00f3n a los datos de car\u00e1cter personal que le conciernan.<br \/>\nPara ejercer este derecho, env\u00eda tu solicitud a Diamant-Strass-DMC.com por correo electr\u00f3nico a contact@diamant-strass-dmc.com.<br \/>\nLas bases de datos est\u00e1n protegidas por las disposiciones de la ley de 1 de julio de 1998 que transpone la directiva francesa 96\/9 de 11 de marzo de 1996 sobre la protecci\u00f3n jur\u00eddica de las bases de datos.    <\/p>\n<style><!-- br { content: \" \";display: block;font-size: 100%;height: 2em; } --><\/style>\n","protected":false},"excerpt":{"rendered":"<p>Diamant-Strass-DMC.com concede especial importancia a la protecci\u00f3n y seguridad de los datos personales y bancarios de sus usuarios. Gesti\u00f3n de datos bancarios Diamant-Strass-DMC.com no almacena ni recoge ning\u00fan n\u00famero de tarjeta de cr\u00e9dito introducido por el usuario y no puede acceder a esta informaci\u00f3n. Esta informaci\u00f3n es transmitida de forma segura y encriptada por los [&hellip;]<\/p>\n","protected":false},"author":1,"featured_media":0,"parent":0,"menu_order":0,"comment_status":"closed","ping_status":"closed","template":"template-fullwidth.php","meta":{"footnotes":""},"class_list":["post-26477","page","type-page","status-publish","hentry"],"blocksy_meta":[],"aioseo_notices":[],"_links":{"self":[{"href":"https:\/\/diamant-strass-dmc.com\/es\/wp-json\/wp\/v2\/pages\/26477","targetHints":{"allow":["GET"]}}],"collection":[{"href":"https:\/\/diamant-strass-dmc.com\/es\/wp-json\/wp\/v2\/pages"}],"about":[{"href":"https:\/\/diamant-strass-dmc.com\/es\/wp-json\/wp\/v2\/types\/page"}],"author":[{"embeddable":true,"href":"https:\/\/diamant-strass-dmc.com\/es\/wp-json\/wp\/v2\/users\/1"}],"replies":[{"embeddable":true,"href":"https:\/\/diamant-strass-dmc.com\/es\/wp-json\/wp\/v2\/comments?post=26477"}],"version-history":[{"count":2,"href":"https:\/\/diamant-strass-dmc.com\/es\/wp-json\/wp\/v2\/pages\/26477\/revisions"}],"predecessor-version":[{"id":76166,"href":"https:\/\/diamant-strass-dmc.com\/es\/wp-json\/wp\/v2\/pages\/26477\/revisions\/76166"}],"wp:attachment":[{"href":"https:\/\/diamant-strass-dmc.com\/es\/wp-json\/wp\/v2\/media?parent=26477"}],"curies":[{"name":"wp","href":"https:\/\/api.w.org\/{rel}","templated":true}]}}