{"id":26201,"date":"2021-04-08T09:21:46","date_gmt":"2021-04-08T07:21:46","guid":{"rendered":"https:\/\/diamant-strass-dmc.com\/legal\/"},"modified":"2024-09-08T03:40:06","modified_gmt":"2024-09-08T01:40:06","slug":"avisos-legales","status":"publish","type":"page","link":"https:\/\/diamant-strass-dmc.com\/es\/avisos-legales\/","title":{"rendered":"Informaci\u00f3n jur\u00eddica"},"content":{"rendered":"<p style=\"text-align: left;\">De conformidad con las disposiciones de los Art\u00edculos 6-III y 19 de la Ley francesa n\u00ba 2004-575 de 21 de junio de 2004 sobre la Confianza en la Econom\u00eda Digital, conocida como L.C.E.N., ponemos en conocimiento de los usuarios y visitantes del sitio diamant-strass-dmc.com la siguiente informaci\u00f3n:<\/p>\n<h2 style=\"margin-top:50px;\">1. 1. Informaci\u00f3n jur\u00eddica<\/h2>\n<p>  El propietario, creador del sitio y responsable de la publicaci\u00f3n es DPL Web, con domicilio social en 570 rue de Solesmes 59213 Vendegies-sur-\u00c9caillon (Francia), n\u00famero SIRET <strong>50778378500052<\/strong> y n\u00famero RCS <strong>Douai A 507 783 785<\/strong>.<br \/>\nLa direcci\u00f3n de correo electr\u00f3nico del sitio web diamant-strass-dmc.com es contact@diamant-strass-dmc.com .<br \/>\nEl alojamiento del sitio es: OVH, cuya direcci\u00f3n es 2 Rue Kellermann 59100 Roubaix (Francia).    <\/p>\n<h2 style=\"margin-top:50px;\">2. Presentaci\u00f3n y principio<\/h2>\n<p>  Se designa en lo sucesivo: Usuario, todo internauta que se conecte y utilice el sitio arriba mencionado: diamant-strass-dmc.com. El sitio diamant-strass-dmc.com re\u00fane un conjunto de servicios, en el estado, puestos a disposici\u00f3n de los usuarios. Se especifica aqu\u00ed que este \u00faltimo debe permanecer cort\u00e9s y mostrar buena fe tanto hacia los otros usuarios como hacia el webmaster del sitio diamant-strass-dmc.com. El sitio diamant-strass-dmc.com es actualizado regularmente por DPL Web, que se esfuerza por proporcionar la informaci\u00f3n m\u00e1s precisa posible (a reserva de las modificaciones realizadas desde su puesta en l\u00ednea), pero no puede garantizar la exactitud, exhaustividad y actualidad de la informaci\u00f3n difundida en su sitio, ya sea de su propia cosecha o de terceros colaboradores que le proporcionan esta informaci\u00f3n. En consecuencia, los usuarios reconocen que utilizan esta informaci\u00f3n (que es indicativa, no exhaustiva y est\u00e1 sujeta a cambios) bajo su exclusiva responsabilidad.  <\/p>\n<h2 style=\"margin-top:50px;\">3. Accesibilidad<\/h2>\n<p>  En principio, el sitio diamant-strass-dmc.com es accesible a los usuarios 24 horas al d\u00eda, 7 d\u00edas a la semana, salvo en caso de interrupci\u00f3n, programada o no, por motivos de mantenimiento o en caso de fuerza mayor. En caso de imposibilidad de acceso al servicio, diamant-strass-dmc.com se compromete a hacer todo lo posible para restablecer el acceso al servicio y se esforzar\u00e1 por comunicar previamente a los usuarios las fechas y horas de la intervenci\u00f3n. Al estar sujeta \u00fanicamente a una obligaci\u00f3n de medios, diamant-strass-dmc.com no podr\u00e1 ser considerada responsable de ning\u00fan da\u00f1o, sea cual sea su naturaleza, derivado de la indisponibilidad del servicio.  <\/p>\n<h2 style=\"margin-top:50px;\">4. 4. Propiedad intelectual<\/h2>\n<p>  DPL Web es el propietario exclusivo de todos los derechos de propiedad intelectual o titular de los derechos de uso sobre todos los elementos accesibles en el sitio, tanto sobre la estructura como sobre los textos, im\u00e1genes, gr\u00e1ficos, logotipos, iconos, sonidos, software. Cualquier reproducci\u00f3n total o parcial del sitio diamant-strass-dmc.com, representaci\u00f3n, modificaci\u00f3n, publicaci\u00f3n, adaptaci\u00f3n total o parcial de cualquiera de estos elementos, cualesquiera que sean los medios o el procedimiento utilizados, est\u00e1 prohibida, salvo autorizaci\u00f3n previa por escrito de DPL Web, propietario, por correo electr\u00f3nico (contact@diamant-strass-dmc.com).<br \/>\nDe lo contrario, se considerar\u00e1 que constituye una infracci\u00f3n y podr\u00e1 ser perseguida de conformidad con las disposiciones de los art\u00edculos L.335-2 y siguientes del C\u00f3digo franc\u00e9s de la Propiedad Intelectual.   <\/p>\n<h2 style=\"margin-top:50px;\">5. Hiperenlaces<\/h2>\n<p>  El sitio diamant-strass-dmc.com contiene una serie de enlaces de hipertexto a otros sitios (socios, informaci\u00f3n, etc.) creados con la autorizaci\u00f3n de DPL Web. Sin embargo, no est\u00e1 en condiciones de comprobar todo el contenido de los sitios visitados de este modo y, por tanto, declina toda responsabilidad por cualquier riesgo de contenido il\u00edcito.  <\/p>\n<h2 style=\"margin-top:50px;\">6. Protecci\u00f3n de bienes y personas &#8211; gesti\u00f3n de datos personales<\/h2>\n<p>  En Francia, los datos personales est\u00e1n protegidos por la ley francesa n\u00ba 78-87 de 6 de enero de 1978, la ley francesa n\u00ba 2004-801 de 6 de agosto de 2004, el art\u00edculo L. 226-13 del C\u00f3digo Penal franc\u00e9s y la Directiva Europea de 24 de octubre de 1995.<br \/>\nEn el sitio diamant-strass-dmc.com, DPL Web s\u00f3lo recoge informaci\u00f3n personal (de conformidad con el art\u00edculo 4 de la ley francesa n\u00b078-17 de 06 de enero de 1978) relativa al usuario a efectos de determinados servicios ofrecidos por el sitio diamant-strass-dmc.com.  El usuario facilita esta informaci\u00f3n con pleno conocimiento de causa, en particular cuando la introduce \u00e9l mismo. A continuaci\u00f3n, se especifica al usuario del sitio diamant-strass-dmc.com la obligaci\u00f3n o no de proporcionar esta informaci\u00f3n. De conformidad con lo dispuesto en los art\u00edculos 38 y siguientes de la Ley francesa 78-17, de 6 de enero de 1978, de Protecci\u00f3n de Datos, todos los usuarios tienen derecho de acceso, rectificaci\u00f3n, supresi\u00f3n y oposici\u00f3n a los datos personales que les conciernan.<br \/>\nPara ejercer este derecho, env\u00eda tu solicitud por correo electr\u00f3nico a contact@diamant-strass-dmc.com.  Ninguna informaci\u00f3n personal del usuario del sitio diamant-strass-dmc.com es publicada sin el conocimiento del usuario, intercambiada, transferida, cedida o vendida en un soporte no especificado con terceros. S\u00f3lo la hip\u00f3tesis de la compra del sitio diamant-strass-dmc.com y de sus derechos autoriza a DPL Web a transmitir dicha informaci\u00f3n al eventual comprador que estar\u00eda a su vez vinculado por la misma obligaci\u00f3n de conservaci\u00f3n y modificaci\u00f3n de los datos con respecto al usuario del sitio diamant-strass-dmc.com. Diamant-Strass-DMC.com no almacena ni recoge ning\u00fan n\u00famero de tarjeta de cr\u00e9dito introducido por el usuario y no puede acceder t\u00e9cnicamente a esta informaci\u00f3n.<br \/>\nLas bases de datos est\u00e1n protegidas por las disposiciones de la ley de 1 de julio de 1998 que transpone la directiva francesa 96\/9 de 11 de marzo de 1996 sobre la protecci\u00f3n jur\u00eddica de las bases de datos.   <\/p>\n<style><!-- br { content: \" \";display: block;font-size: 100%;height: 2em; } --><\/style>\n","protected":false},"excerpt":{"rendered":"<p>De conformidad con las disposiciones de los Art\u00edculos 6-III y 19 de la Ley francesa n\u00ba 2004-575 de 21 de junio de 2004 sobre la Confianza en la Econom\u00eda Digital, conocida como L.C.E.N., ponemos en conocimiento de los usuarios y visitantes del sitio diamant-strass-dmc.com la siguiente informaci\u00f3n: 1. 1. Informaci\u00f3n jur\u00eddica El propietario, creador del [&hellip;]<\/p>\n","protected":false},"author":1,"featured_media":0,"parent":0,"menu_order":0,"comment_status":"closed","ping_status":"closed","template":"template-fullwidth.php","meta":{"footnotes":""},"class_list":["post-26201","page","type-page","status-publish","hentry"],"blocksy_meta":[],"aioseo_notices":[],"_links":{"self":[{"href":"https:\/\/diamant-strass-dmc.com\/es\/wp-json\/wp\/v2\/pages\/26201","targetHints":{"allow":["GET"]}}],"collection":[{"href":"https:\/\/diamant-strass-dmc.com\/es\/wp-json\/wp\/v2\/pages"}],"about":[{"href":"https:\/\/diamant-strass-dmc.com\/es\/wp-json\/wp\/v2\/types\/page"}],"author":[{"embeddable":true,"href":"https:\/\/diamant-strass-dmc.com\/es\/wp-json\/wp\/v2\/users\/1"}],"replies":[{"embeddable":true,"href":"https:\/\/diamant-strass-dmc.com\/es\/wp-json\/wp\/v2\/comments?post=26201"}],"version-history":[{"count":2,"href":"https:\/\/diamant-strass-dmc.com\/es\/wp-json\/wp\/v2\/pages\/26201\/revisions"}],"predecessor-version":[{"id":76148,"href":"https:\/\/diamant-strass-dmc.com\/es\/wp-json\/wp\/v2\/pages\/26201\/revisions\/76148"}],"wp:attachment":[{"href":"https:\/\/diamant-strass-dmc.com\/es\/wp-json\/wp\/v2\/media?parent=26201"}],"curies":[{"name":"wp","href":"https:\/\/api.w.org\/{rel}","templated":true}]}}