{"id":61345,"date":"2023-09-11T16:25:12","date_gmt":"2023-09-11T17:12:10","guid":{"rendered":"https:\/\/diamant-strass-dmc.com\/perles-broderie\/download-nuancier-dmc-diamond-painting-pdf\/"},"modified":"2023-11-15T01:28:13","modified_gmt":"2023-11-15T00:28:13","slug":"download-nuancier-dmc-diamond-painting-pdf","status":"publish","type":"product","link":"https:\/\/diamant-strass-dmc.com\/el\/perles-broderie\/download-nuancier-dmc-diamond-painting-pdf\/","title":{"rendered":"\u03a7\u03c1\u03c9\u03bc\u03b1\u03c4\u03bf\u03bb\u03cc\u03b3\u03b9\u03bf \u03b6\u03c9\u03b3\u03c1\u03b1\u03c6\u03b9\u03ba\u03ae\u03c2 \u03b4\u03b9\u03b1\u03bc\u03b1\u03bd\u03c4\u03b9\u03ce\u03bd DMC (\u03b1\u03c1\u03c7\u03b5\u03af\u03bf PDF \u03b3\u03b9\u03b1 \u03ba\u03b1\u03c4\u03ad\u03b2\u03b1\u03c3\u03bc\u03b1)"},"content":{"rendered":"<ul>\n<li>\u03a4\u03b1 <strong>447 \u03c7\u03c1\u03ce\u03bc\u03b1\u03c4\u03b1 \u03c4\u03b7\u03c2 DMC<\/strong> \u03b3\u03b9\u03b1 \u03c4\u03b7 \u03b6\u03c9\u03b3\u03c1\u03b1\u03c6\u03b9\u03ba\u03ae \u03bc\u03b5 \u03b4\u03b9\u03b1\u03bc\u03ac\u03bd\u03c4\u03b9\u03b1 \u03c3\u03b5 <strong>6 \u03b5\u03ba\u03c4\u03c5\u03c0\u03ce\u03c3\u03b9\u03bc\u03b5\u03c2 \u03c3\u03b5\u03bb\u03af\u03b4\u03b5\u03c2<\/strong>,<\/li>\n<li>\u03a4\u03b1 \u03b1\u03c1\u03c7\u03b5\u03af\u03b1 \u03c3\u03b5 \u03bc\u03bf\u03c1\u03c6\u03ae PDF \u03b5\u03b3\u03b3\u03c5\u03ce\u03bd\u03c4\u03b1\u03b9 <strong>\u03c4\u03ad\u03bb\u03b5\u03b9\u03b1 \u03b5\u03ba\u03c4\u03cd\u03c0\u03c9\u03c3\u03b7<\/strong> \u03c3\u03b5 \u03c7\u03c1\u03ce\u03bc\u03b1\u03c4\u03b1 DMC,<\/li>\n<li>\u0388\u03c4\u03bf\u03b9\u03bc\u03b5\u03c2 \u03b3\u03b9\u03b1 \u03b5\u03ba\u03c4\u03cd\u03c0\u03c9\u03c3\u03b7 \u03c3\u03b5\u03bb\u03af\u03b4\u03b5\u03c2 <strong>A4<\/strong>.<\/li>\n<\/ul>\n<p><img loading=\"lazy\" decoding=\"async\" class=\"alignnone wp-image-61601 size-full\" src=\"https:\/\/diamant-strass-dmc.com\/wp-content\/uploads\/2023\/09\/diamond-painting-charte-dmc-nuancier-pdf_par-numero-1.jpg\" alt=\"Nuancier DMC du diamond painting (Fichier PDF \u00e0 t\u00e9l\u00e9charger)\" width=\"822\" height=\"527\" srcset=\"https:\/\/diamant-strass-dmc.com\/wp-content\/uploads\/2023\/09\/diamond-painting-charte-dmc-nuancier-pdf_par-numero-1.jpg 822w, https:\/\/diamant-strass-dmc.com\/wp-content\/uploads\/2023\/09\/diamond-painting-charte-dmc-nuancier-pdf_par-numero-1-300x192.jpg 300w, https:\/\/diamant-strass-dmc.com\/wp-content\/uploads\/2023\/09\/diamond-painting-charte-dmc-nuancier-pdf_par-numero-1-768x492.jpg 768w, https:\/\/diamant-strass-dmc.com\/wp-content\/uploads\/2023\/09\/diamond-painting-charte-dmc-nuancier-pdf_par-numero-1-416x267.jpg 416w\" sizes=\"auto, (max-width: 822px) 100vw, 822px\" \/><\/p>\n<style><!-- .enkar2div { display:none; } .pi-edd { display:none; } button.single_add_to_cart_button.button.alt { margin-bottom: 20px !important; } --><\/style>\n","protected":false},"excerpt":{"rendered":"<p style=\"color: blue;\"><span style=\"text-decoration: underline;\"><strong>\u03a3\u0397\u039c\u0391\u039d\u03a4\u0399\u039a\u039f<\/strong><\/span>: \u03a0\u03c1\u03cc\u03ba\u03b5\u03b9\u03c4\u03b1\u03b9 \u03b3\u03b9\u03b1 \u03ad\u03bd\u03b1 \u03b5\u03b9\u03ba\u03bf\u03bd\u03b9\u03ba\u03cc \u03c0\u03c1\u03bf\u03ca\u03cc\u03bd: \u03c0\u03c1\u03cc\u03ba\u03b5\u03b9\u03c4\u03b1\u03b9 \u03b3\u03b9\u03b1 \u03ad\u03bd\u03b1 \u03b1\u03c1\u03c7\u03b5\u03af\u03bf \u03c0\u03bf\u03c5 \u03bc\u03c0\u03bf\u03c1\u03b5\u03af\u03c4\u03b5 \u03bd\u03b1 \u03ba\u03b1\u03c4\u03b5\u03b2\u03ac\u03c3\u03b5\u03c4\u03b5 \u03b1\u03bc\u03ad\u03c3\u03c9\u03c2 \u03bc\u03b5\u03c4\u03ac \u03c4\u03b7\u03bd \u03b1\u03b3\u03bf\u03c1\u03ac \u03ba\u03b1\u03b9 \u03bd\u03b1 \u03b5\u03ba\u03c4\u03c5\u03c0\u03ce\u03c3\u03b5\u03c4\u03b5 \u03c3\u03c4\u03bf \u03c3\u03c0\u03af\u03c4\u03b9 \u03c3\u03b1\u03c2. \u0394\u03b5\u03bd \u03b8\u03b1 \u03b1\u03c0\u03bf\u03c3\u03c4\u03b1\u03bb\u03b5\u03af \u03c6\u03c5\u03c3\u03b9\u03ba\u03cc \u03c0\u03c1\u03bf\u03ca\u03cc\u03bd \u03c3\u03c4\u03b7 \u03b4\u03b9\u03b5\u03cd\u03b8\u03c5\u03bd\u03c3\u03ae \u03c3\u03b1\u03c2.<\/p>\n","protected":false},"featured_media":64613,"template":"","meta":{"footnotes":""},"product_brand":[],"product_cat":[7239],"class_list":{"0":"post-61345","1":"product","2":"type-product","3":"status-publish","4":"has-post-thumbnail","6":"product_cat-7239","8":"first","9":"instock","10":"sale","11":"downloadable","12":"virtual","13":"sold-individually","14":"taxable","15":"purchasable","16":"product-type-simple"},"aioseo_notices":[],"_links":{"self":[{"href":"https:\/\/diamant-strass-dmc.com\/el\/wp-json\/wp\/v2\/product\/61345","targetHints":{"allow":["GET"]}}],"collection":[{"href":"https:\/\/diamant-strass-dmc.com\/el\/wp-json\/wp\/v2\/product"}],"about":[{"href":"https:\/\/diamant-strass-dmc.com\/el\/wp-json\/wp\/v2\/types\/product"}],"version-history":[{"count":0,"href":"https:\/\/diamant-strass-dmc.com\/el\/wp-json\/wp\/v2\/product\/61345\/revisions"}],"wp:featuredmedia":[{"embeddable":true,"href":"https:\/\/diamant-strass-dmc.com\/el\/wp-json\/wp\/v2\/media\/64613"}],"wp:attachment":[{"href":"https:\/\/diamant-strass-dmc.com\/el\/wp-json\/wp\/v2\/media?parent=61345"}],"wp:term":[{"taxonomy":"product_brand","embeddable":true,"href":"https:\/\/diamant-strass-dmc.com\/el\/wp-json\/wp\/v2\/product_brand?post=61345"},{"taxonomy":"product_cat","embeddable":true,"href":"https:\/\/diamant-strass-dmc.com\/el\/wp-json\/wp\/v2\/product_cat?post=61345"}],"curies":[{"name":"wp","href":"https:\/\/api.w.org\/{rel}","templated":true}]}}