{"id":71578,"date":"2022-09-06T19:22:08","date_gmt":"2022-09-06T17:22:08","guid":{"rendered":"https:\/\/diamant-strass-dmc.com\/perles-broderie\/roller-stick-diamant-diamond-painting\/"},"modified":"2025-10-31T04:11:34","modified_gmt":"2025-10-31T03:11:34","slug":"roller-stick-diamant-diamond-painting","status":"publish","type":"product","link":"https:\/\/diamant-strass-dmc.com\/de\/perles-broderie\/roller-stick-diamant-diamond-painting\/","title":{"rendered":"Walze f\u00fcr Diamantstickerei"},"content":{"rendered":"<p>Diese Rolle ist sehr robust und erm\u00f6glicht es, alle Diamanten <strong>vollst\u00e4ndig zu verkleben<\/strong> und <strong>die Leinwand<\/strong> zu nivellieren.<\/p>\n<p><strong>Ma\u00dfe: <\/strong>11,5 x 13 cm<br \/>\nGriff: 9 cm<br \/>\nRolle (roter Zylinder): 9,5 cm<\/p>\n<p>Dieses Produkt kann nur als Paket (und nicht in einem Luftpolsterumschlag) versendet werden. Die Versandkosten werden entsprechend berechnet.<\/p>\n","protected":false},"excerpt":{"rendered":"<p style=\"font-size: 14px; line-height: 1.2em;text-align:justify;padding-right:10px;\">\u26a0\ufe0f <strong>Dieser Artikel kann nur in L\u00e4nder der Europ\u00e4ischen Union<\/strong> (Belgien, Bulgarien, D\u00e4nemark, Deutschland, Estland, Finnland, Frankreich, Griechenland, Irland, Italien, Kroatien, Lettland, Litauen, Luxemburg, Malta, Niederlande, \u00d6sterreich, Polen, Portugal, Rum\u00e4nien, Schweden, Slowakei, Slowenien, Spanien, Tschechische Republik, Ungarn und Zypern) <strong>versandt<\/strong> werden.<\/p>\n","protected":false},"featured_media":148522,"template":"","meta":{"footnotes":""},"product_brand":[],"product_cat":[7179],"class_list":{"0":"post-71578","1":"product","2":"type-product","3":"status-publish","4":"has-post-thumbnail","6":"product_cat-zubehor","7":"product_shipping_class-colissimo","9":"first","10":"instock","11":"sale","12":"taxable","13":"shipping-taxable","14":"purchasable","15":"product-type-simple"},"aioseo_notices":[],"_links":{"self":[{"href":"https:\/\/diamant-strass-dmc.com\/de\/wp-json\/wp\/v2\/product\/71578","targetHints":{"allow":["GET"]}}],"collection":[{"href":"https:\/\/diamant-strass-dmc.com\/de\/wp-json\/wp\/v2\/product"}],"about":[{"href":"https:\/\/diamant-strass-dmc.com\/de\/wp-json\/wp\/v2\/types\/product"}],"version-history":[{"count":2,"href":"https:\/\/diamant-strass-dmc.com\/de\/wp-json\/wp\/v2\/product\/71578\/revisions"}],"predecessor-version":[{"id":100092,"href":"https:\/\/diamant-strass-dmc.com\/de\/wp-json\/wp\/v2\/product\/71578\/revisions\/100092"}],"wp:featuredmedia":[{"embeddable":true,"href":"https:\/\/diamant-strass-dmc.com\/de\/wp-json\/wp\/v2\/media\/148522"}],"wp:attachment":[{"href":"https:\/\/diamant-strass-dmc.com\/de\/wp-json\/wp\/v2\/media?parent=71578"}],"wp:term":[{"taxonomy":"product_brand","embeddable":true,"href":"https:\/\/diamant-strass-dmc.com\/de\/wp-json\/wp\/v2\/product_brand?post=71578"},{"taxonomy":"product_cat","embeddable":true,"href":"https:\/\/diamant-strass-dmc.com\/de\/wp-json\/wp\/v2\/product_cat?post=71578"}],"curies":[{"name":"wp","href":"https:\/\/api.w.org\/{rel}","templated":true}]}}