{"id":71560,"date":"2024-03-18T01:48:57","date_gmt":"2024-03-18T00:48:57","guid":{"rendered":"https:\/\/diamant-strass-dmc.com\/perles-broderie\/klipp-und-biegbare-lupe-led-diamond-painting\/"},"modified":"2025-10-31T04:11:46","modified_gmt":"2025-10-31T03:11:46","slug":"klipp-und-biegbare-lupe-led-diamond-painting","status":"publish","type":"product","link":"https:\/\/diamant-strass-dmc.com\/de\/perles-broderie\/klipp-und-biegbare-lupe-led-diamond-painting\/","title":{"rendered":"Flexible Clip-on-Lupe mit LED-Licht"},"content":{"rendered":"<ul>\n<li>Vergr\u00f6\u00dferung <strong>x2,5<\/strong> + Minifokus <strong>x5<\/strong>;<\/li>\n<li>Gezielte doppelte <strong>LED-Beleuchtung<\/strong>;<\/li>\n<li><strong>Flexibler Arm<\/strong>;<\/li>\n<li>Vollst\u00e4ndig <strong>zerlegbar<\/strong>;<\/li>\n<li>Kann auf jede Art von Untergrund <strong>geklippt<\/strong> werden.<\/li>\n<\/ul>\n<p>Funktioniert mit 3 AAA-Batterien (nicht im Lieferumfang enthalten). Alle Teile der Lupe k\u00f6nnen zum leichteren Transport abgeschraubt werden.<\/p>\n<p>Die Lupe erm\u00f6glicht es, 2,5-mal gr\u00f6\u00dfer zu sehen, und enth\u00e4lt einen Brennpunkt (Linse) mit einem Durchmesser von 2,5 cm, der es erm\u00f6glicht, 5-mal gr\u00f6\u00dfer zu sehen.<\/p>\n<p>L\u00e4nge des flexiblen Arms: 25 cm.<br \/>\nDurchmesser der Lupe: 12,5 cm.<\/p>\n<p>Dieses Produkt kann nur als Paket (und nicht in einem Luftpolsterumschlag) versendet werden. Die Versandkosten werden entsprechend berechnet.<\/p>\n","protected":false},"excerpt":{"rendered":"<p style=\"font-size: 14px; line-height: 1.2em;text-align:justify;padding-right:10px;\">\u26a0\ufe0f <strong>Dieser Artikel kann nur in L\u00e4nder der Europ\u00e4ischen Union<\/strong> (Belgien, Bulgarien, D\u00e4nemark, Deutschland, Estland, Finnland, Frankreich, Griechenland, Irland, Italien, Kroatien, Lettland, Litauen, Luxemburg, Malta, Niederlande, \u00d6sterreich, Polen, Portugal, Rum\u00e4nien, Schweden, Slowakei, Slowenien, Spanien, Tschechische Republik, Ungarn und Zypern) <strong>versandt<\/strong> werden.<\/p>\n","protected":false},"featured_media":71323,"template":"","meta":{"footnotes":""},"product_brand":[],"product_cat":[7179],"class_list":{"0":"post-71560","1":"product","2":"type-product","3":"status-publish","4":"has-post-thumbnail","6":"product_cat-zubehor","7":"product_shipping_class-colissimo","9":"first","10":"outofstock","11":"sale","12":"taxable","13":"shipping-taxable","14":"purchasable","15":"product-type-simple"},"aioseo_notices":[],"_links":{"self":[{"href":"https:\/\/diamant-strass-dmc.com\/de\/wp-json\/wp\/v2\/product\/71560","targetHints":{"allow":["GET"]}}],"collection":[{"href":"https:\/\/diamant-strass-dmc.com\/de\/wp-json\/wp\/v2\/product"}],"about":[{"href":"https:\/\/diamant-strass-dmc.com\/de\/wp-json\/wp\/v2\/types\/product"}],"version-history":[{"count":2,"href":"https:\/\/diamant-strass-dmc.com\/de\/wp-json\/wp\/v2\/product\/71560\/revisions"}],"predecessor-version":[{"id":100107,"href":"https:\/\/diamant-strass-dmc.com\/de\/wp-json\/wp\/v2\/product\/71560\/revisions\/100107"}],"wp:featuredmedia":[{"embeddable":true,"href":"https:\/\/diamant-strass-dmc.com\/de\/wp-json\/wp\/v2\/media\/71323"}],"wp:attachment":[{"href":"https:\/\/diamant-strass-dmc.com\/de\/wp-json\/wp\/v2\/media?parent=71560"}],"wp:term":[{"taxonomy":"product_brand","embeddable":true,"href":"https:\/\/diamant-strass-dmc.com\/de\/wp-json\/wp\/v2\/product_brand?post=71560"},{"taxonomy":"product_cat","embeddable":true,"href":"https:\/\/diamant-strass-dmc.com\/de\/wp-json\/wp\/v2\/product_cat?post=71560"}],"curies":[{"name":"wp","href":"https:\/\/api.w.org\/{rel}","templated":true}]}}