{"id":71538,"date":"2024-03-01T23:52:23","date_gmt":"2024-03-01T22:52:23","guid":{"rendered":"https:\/\/diamant-strass-dmc.com\/perles-broderie\/leuchtend-diamond-painting-tablet\/"},"modified":"2025-10-31T04:11:52","modified_gmt":"2025-10-31T03:11:52","slug":"leuchtend-diamond-painting-tablet","status":"publish","type":"product","link":"https:\/\/diamant-strass-dmc.com\/de\/perles-broderie\/leuchtend-diamond-painting-tablet\/","title":{"rendered":"A4-Leuchttafel + Halter und Klammern"},"content":{"rendered":"<ul>\n<li><strong>A4-Format<\/strong> (beleuchtete Fl\u00e4che 31 x 23,5 cm) ;<\/li>\n<li>Halterung, USB-Kabel und 4 Clips <strong>im Lieferumfang enthalten<\/strong>;<\/li>\n<li>Nur <strong>3 mm<\/strong> dick ;<\/li>\n<li><strong>3 Stufen<\/strong> der Helligkeitsst\u00e4rke ;<\/li>\n<li>Gleichm\u00e4\u00dfige, flimmerfreie Beleuchtung.<\/li>\n<\/ul>\n<p>Das USB-Kabel (im Lieferumfang enthalten) kann an ein Standard-Ladeger\u00e4t f\u00fcr Telefone (nicht im Lieferumfang enthalten) oder andere Standard-USB-Anschl\u00fcsse (Computer, bestimmte Mehrfachsteckdosen usw.) angeschlossen werden.<\/p>\n<p>Dieses Produkt kann nur als Paket (und nicht in einem Luftpolsterumschlag) versendet werden. Die Versandkosten werden entsprechend berechnet.<\/p>\n","protected":false},"excerpt":{"rendered":"<p style=\"font-size: 14px; line-height: 1.2em;text-align:justify;padding-right:10px;\">\u26a0\ufe0f <strong>Dieser Artikel kann nur in L\u00e4nder der Europ\u00e4ischen Union<\/strong> (Belgien, Bulgarien, D\u00e4nemark, Deutschland, Estland, Finnland, Frankreich, Griechenland, Irland, Italien, Kroatien, Lettland, Litauen, Luxemburg, Malta, Niederlande, \u00d6sterreich, Polen, Portugal, Rum\u00e4nien, Schweden, Slowakei, Slowenien, Spanien, Tschechische Republik, Ungarn und Zypern) <strong>versandt<\/strong> werden.<\/p>\n","protected":false},"featured_media":69202,"template":"","meta":{"footnotes":""},"product_brand":[],"product_cat":[7179],"class_list":{"0":"post-71538","1":"product","2":"type-product","3":"status-publish","4":"has-post-thumbnail","6":"product_cat-zubehor","7":"product_shipping_class-colissimo","9":"first","10":"instock","11":"sale","12":"taxable","13":"shipping-taxable","14":"purchasable","15":"product-type-simple"},"aioseo_notices":[],"_links":{"self":[{"href":"https:\/\/diamant-strass-dmc.com\/de\/wp-json\/wp\/v2\/product\/71538","targetHints":{"allow":["GET"]}}],"collection":[{"href":"https:\/\/diamant-strass-dmc.com\/de\/wp-json\/wp\/v2\/product"}],"about":[{"href":"https:\/\/diamant-strass-dmc.com\/de\/wp-json\/wp\/v2\/types\/product"}],"version-history":[{"count":2,"href":"https:\/\/diamant-strass-dmc.com\/de\/wp-json\/wp\/v2\/product\/71538\/revisions"}],"predecessor-version":[{"id":100115,"href":"https:\/\/diamant-strass-dmc.com\/de\/wp-json\/wp\/v2\/product\/71538\/revisions\/100115"}],"wp:featuredmedia":[{"embeddable":true,"href":"https:\/\/diamant-strass-dmc.com\/de\/wp-json\/wp\/v2\/media\/69202"}],"wp:attachment":[{"href":"https:\/\/diamant-strass-dmc.com\/de\/wp-json\/wp\/v2\/media?parent=71538"}],"wp:term":[{"taxonomy":"product_brand","embeddable":true,"href":"https:\/\/diamant-strass-dmc.com\/de\/wp-json\/wp\/v2\/product_brand?post=71538"},{"taxonomy":"product_cat","embeddable":true,"href":"https:\/\/diamant-strass-dmc.com\/de\/wp-json\/wp\/v2\/product_cat?post=71538"}],"curies":[{"name":"wp","href":"https:\/\/api.w.org\/{rel}","templated":true}]}}