{"id":70611,"date":"2024-03-15T09:22:03","date_gmt":"2024-03-15T08:59:52","guid":{"rendered":"https:\/\/diamant-strass-dmc.com\/perles-broderie\/tetes-stylo-diamond-painting-dieses-ist-ein-test\/"},"modified":"2024-03-15T10:47:51","modified_gmt":"2024-03-15T09:47:51","slug":"tetes-stylo-diamond-painting","status":"publish","type":"product","link":"https:\/\/diamant-strass-dmc.com\/de\/perles-broderie\/tetes-stylo-diamond-painting\/","title":{"rendered":"Diamond Painting Pen Heads (Lot oder Einzelhandel)"},"content":{"rendered":"<p>Das Foto zeigt alle verf\u00fcgbaren K\u00f6pfe, aber  <strong>der Preis ist f\u00fcr einen Kopf<\/strong>  und nicht f\u00fcr ein Los, au\u00dfer wenn Sie w\u00e4hlen  <strong><em>Alle K\u00f6pfe au\u00dfer &#8222;A &#8211; Korrekturkopf&#8220;.<\/em><\/strong>In diesem Fall erhalten Sie alle 13 Multi-Diamant-K\u00f6pfe und den abgewinkelten 1-Diamant-Kopf (insgesamt 14 K\u00f6pfe).<\/p>\n<p>Erm\u00f6glicht das Anbringen von <strong>3 bis 15 Diamanten<\/strong> auf einmal, je nach Gr\u00f6\u00dfe des Kopfes (Zahl auf dem Foto).<br \/>\nDiese Gr\u00f6\u00dfe ist unter &#8222;Kopftyp&#8220; auszuw\u00e4hlen.<\/p>\n<p>Wir bieten auch einen Kopf an, der es erm\u00f6glicht, nur einen Diamanten einzusetzen, und dessen Besonderheit darin besteht, dass er <strong>abgewinkelt<\/strong> ist, was eine <strong>bessere Ergonomie<\/strong> und Position des Stiftes bietet.<\/p>\n<p>Schlie\u00dflich bieten wir noch den <strong>&#8222;Korrekturkopf&#8220;<\/strong> an, der zwar keine Diamanten setzt, aber zwischen den Reihen eingef\u00fcgt wird, damit die Diamanten richtig ausgerichtet sind.<\/p>\n<p>Diese K\u00f6pfe passen auf jeden Standardstift f\u00fcr die Diamantstickerei.<\/p>\n<style><!-- .woo-selected-variation-item-name { display:none !important; } li.variable-item { line-height: 1em; } --><\/style>\n","protected":false},"excerpt":{"rendered":"<p>Das Foto zeigt alle verf\u00fcgbaren K\u00f6pfe, aber der Preis ist f\u00fcr einen Kopf und nicht f\u00fcr ein Los, au\u00dfer wenn Sie w\u00e4hlen Alle K\u00f6pfe au\u00dfer &#8222;A &#8211; Korrekturkopf&#8220;.In diesem Fall erhalten Sie alle 13 Multi-Diamant-K\u00f6pfe und den abgewinkelten 1-Diamant-Kopf (insgesamt 14 K\u00f6pfe). Erm\u00f6glicht das Anbringen von 3 bis 15 Diamanten auf einmal, je nach Gr\u00f6\u00dfe [&hellip;]<\/p>\n","protected":false},"featured_media":69624,"template":"","meta":{"footnotes":""},"product_brand":[],"product_cat":[7179],"class_list":{"0":"post-70611","1":"product","2":"type-product","3":"status-publish","4":"has-post-thumbnail","6":"product_cat-zubehor","8":"first","9":"instock","10":"sale","11":"taxable","12":"shipping-taxable","13":"purchasable","14":"product-type-variable","15":"has-default-attributes"},"aioseo_notices":[],"_links":{"self":[{"href":"https:\/\/diamant-strass-dmc.com\/de\/wp-json\/wp\/v2\/product\/70611","targetHints":{"allow":["GET"]}}],"collection":[{"href":"https:\/\/diamant-strass-dmc.com\/de\/wp-json\/wp\/v2\/product"}],"about":[{"href":"https:\/\/diamant-strass-dmc.com\/de\/wp-json\/wp\/v2\/types\/product"}],"version-history":[{"count":2,"href":"https:\/\/diamant-strass-dmc.com\/de\/wp-json\/wp\/v2\/product\/70611\/revisions"}],"predecessor-version":[{"id":70634,"href":"https:\/\/diamant-strass-dmc.com\/de\/wp-json\/wp\/v2\/product\/70611\/revisions\/70634"}],"wp:featuredmedia":[{"embeddable":true,"href":"https:\/\/diamant-strass-dmc.com\/de\/wp-json\/wp\/v2\/media\/69624"}],"wp:attachment":[{"href":"https:\/\/diamant-strass-dmc.com\/de\/wp-json\/wp\/v2\/media?parent=70611"}],"wp:term":[{"taxonomy":"product_brand","embeddable":true,"href":"https:\/\/diamant-strass-dmc.com\/de\/wp-json\/wp\/v2\/product_brand?post=70611"},{"taxonomy":"product_cat","embeddable":true,"href":"https:\/\/diamant-strass-dmc.com\/de\/wp-json\/wp\/v2\/product_cat?post=70611"}],"curies":[{"name":"wp","href":"https:\/\/api.w.org\/{rel}","templated":true}]}}