{"id":67757,"date":"2021-08-17T00:22:53","date_gmt":"2024-02-02T08:37:25","guid":{"rendered":"https:\/\/diamant-strass-dmc.com\/perles-broderie\/alle-beutel-strass-diamanten-dmc-stickerei-diamond-painting\/"},"modified":"2024-02-02T09:37:30","modified_gmt":"2024-02-02T08:37:30","slug":"alle-beutel-strass-diamanten-dmc-stickerei-diamond-painting","status":"publish","type":"product","link":"https:\/\/diamant-strass-dmc.com\/de\/perles-broderie\/alle-beutel-strass-diamanten-dmc-stickerei-diamond-painting\/","title":{"rendered":"Integralpaket (alle DMC-Farben)"},"content":{"rendered":"<p>M\u00f6chten Sie alle Farben, die es in der Diamantstickerei gibt, zu Ihrer Verf\u00fcgung haben?<\/p>\n<p>Wir bieten Ihnen das &#8222;Integralpaket&#8220; an, d. h. <strong>einen Beutel mit jeder der 447 Farben<\/strong>, die in der offiziellen DMC-Farbkarte f\u00fcr Diamond Painting verf\u00fcgbar sind (die Farben sind <a style=\"font-weight: bold; text-decoration: underline;\" href=\"\/code-couleur-nuancier-dmc\/\" target=\"_blank\" rel=\"noopener\">auf dieser Seite<\/a> aufgelistet).<\/p>\n<p>Mit dem Gesamtpaket profitieren Sie von einem <strong>Rabatt von 55%<\/strong> mit einem Preis pro Beutel von <strong>0,45\u20ac statt 0,99\u20ac<\/strong>, d.h.<strong> 199\u20ac statt 442\u20ac<\/strong>! Au\u00dferdem <strong>entfallen die Versandkosten<\/strong>.<\/p>\n<p><em>Wenn du mehrere Beutel von jeder Farbe haben m\u00f6chtest, bestelle mehrere Mengen des Gesamtpakets. Wenn Sie z. B. 3 Vollpackungen &#8222;Runde Diamanten&#8220; in den Warenkorb legen, erhalten Sie von jeder Farbe 3 runde Beutel.  <\/em><em>Ebenso, wenn Sie von jeder Farbe ein P\u00e4ckchen in jeder Form (runde und quadratische Diamanten) haben m\u00f6chten, m\u00fcssen Sie nur ein Gesamtpaket &#8222;Runde Diamanten&#8220; und ein Gesamtpaket &#8222;Quadratische Diamanten&#8220; bestellen.<\/em><\/p>\n<style><!-- .enkar2div { display:none; } --><\/style>\n","protected":false},"excerpt":{"rendered":"<p>M\u00f6chten Sie alle Farben, die es in der Diamantstickerei gibt, zu Ihrer Verf\u00fcgung haben? Wir bieten Ihnen das &#8222;Integralpaket&#8220; an, d. h. einen Beutel mit jeder der 447 Farben, die in der offiziellen DMC-Farbkarte f\u00fcr Diamond Painting verf\u00fcgbar sind (die Farben sind auf dieser Seite aufgelistet). Mit dem Gesamtpaket profitieren Sie von einem Rabatt von [&hellip;]<\/p>\n","protected":false},"featured_media":36007,"template":"","meta":{"footnotes":""},"product_brand":[],"product_cat":[7318],"class_list":{"0":"post-67757","1":"product","2":"type-product","3":"status-publish","4":"has-post-thumbnail","6":"product_cat--integralpaket","8":"first","9":"instock","10":"sale","11":"taxable","12":"shipping-taxable","13":"purchasable","14":"product-type-variable"},"aioseo_notices":[],"_links":{"self":[{"href":"https:\/\/diamant-strass-dmc.com\/de\/wp-json\/wp\/v2\/product\/67757","targetHints":{"allow":["GET"]}}],"collection":[{"href":"https:\/\/diamant-strass-dmc.com\/de\/wp-json\/wp\/v2\/product"}],"about":[{"href":"https:\/\/diamant-strass-dmc.com\/de\/wp-json\/wp\/v2\/types\/product"}],"version-history":[{"count":0,"href":"https:\/\/diamant-strass-dmc.com\/de\/wp-json\/wp\/v2\/product\/67757\/revisions"}],"wp:featuredmedia":[{"embeddable":true,"href":"https:\/\/diamant-strass-dmc.com\/de\/wp-json\/wp\/v2\/media\/36007"}],"wp:attachment":[{"href":"https:\/\/diamant-strass-dmc.com\/de\/wp-json\/wp\/v2\/media?parent=67757"}],"wp:term":[{"taxonomy":"product_brand","embeddable":true,"href":"https:\/\/diamant-strass-dmc.com\/de\/wp-json\/wp\/v2\/product_brand?post=67757"},{"taxonomy":"product_cat","embeddable":true,"href":"https:\/\/diamant-strass-dmc.com\/de\/wp-json\/wp\/v2\/product_cat?post=67757"}],"curies":[{"name":"wp","href":"https:\/\/api.w.org\/{rel}","templated":true}]}}