{"id":63851,"date":"2022-07-10T01:19:30","date_gmt":"2023-10-31T14:48:23","guid":{"rendered":"https:\/\/diamant-strass-dmc.com\/perles-broderie\/sachet-diamanten-ab-3863\/"},"modified":"2023-10-31T15:48:23","modified_gmt":"2023-10-31T14:48:23","slug":"sachet-diamanten-ab-3863","status":"publish","type":"product","link":"https:\/\/diamant-strass-dmc.com\/de\/perles-broderie\/sachet-diamanten-ab-3863\/","title":{"rendered":"AB Steine 3863 (Fischotter)"},"content":{"rendered":"<div class=\"abdiams\"><strong><span style=\"text-decoration: underline;\"><a href=\"\/de\/diamantmalerei-was-sind-ab-diamanten\/\">&#8220; Mehr \u00fcber AB Steine<\/a><\/span><\/strong><\/div>\n<p>Spezielle AB Steine (glitzernd, glitter\u00e4hnlicher Effekt).<\/p>\n<p><span style=\"color:blue;\">Quadratische Diamanten: 200 Perlen pro Beutel.<br \/>Runde Diamanten: 300 Perlen pro Beutel.<\/span><\/p>\n<p>Beutel mit Diamanten <strong>AB 3863<\/strong> (Code DMC), <strong>rund oder quadratisch<\/strong>, f\u00fcr die <strong>Diamantmalerei (Diamond Painting<\/strong> ).  <\/p>\n<p><strong>Standardgr\u00f6\u00dfe<\/strong>: Perlen, die zu allen Marken passen (quadratisch: 2,5 mm, rund: 2,8 mm).<\/p>\n<p>\ud83c\udfa8 Farbe: <strong>Otter<\/strong><br \/>\n\u2b50 Strasssteine aus Harz (h\u00f6here Qualit\u00e4t als Acryl).<\/p>\n<p>\u2705 Standardgr\u00f6\u00dfe <strong>kompatibel mit allen Leinw\u00e4nden<\/strong><br \/>\ud83d\ude9a <strong>Express-Lieferung<\/strong><\/p>\n","protected":false},"excerpt":{"rendered":"<p>&#8220; Mehr \u00fcber AB Steine Spezielle AB Steine (glitzernd, glitter\u00e4hnlicher Effekt). Quadratische Diamanten: 200 Perlen pro Beutel.Runde Diamanten: 300 Perlen pro Beutel. Beutel mit Diamanten AB 3863 (Code DMC), rund oder quadratisch, f\u00fcr die Diamantmalerei (Diamond Painting ). Standardgr\u00f6\u00dfe: Perlen, die zu allen Marken passen (quadratisch: 2,5 mm, rund: 2,8 mm). \ud83c\udfa8 Farbe: Otter \u2b50 [&hellip;]<\/p>\n","protected":false},"featured_media":90704,"template":"","meta":{"footnotes":""},"product_brand":[],"product_cat":[7244],"class_list":{"0":"post-63851","1":"product","2":"type-product","3":"status-publish","4":"has-post-thumbnail","6":"product_cat-spezielle-steine-ab-und-crystal-ab","8":"first","9":"instock","10":"sale","11":"taxable","12":"shipping-taxable","13":"purchasable","14":"product-type-variable"},"aioseo_notices":[],"_links":{"self":[{"href":"https:\/\/diamant-strass-dmc.com\/de\/wp-json\/wp\/v2\/product\/63851","targetHints":{"allow":["GET"]}}],"collection":[{"href":"https:\/\/diamant-strass-dmc.com\/de\/wp-json\/wp\/v2\/product"}],"about":[{"href":"https:\/\/diamant-strass-dmc.com\/de\/wp-json\/wp\/v2\/types\/product"}],"version-history":[{"count":0,"href":"https:\/\/diamant-strass-dmc.com\/de\/wp-json\/wp\/v2\/product\/63851\/revisions"}],"wp:featuredmedia":[{"embeddable":true,"href":"https:\/\/diamant-strass-dmc.com\/de\/wp-json\/wp\/v2\/media\/90704"}],"wp:attachment":[{"href":"https:\/\/diamant-strass-dmc.com\/de\/wp-json\/wp\/v2\/media?parent=63851"}],"wp:term":[{"taxonomy":"product_brand","embeddable":true,"href":"https:\/\/diamant-strass-dmc.com\/de\/wp-json\/wp\/v2\/product_brand?post=63851"},{"taxonomy":"product_cat","embeddable":true,"href":"https:\/\/diamant-strass-dmc.com\/de\/wp-json\/wp\/v2\/product_cat?post=63851"}],"curies":[{"name":"wp","href":"https:\/\/api.w.org\/{rel}","templated":true}]}}