{"id":63481,"date":"2022-01-19T00:35:57","date_gmt":"2023-10-31T14:30:47","guid":{"rendered":"https:\/\/diamant-strass-dmc.com\/perles-broderie\/sachet-diamanten-crystal-ab-grau\/"},"modified":"2023-10-31T15:30:55","modified_gmt":"2023-10-31T14:30:55","slug":"sachet-diamant-crystal-ab-gray","status":"publish","type":"product","link":"https:\/\/diamant-strass-dmc.com\/de\/perles-broderie\/sachet-diamant-crystal-ab-gray\/","title":{"rendered":"Steine AB Crystal &#8222;Gray&#8220; (grau)"},"content":{"rendered":"<div class=\"abdiams\"><strong><span style=\"text-decoration: underline;\"><a href=\"\/de\/diamantmalerei-was-sind-ab-diamanten\/\">&#8220; Mehr \u00fcber Crystal AB Steine<\/a><\/span><\/strong><\/div>\n<p>Spezielle AB Crystal Steine (durchscheinend, lichtdurchl\u00e4ssig).<\/p>\n<p><span style=\"color:blue;\">Quadratische Diamanten: 200 Perlen pro Beutel.<br \/>Runde Diamanten: 300 Perlen pro Beutel.<\/span><\/p>\n<p>Beutel mit Diamanten <strong>Crystal AB &#8222;Gray&#8220; (grau<\/strong> ) (Code DMC) in <strong>runder oder quadratischer<\/strong> Form f\u00fcr <strong>Diamantmalerei (Diamond Painting<\/strong> ).  <\/p>\n<p><strong>Standardgr\u00f6\u00dfe<\/strong>: Perlen, die zu allen Marken passen (quadratisch: 2,5 mm, rund: 2,8 mm).<\/p>\n<p>\ud83c\udfa8 Farbe: <strong>&#8222;Gray&#8220; (grau)<\/strong><br \/>\n\u2b50 Strasssteine aus Harz (h\u00f6here Qualit\u00e4t als Acryl).<\/p>\n<p>\u2705 Standardgr\u00f6\u00dfe <strong>kompatibel mit allen Leinw\u00e4nden<\/strong><br \/>\ud83d\ude9a <strong>Express-Lieferung<\/strong><\/p>\n<p><img loading=\"lazy\" decoding=\"async\" class=\"alignnone wp-image-30211 size-full\" src=\"https:\/\/diamant-strass-dmc.com\/wp-content\/uploads\/2022\/01\/diamants-crystal-ab-gray.jpg\" alt=\"Crystal AB Steine Gray\" width=\"794\" height=\"573\" srcset=\"https:\/\/diamant-strass-dmc.com\/wp-content\/uploads\/2022\/01\/diamants-crystal-ab-gray.jpg 794w, https:\/\/diamant-strass-dmc.com\/wp-content\/uploads\/2022\/01\/diamants-crystal-ab-gray-300x216.jpg 300w, https:\/\/diamant-strass-dmc.com\/wp-content\/uploads\/2022\/01\/diamants-crystal-ab-gray-416x300.jpg 416w, https:\/\/diamant-strass-dmc.com\/wp-content\/uploads\/2022\/01\/diamants-crystal-ab-gray-768x554.jpg 768w\" sizes=\"auto, (max-width: 794px) 100vw, 794px\" \/><\/p>\n","protected":false},"excerpt":{"rendered":"<p>&#8220; Mehr \u00fcber Crystal AB Steine Spezielle AB Crystal Steine (durchscheinend, lichtdurchl\u00e4ssig). Quadratische Diamanten: 200 Perlen pro Beutel.Runde Diamanten: 300 Perlen pro Beutel. Beutel mit Diamanten Crystal AB &#8222;Gray&#8220; (grau ) (Code DMC) in runder oder quadratischer Form f\u00fcr Diamantmalerei (Diamond Painting ). Standardgr\u00f6\u00dfe: Perlen, die zu allen Marken passen (quadratisch: 2,5 mm, rund: 2,8 [&hellip;]<\/p>\n","protected":false},"featured_media":90824,"template":"","meta":{"footnotes":""},"product_brand":[],"product_cat":[7269,7244],"class_list":{"0":"post-63481","1":"product","2":"type-product","3":"status-publish","4":"has-post-thumbnail","6":"product_cat-crystal-ab-steine","7":"product_cat-spezielle-steine-ab-und-crystal-ab","9":"first","10":"instock","11":"sale","12":"taxable","13":"shipping-taxable","14":"purchasable","15":"product-type-variable"},"aioseo_notices":[],"_links":{"self":[{"href":"https:\/\/diamant-strass-dmc.com\/de\/wp-json\/wp\/v2\/product\/63481","targetHints":{"allow":["GET"]}}],"collection":[{"href":"https:\/\/diamant-strass-dmc.com\/de\/wp-json\/wp\/v2\/product"}],"about":[{"href":"https:\/\/diamant-strass-dmc.com\/de\/wp-json\/wp\/v2\/types\/product"}],"version-history":[{"count":0,"href":"https:\/\/diamant-strass-dmc.com\/de\/wp-json\/wp\/v2\/product\/63481\/revisions"}],"wp:featuredmedia":[{"embeddable":true,"href":"https:\/\/diamant-strass-dmc.com\/de\/wp-json\/wp\/v2\/media\/90824"}],"wp:attachment":[{"href":"https:\/\/diamant-strass-dmc.com\/de\/wp-json\/wp\/v2\/media?parent=63481"}],"wp:term":[{"taxonomy":"product_brand","embeddable":true,"href":"https:\/\/diamant-strass-dmc.com\/de\/wp-json\/wp\/v2\/product_brand?post=63481"},{"taxonomy":"product_cat","embeddable":true,"href":"https:\/\/diamant-strass-dmc.com\/de\/wp-json\/wp\/v2\/product_cat?post=63481"}],"curies":[{"name":"wp","href":"https:\/\/api.w.org\/{rel}","templated":true}]}}