{"id":55878,"date":"2023-02-01T20:11:14","date_gmt":"2023-02-25T04:31:42","guid":{"rendered":"https:\/\/diamant-strass-dmc.com\/perles-broderie\/schachtel-aufbewahrungsbehaelter-28-fach-diamond-painting\/"},"modified":"2024-01-14T14:53:21","modified_gmt":"2024-01-14T13:53:21","slug":"schachtel-aufbewahrungsbehalter-28-fach-diamond-painting","status":"publish","type":"product","link":"https:\/\/diamant-strass-dmc.com\/de\/perles-broderie\/schachtel-aufbewahrungsbehalter-28-fach-diamond-painting\/","title":{"rendered":"Aufbewahrungsbox f\u00fcr Perlen 28 F\u00e4cher"},"content":{"rendered":"<p>Pillendose-Stil.<\/p>\n<p>Die F\u00e4cher k\u00f6nnen aus der Schachtel herausgenommen werden. Sie werden zusammengeh\u00e4ngt, um Reihen von vier F\u00e4chern zu bilden (und k\u00f6nnen nicht voneinander getrennt werden).<br \/>\nEs gibt also 7 Reihen mit je 4 F\u00e4chern pro Schachtel.<\/p>\n","protected":false},"excerpt":{"rendered":"<p>&#8211; Wiederverschlie\u00dfbare Schachtel mit 2 Clips ;<br \/>\n&#8211; 28 F\u00e4cher ;<br \/>\n&#8211; 28 Etiketten bereitgestellt ;<br \/>\n&#8211; Ma\u00dfe: 17 x 11 cm.<\/p>\n","protected":false},"featured_media":55157,"template":"","meta":{"footnotes":""},"product_brand":[],"product_cat":[7179],"class_list":{"0":"post-55878","1":"product","2":"type-product","3":"status-publish","4":"has-post-thumbnail","6":"product_cat-zubehor","8":"first","9":"outofstock","10":"sale","11":"taxable","12":"shipping-taxable","13":"purchasable","14":"product-type-simple"},"aioseo_notices":[],"_links":{"self":[{"href":"https:\/\/diamant-strass-dmc.com\/de\/wp-json\/wp\/v2\/product\/55878","targetHints":{"allow":["GET"]}}],"collection":[{"href":"https:\/\/diamant-strass-dmc.com\/de\/wp-json\/wp\/v2\/product"}],"about":[{"href":"https:\/\/diamant-strass-dmc.com\/de\/wp-json\/wp\/v2\/types\/product"}],"version-history":[{"count":0,"href":"https:\/\/diamant-strass-dmc.com\/de\/wp-json\/wp\/v2\/product\/55878\/revisions"}],"wp:featuredmedia":[{"embeddable":true,"href":"https:\/\/diamant-strass-dmc.com\/de\/wp-json\/wp\/v2\/media\/55157"}],"wp:attachment":[{"href":"https:\/\/diamant-strass-dmc.com\/de\/wp-json\/wp\/v2\/media?parent=55878"}],"wp:term":[{"taxonomy":"product_brand","embeddable":true,"href":"https:\/\/diamant-strass-dmc.com\/de\/wp-json\/wp\/v2\/product_brand?post=55878"},{"taxonomy":"product_cat","embeddable":true,"href":"https:\/\/diamant-strass-dmc.com\/de\/wp-json\/wp\/v2\/product_cat?post=55878"}],"curies":[{"name":"wp","href":"https:\/\/api.w.org\/{rel}","templated":true}]}}