{"id":55047,"date":"2023-02-01T01:43:46","date_gmt":"2023-02-01T00:43:46","guid":{"rendered":"https:\/\/diamant-strass-dmc.com\/perles-broderie\/tete-stylo-metal-silver-or-diamond-painting\/"},"modified":"2023-11-26T21:20:27","modified_gmt":"2023-11-26T20:20:27","slug":"tete-stylo-metal-silver-or-diamond-painting","status":"publish","type":"product","link":"https:\/\/diamant-strass-dmc.com\/de\/perles-broderie\/tete-stylo-metal-silver-or-diamond-painting\/","title":{"rendered":"Kugelschreiberk\u00f6pfe aus silber- oder goldfarbenem Metall"},"content":{"rendered":"<p><span style=\"color:red;\"><strong>Das erste Bild zeigt die beiden verf\u00fcgbaren Boxen, aber der angezeigte Preis ist tats\u00e4chlich nur f\u00fcr eine Box.<\/strong><\/span><\/p>\n<p><strong>Inhalt der Box :<\/strong><br \/>\n&#8211; 2 K\u00f6pfe f\u00fcr 1 Diamant ;<br \/>\n&#8211; 1 abgewinkelter Kopf f\u00fcr 1 Diamant ;<br \/>\n&#8211; 1 Kopf f\u00fcr 3 Diamanten ;<br \/>\n&#8211; 1 Kopf f\u00fcr 4 Diamanten ;<br \/>\n&#8211; 1 Kopf f\u00fcr 5 Diamanten ;<br \/>\n&#8211; 1 Kopf f\u00fcr 6 Diamanten ;<br \/>\n&#8211; 1 Kopf f\u00fcr 7 Diamanten ;<br \/>\n&#8211; 1 Kopf f\u00fcr 8 Diamanten ;<br \/>\n&#8211; 1 Kopf f\u00fcr 9 Diamanten ;<br \/>\n&#8211; 1 Kopf f\u00fcr 10 Diamanten ;<br \/>\n&#8211; 1 Korrekturkopf.<\/p>\n<p>Der Korrekturkopf, der zwischen den Diamantreihen eingesetzt wird, sorgt daf\u00fcr, dass die Diamanten richtig positioniert werden.<\/p>\n","protected":false},"excerpt":{"rendered":"<p>&#8211; Aus rostfreiem Stahl<br \/>\n&#8211; Pr\u00e4sentiert in einer kleinen Plastikbox<\/p>\n","protected":false},"featured_media":54909,"template":"","meta":{"footnotes":""},"product_brand":[],"product_cat":[7179],"class_list":{"0":"post-55047","1":"product","2":"type-product","3":"status-publish","4":"has-post-thumbnail","6":"product_cat-zubehor","8":"first","9":"instock","10":"sale","11":"taxable","12":"shipping-taxable","13":"purchasable","14":"product-type-variable","15":"has-default-attributes"},"aioseo_notices":[],"_links":{"self":[{"href":"https:\/\/diamant-strass-dmc.com\/de\/wp-json\/wp\/v2\/product\/55047","targetHints":{"allow":["GET"]}}],"collection":[{"href":"https:\/\/diamant-strass-dmc.com\/de\/wp-json\/wp\/v2\/product"}],"about":[{"href":"https:\/\/diamant-strass-dmc.com\/de\/wp-json\/wp\/v2\/types\/product"}],"version-history":[{"count":0,"href":"https:\/\/diamant-strass-dmc.com\/de\/wp-json\/wp\/v2\/product\/55047\/revisions"}],"wp:featuredmedia":[{"embeddable":true,"href":"https:\/\/diamant-strass-dmc.com\/de\/wp-json\/wp\/v2\/media\/54909"}],"wp:attachment":[{"href":"https:\/\/diamant-strass-dmc.com\/de\/wp-json\/wp\/v2\/media?parent=55047"}],"wp:term":[{"taxonomy":"product_brand","embeddable":true,"href":"https:\/\/diamant-strass-dmc.com\/de\/wp-json\/wp\/v2\/product_brand?post=55047"},{"taxonomy":"product_cat","embeddable":true,"href":"https:\/\/diamant-strass-dmc.com\/de\/wp-json\/wp\/v2\/product_cat?post=55047"}],"curies":[{"name":"wp","href":"https:\/\/api.w.org\/{rel}","templated":true}]}}