{"id":55046,"date":"2023-02-01T03:24:35","date_gmt":"2023-02-01T02:24:35","guid":{"rendered":"https:\/\/diamant-strass-dmc.com\/perles-broderie\/tetes-stylo-metal-limited-edition\/"},"modified":"2023-11-26T21:20:28","modified_gmt":"2023-11-26T20:20:28","slug":"tetes-stylo-metal-limited-edition","status":"publish","type":"product","link":"https:\/\/diamant-strass-dmc.com\/de\/perles-broderie\/tetes-stylo-metal-limited-edition\/","title":{"rendered":"Kugelschreiberk\u00f6pfe aus Metall Limited Edition"},"content":{"rendered":"<p><span style=\"color:red;\"><strong>Einige Fotos zeigen die beiden verf\u00fcgbaren Boxen, aber der angezeigte Preis ist tats\u00e4chlich nur f\u00fcr eine Box.<\/strong><\/span><\/p>\n<p><strong>Inhalt der Box :<\/strong><br \/>\n&#8211; 1 Kopf f\u00fcr 1 Diamant ;<br \/>\n&#8211; 1 abgewinkelter Kopf f\u00fcr 1 Diamant ;<br \/>\n&#8211; 1 Kopf f\u00fcr 3 Diamanten ;<br \/>\n&#8211; 1 Kopf f\u00fcr 6 Diamanten ;<br \/>\n&#8211; 1 Kopf f\u00fcr 9 Diamanten ;<br \/>\n&#8211; 1 Korrekturkopf.<\/p>\n<p>Der Korrekturkopf, der zwischen den Diamantreihen eingesetzt wird, sorgt daf\u00fcr, dass die Diamanten richtig positioniert werden.<\/p>\n<p>Die Ohrst\u00f6psel der <strong>&#8222;Magic&#8220;<\/strong> -Box sind silberfarben, asymmetrisch und mit funkelnden Strasssteinen besetzt.<\/p>\n<p>Die Endst\u00fccke der <strong>&#8222;Renaissance&#8220;<\/strong> -Schatulle sind vergoldet und mit Arabesken graviert.<\/p>\n","protected":false},"excerpt":{"rendered":"<p>&#8211; Limitierte Auflage<br \/>\n&#8211; Aus rostfreiem Stahl<br \/>\n&#8211; Pr\u00e4sentiert in einer kleinen Plastikbox<\/p>\n","protected":false},"featured_media":116125,"template":"","meta":{"footnotes":""},"product_brand":[],"product_cat":[7179],"class_list":{"0":"post-55046","1":"product","2":"type-product","3":"status-publish","4":"has-post-thumbnail","6":"product_cat-zubehor","8":"first","9":"instock","10":"sale","11":"taxable","12":"shipping-taxable","13":"purchasable","14":"product-type-variable"},"aioseo_notices":[],"_links":{"self":[{"href":"https:\/\/diamant-strass-dmc.com\/de\/wp-json\/wp\/v2\/product\/55046","targetHints":{"allow":["GET"]}}],"collection":[{"href":"https:\/\/diamant-strass-dmc.com\/de\/wp-json\/wp\/v2\/product"}],"about":[{"href":"https:\/\/diamant-strass-dmc.com\/de\/wp-json\/wp\/v2\/types\/product"}],"version-history":[{"count":0,"href":"https:\/\/diamant-strass-dmc.com\/de\/wp-json\/wp\/v2\/product\/55046\/revisions"}],"wp:featuredmedia":[{"embeddable":true,"href":"https:\/\/diamant-strass-dmc.com\/de\/wp-json\/wp\/v2\/media\/116125"}],"wp:attachment":[{"href":"https:\/\/diamant-strass-dmc.com\/de\/wp-json\/wp\/v2\/media?parent=55046"}],"wp:term":[{"taxonomy":"product_brand","embeddable":true,"href":"https:\/\/diamant-strass-dmc.com\/de\/wp-json\/wp\/v2\/product_brand?post=55046"},{"taxonomy":"product_cat","embeddable":true,"href":"https:\/\/diamant-strass-dmc.com\/de\/wp-json\/wp\/v2\/product_cat?post=55046"}],"curies":[{"name":"wp","href":"https:\/\/api.w.org\/{rel}","templated":true}]}}