{"id":49262,"date":"2022-09-05T18:43:28","date_gmt":"2023-01-18T01:40:58","guid":{"rendered":"https:\/\/diamant-strass-dmc.com\/perles-broderie\/weihnachts-schluesseltuer-stickerei-diamond-painting\/"},"modified":"2023-11-26T21:20:16","modified_gmt":"2023-11-26T20:20:16","slug":"weihnachts-schlusseltur-stickerei-diamond-painting","status":"publish","type":"product","link":"https:\/\/diamant-strass-dmc.com\/de\/perles-broderie\/weihnachts-schlusseltur-stickerei-diamond-painting\/","title":{"rendered":"4 Schl\u00fcsselanh\u00e4nger f\u00fcr Weihnachten in Diamantstickerei"},"content":{"rendered":"<p><strong>Abmessungen der Schl\u00fcsselanh\u00e4nger (ohne Kette) in <\/strong><strong>Breite x H\u00f6he :<\/strong><br \/>\nTanne: 6 x 6,9 cm<br \/>\nSchneemann: 7,8 x 5 cm<br \/>\nMuffel: 6,9 x 5,1 cm<br \/>\nSocke: 4,7 x 7,3 cm<\/p>\n","protected":false},"excerpt":{"rendered":"<p><strong>Dieses Set enth\u00e4lt:<\/strong><\/p>\n<ul>\n<li>4 Elemente zum Sticken<\/li>\n<li>1 Stift mit Mundst\u00fcck<\/li>\n<li>Die Diamantbeutel<\/li>\n<li>1 Quadrat Klebstoff<\/li>\n<li>1 Tablett zum Sortieren von Diamanten<\/li>\n<li>4 Ketten + Befestigungen<\/li>\n<li>Leere Beutel zur Aufbewahrung von Diamanten<\/li>\n<\/ul>\n","protected":false},"featured_media":44281,"template":"","meta":{"footnotes":""},"product_brand":[],"product_cat":[7204],"class_list":{"0":"post-49262","1":"product","2":"type-product","3":"status-publish","4":"has-post-thumbnail","6":"product_cat-schlusselanhanger-mit-diamantstickerei","8":"first","9":"outofstock","10":"sale","11":"taxable","12":"shipping-taxable","13":"purchasable","14":"product-type-simple"},"aioseo_notices":[],"_links":{"self":[{"href":"https:\/\/diamant-strass-dmc.com\/de\/wp-json\/wp\/v2\/product\/49262","targetHints":{"allow":["GET"]}}],"collection":[{"href":"https:\/\/diamant-strass-dmc.com\/de\/wp-json\/wp\/v2\/product"}],"about":[{"href":"https:\/\/diamant-strass-dmc.com\/de\/wp-json\/wp\/v2\/types\/product"}],"version-history":[{"count":0,"href":"https:\/\/diamant-strass-dmc.com\/de\/wp-json\/wp\/v2\/product\/49262\/revisions"}],"wp:featuredmedia":[{"embeddable":true,"href":"https:\/\/diamant-strass-dmc.com\/de\/wp-json\/wp\/v2\/media\/44281"}],"wp:attachment":[{"href":"https:\/\/diamant-strass-dmc.com\/de\/wp-json\/wp\/v2\/media?parent=49262"}],"wp:term":[{"taxonomy":"product_brand","embeddable":true,"href":"https:\/\/diamant-strass-dmc.com\/de\/wp-json\/wp\/v2\/product_brand?post=49262"},{"taxonomy":"product_cat","embeddable":true,"href":"https:\/\/diamant-strass-dmc.com\/de\/wp-json\/wp\/v2\/product_cat?post=49262"}],"curies":[{"name":"wp","href":"https:\/\/api.w.org\/{rel}","templated":true}]}}