{"id":49027,"date":"2022-09-05T19:31:56","date_gmt":"2023-01-18T01:33:09","guid":{"rendered":"https:\/\/diamant-strass-dmc.com\/perles-broderie\/kreise-vogelhalter-sticken-diamant-diamond-painting\/"},"modified":"2023-12-03T16:22:54","modified_gmt":"2023-12-03T15:22:54","slug":"kreise-vogelhalter-sticken-diamant-diamond-painting","status":"publish","type":"product","link":"https:\/\/diamant-strass-dmc.com\/de\/perles-broderie\/kreise-vogelhalter-sticken-diamant-diamond-painting\/","title":{"rendered":"4 Schl\u00fcsselanh\u00e4nger V\u00f6gel in Diamantstickerei"},"content":{"rendered":"<p>Ma\u00dfe der Schl\u00fcsselanh\u00e4nger (ohne Kette): 7 x 5 cm.<\/p>\n","protected":false},"excerpt":{"rendered":"<p><strong>Dieses Set enth\u00e4lt:<\/strong><\/p>\n<ul>\n<li>4 Elemente zum Sticken<\/li>\n<li>1 Stift mit Mundst\u00fcck<\/li>\n<li>Die Diamantbeutel<\/li>\n<li>1 Quadrat Klebstoff<\/li>\n<li>1 Tablett zum Sortieren von Diamanten<\/li>\n<li>4 Ketten + Befestigungen<\/li>\n<li>Leere Beutel zur Aufbewahrung von Diamanten<\/li>\n<\/ul>\n","protected":false},"featured_media":44186,"template":"","meta":{"footnotes":""},"product_brand":[],"product_cat":[7204],"class_list":{"0":"post-49027","1":"product","2":"type-product","3":"status-publish","4":"has-post-thumbnail","6":"product_cat-schlusselanhanger-mit-diamantstickerei","8":"first","9":"outofstock","10":"sale","11":"taxable","12":"shipping-taxable","13":"purchasable","14":"product-type-simple"},"aioseo_notices":[],"_links":{"self":[{"href":"https:\/\/diamant-strass-dmc.com\/de\/wp-json\/wp\/v2\/product\/49027","targetHints":{"allow":["GET"]}}],"collection":[{"href":"https:\/\/diamant-strass-dmc.com\/de\/wp-json\/wp\/v2\/product"}],"about":[{"href":"https:\/\/diamant-strass-dmc.com\/de\/wp-json\/wp\/v2\/types\/product"}],"version-history":[{"count":0,"href":"https:\/\/diamant-strass-dmc.com\/de\/wp-json\/wp\/v2\/product\/49027\/revisions"}],"wp:featuredmedia":[{"embeddable":true,"href":"https:\/\/diamant-strass-dmc.com\/de\/wp-json\/wp\/v2\/media\/44186"}],"wp:attachment":[{"href":"https:\/\/diamant-strass-dmc.com\/de\/wp-json\/wp\/v2\/media?parent=49027"}],"wp:term":[{"taxonomy":"product_brand","embeddable":true,"href":"https:\/\/diamant-strass-dmc.com\/de\/wp-json\/wp\/v2\/product_brand?post=49027"},{"taxonomy":"product_cat","embeddable":true,"href":"https:\/\/diamant-strass-dmc.com\/de\/wp-json\/wp\/v2\/product_cat?post=49027"}],"curies":[{"name":"wp","href":"https:\/\/api.w.org\/{rel}","templated":true}]}}